{"id":169458,"date":"2025-05-23T00:00:00","date_gmt":"2025-05-23T05:00:00","guid":{"rendered":"https:\/\/gpl-love.com\/es\/producto\/cenote-pro\/"},"modified":"2026-03-13T17:37:28","modified_gmt":"2026-03-13T22:37:28","slug":"cenote-pro","status":"publish","type":"product","link":"https:\/\/gpl-love.com\/es\/producto\/cenote-pro\/","title":{"rendered":"Cenote Pro 2.2.4"},"content":{"rendered":"<h3>Cenote Pro Caracteristicas<\/h3>\n<p>Presentamos el tema Cenote Pro para WordPress, la soluci\u00f3n definitiva para crear sitios web impresionantes y profesionales con facilidad. Dise\u00f1ado pensando tanto en la est\u00e9tica como en la funcionalidad, este tema es perfecto para blogueros, empresas y creativos que buscan causar una buena impresi\u00f3n en l\u00ednea.<\/p>\n<p>Con Cenote Pro, disfrutar\u00e1s de una experiencia de creaci\u00f3n de sitios web fluida gracias a su interfaz intuitiva y funciones personalizables. Este tema ofrece una variedad de plantillas predise\u00f1adas, lo que te permite crear una apariencia \u00fanica que refleje la personalidad de tu marca. Tanto si eres un desarrollador experimentado como si eres principiante, Cenote Pro te resultar\u00e1 intuitivo y f\u00e1cil de usar.<\/p>\n<p>El tema Cenote Pro para WordPress es totalmente responsivo, lo que garantiza que tu sitio se vea incre\u00edble en cualquier dispositivo, desde computadoras de escritorio hasta smartphones. Su r\u00e1pida velocidad de carga y su optimizaci\u00f3n SEO te dan una ventaja competitiva, ayudando a que tu sitio web se posicione mejor en los resultados de b\u00fasqueda. Adem\u00e1s, con actualizaciones peri\u00f3dicas y soporte dedicado, puedes estar seguro de que tu sitio web siempre estar\u00e1 actualizado y seguro.<\/p>\n<ul>\n<li>Dise\u00f1o responsivo que garantiza compatibilidad en todos los dispositivos<\/li>\n<li>Optimizado para SEO para mejorar el posicionamiento en buscadores<\/li>\n<li>Dise\u00f1os personalizables con funci\u00f3n de arrastrar y soltar<\/li>\n<li>Integrado con creadores de p\u00e1ginas populares como Elementor y WPBakery<\/li>\n<li>Compatible con WooCommerce para una f\u00e1cil configuraci\u00f3n de tienda online<\/li>\n<li>Gr\u00e1ficos compatibles con pantallas Retina de alta resoluci\u00f3n<\/li>\n<li>Importaci\u00f3n de demos con un solo clic para una configuraci\u00f3n r\u00e1pida<\/li>\n<li>Opciones tipogr\u00e1ficas avanzadas con Google Fonts<\/li>\n<li>Compatible con traducci\u00f3n y plugins multiling\u00fces<\/li>\n<li>Funciones integradas de optimizaci\u00f3n del rendimiento<\/li>\n<\/ul>\n","protected":false},"excerpt":{"rendered":"<p>Descubre el tema Cenote Pro para WordPress, dise\u00f1ado para blogueros que buscan elegancia y funcionalidad. Este vers\u00e1til tema ofrece dise\u00f1os personalizables, dise\u00f1o responsivo e integraci\u00f3n perfecta con plugins populares, mejorando el rendimiento y la experiencia de usuario de tu sitio. Con su intuitivo constructor de arrastrar y soltar, crear sitios web impactantes y profesionales nunca ha sido tan f\u00e1cil. Optimiza tu contenido con funciones SEO integradas, lo que garantiza una mayor visibilidad en los resultados de b\u00fasqueda. Perfecto para blogs personales o sitios web empresariales, el tema Cenote Pro para WordPress es tu puerta de entrada a una presencia online cautivadora. Impulsa tu sitio web hoy mismo con este tema potente e intuitivo y conecta con tu p\u00fablico como nunca antes.<\/p>\n","protected":false},"featured_media":169459,"comment_status":"open","ping_status":"open","template":"","meta":[],"product_brand":[2723],"product_cat":[1245,1237,1238],"product_tag":[2166],"class_list":{"0":"post-169458","1":"product","2":"type-product","3":"status-publish","4":"has-post-thumbnail","6":"product_brand-themegrill","7":"product_cat-blog-revista","8":"product_cat-temas","9":"product_cat-wordpress-temas","10":"product_tag-themegrill","11":"member-discount","12":"discount-restricted","14":"first","15":"instock","16":"sale","17":"downloadable","18":"virtual","19":"sold-individually","20":"purchasable","21":"product-type-simple"},"_links":{"self":[{"href":"https:\/\/gpl-love.com\/es\/wp-json\/wp\/v2\/product\/169458","targetHints":{"allow":["GET"]}}],"collection":[{"href":"https:\/\/gpl-love.com\/es\/wp-json\/wp\/v2\/product"}],"about":[{"href":"https:\/\/gpl-love.com\/es\/wp-json\/wp\/v2\/types\/product"}],"replies":[{"embeddable":true,"href":"https:\/\/gpl-love.com\/es\/wp-json\/wp\/v2\/comments?post=169458"}],"wp:featuredmedia":[{"embeddable":true,"href":"https:\/\/gpl-love.com\/es\/wp-json\/wp\/v2\/media\/169459"}],"wp:attachment":[{"href":"https:\/\/gpl-love.com\/es\/wp-json\/wp\/v2\/media?parent=169458"}],"wp:term":[{"taxonomy":"product_brand","embeddable":true,"href":"https:\/\/gpl-love.com\/es\/wp-json\/wp\/v2\/product_brand?post=169458"},{"taxonomy":"product_cat","embeddable":true,"href":"https:\/\/gpl-love.com\/es\/wp-json\/wp\/v2\/product_cat?post=169458"},{"taxonomy":"product_tag","embeddable":true,"href":"https:\/\/gpl-love.com\/es\/wp-json\/wp\/v2\/product_tag?post=169458"}],"curies":[{"name":"wp","href":"https:\/\/api.w.org\/{rel}","templated":true}]}}