{"id":169456,"date":"2025-06-24T00:00:00","date_gmt":"2025-06-24T05:00:00","guid":{"rendered":"https:\/\/gpl-love.com\/es\/producto\/flash-pro\/"},"modified":"2026-03-13T17:37:27","modified_gmt":"2026-03-13T22:37:27","slug":"flash-pro","status":"publish","type":"product","link":"https:\/\/gpl-love.com\/es\/producto\/flash-pro\/","title":{"rendered":"Flash Pro 2.4.16"},"content":{"rendered":"<h3>Flash Pro Caracteristicas<\/h3>\n<p>Presentamos el tema Flash Pro para WordPress, la soluci\u00f3n definitiva para crear sitios web impactantes y responsivos con facilidad. Tanto si eres un desarrollador experimentado como si eres principiante, Flash Pro ofrece una experiencia fluida con su interfaz intuitiva y potentes opciones de personalizaci\u00f3n. Este tema est\u00e1 dise\u00f1ado para mejorar el rendimiento y la est\u00e9tica de tu sitio, garantizando una apariencia profesional que cautivar\u00e1 a tu audiencia.<\/p>\n<p>El tema Flash Pro para WordPress est\u00e1 repleto de funciones que llevar\u00e1n tu sitio web a nuevas alturas. Disfruta de la flexibilidad de sus m\u00faltiples opciones de dise\u00f1o, que te permiten adaptar tu sitio a tus necesidades espec\u00edficas. Con su optimizaci\u00f3n SEO integrada, tu sitio web mejorar\u00e1 su posicionamiento en los resultados de b\u00fasqueda, generando m\u00e1s tr\u00e1fico y aumentando la interacci\u00f3n.<\/p>\n<p>Disfruta de la comodidad de la instalaci\u00f3n de la demo con un solo clic, que facilita la configuraci\u00f3n de tu sitio en minutos. El tema es totalmente compatible con los plugins m\u00e1s populares, lo que mejora la funcionalidad y ofrece infinitas posibilidades para tu sitio web. Flash Pro tambi\u00e9n est\u00e1 optimizado para la velocidad, garantizando tiempos de carga r\u00e1pidos y una experiencia de usuario fluida.<\/p>\n<ul>\n<li>Dise\u00f1o totalmente adaptable para una visualizaci\u00f3n fluida en todos los dispositivos<\/li>\n<li>Creador de p\u00e1ginas f\u00e1cil de usar con funci\u00f3n de arrastrar y soltar<\/li>\n<li>M\u00faltiples opciones de dise\u00f1o personalizables<\/li>\n<li>Herramientas de optimizaci\u00f3n SEO integradas<\/li>\n<li>Gr\u00e1ficos compatibles con pantallas Retina de alta resoluci\u00f3n<\/li>\n<li>Compatibilidad con WooCommerce para tiendas online<\/li>\n<li>Amplia biblioteca de plantillas predise\u00f1adas<\/li>\n<li>Funciones integradas de optimizaci\u00f3n del rendimiento<\/li>\n<li>Compatibilidad multiling\u00fce con archivos listos para traducir<\/li>\n<\/ul>\n","protected":false},"excerpt":{"rendered":"<p>Presentamos el tema Flash Pro para WordPress: mejora tu sitio web sin esfuerzo con este dise\u00f1o din\u00e1mico e intuitivo. Perfecto tanto para blogueros como para empresas, Flash Pro ofrece una personalizaci\u00f3n fluida, dise\u00f1os adaptables y un rendimiento ultrarr\u00e1pido. Con su interfaz intuitiva, puedes crear p\u00e1ginas impresionantes f\u00e1cilmente sin necesidad de conocimientos de programaci\u00f3n. Disfruta de optimizaci\u00f3n SEO, funciones de seguridad mejoradas y compatibilidad con plugins populares para optimizar la funcionalidad de tu sitio. Elige Flash Pro para una apariencia elegante y profesional que cautivar\u00e1 a tu audiencia y potenciar\u00e1 tu presencia online. \u00a1Transforma tu experiencia en WordPress con Flash Pro hoy mismo!<\/p>\n","protected":false},"featured_media":169457,"comment_status":"open","ping_status":"open","template":"","meta":[],"product_brand":[2723],"product_cat":[1239,1237,1238],"product_tag":[2166],"class_list":{"0":"post-169456","1":"product","2":"type-product","3":"status-publish","4":"has-post-thumbnail","6":"product_brand-themegrill","7":"product_cat-de-multiples-fines","8":"product_cat-temas","9":"product_cat-wordpress-temas","10":"product_tag-themegrill","11":"member-discount","12":"discount-restricted","14":"first","15":"instock","16":"sale","17":"downloadable","18":"virtual","19":"sold-individually","20":"purchasable","21":"product-type-simple"},"_links":{"self":[{"href":"https:\/\/gpl-love.com\/es\/wp-json\/wp\/v2\/product\/169456","targetHints":{"allow":["GET"]}}],"collection":[{"href":"https:\/\/gpl-love.com\/es\/wp-json\/wp\/v2\/product"}],"about":[{"href":"https:\/\/gpl-love.com\/es\/wp-json\/wp\/v2\/types\/product"}],"replies":[{"embeddable":true,"href":"https:\/\/gpl-love.com\/es\/wp-json\/wp\/v2\/comments?post=169456"}],"wp:featuredmedia":[{"embeddable":true,"href":"https:\/\/gpl-love.com\/es\/wp-json\/wp\/v2\/media\/169457"}],"wp:attachment":[{"href":"https:\/\/gpl-love.com\/es\/wp-json\/wp\/v2\/media?parent=169456"}],"wp:term":[{"taxonomy":"product_brand","embeddable":true,"href":"https:\/\/gpl-love.com\/es\/wp-json\/wp\/v2\/product_brand?post=169456"},{"taxonomy":"product_cat","embeddable":true,"href":"https:\/\/gpl-love.com\/es\/wp-json\/wp\/v2\/product_cat?post=169456"},{"taxonomy":"product_tag","embeddable":true,"href":"https:\/\/gpl-love.com\/es\/wp-json\/wp\/v2\/product_tag?post=169456"}],"curies":[{"name":"wp","href":"https:\/\/api.w.org\/{rel}","templated":true}]}}