{"id":169454,"date":"2025-05-23T00:00:00","date_gmt":"2025-05-23T05:00:00","guid":{"rendered":"https:\/\/gpl-love.com\/es\/producto\/ample-pro\/"},"modified":"2026-03-13T17:37:26","modified_gmt":"2026-03-13T22:37:26","slug":"ample-pro","status":"publish","type":"product","link":"https:\/\/gpl-love.com\/es\/producto\/ample-pro\/","title":{"rendered":"Ample Pro 2.2.15"},"content":{"rendered":"<h3>Ample Pro Caracteristicas<\/h3>\n<p>Presentamos el tema Ample Pro para WordPress: la soluci\u00f3n definitiva para crear sitios web impactantes con facilidad y estilo. Ya seas bloguero, empresario o profesional creativo, Ample Pro te ofrece una experiencia fluida y adaptada a tus necesidades.<\/p>\n<p>Este flexible tema para WordPress est\u00e1 dise\u00f1ado para mejorar tu presencia online gracias a su interfaz intuitiva y potentes opciones de personalizaci\u00f3n. Ample Pro incluye numerosas funciones que te permiten crear sitios web responsivos y optimizados para dispositivos m\u00f3viles que se ven geniales en cualquier dispositivo. Con su funci\u00f3n de arrastrar y soltar, puedes dise\u00f1ar tu sitio web f\u00e1cilmente sin necesidad de conocimientos de programaci\u00f3n.<\/p>\n<p>El dise\u00f1o elegante y moderno de Ample Pro es perfecto para mostrar tu contenido, ya sea un portafolio, un blog o una tienda online. Su estructura optimizada para SEO garantiza que tu sitio web tenga un mejor posicionamiento en los resultados de b\u00fasqueda, atrayendo a m\u00e1s visitantes y clientes potenciales.<\/p>\n<p>Elige entre una variedad de plantillas y dise\u00f1os predise\u00f1ados o crea tu propio estilo \u00fanico para destacar entre la competencia.<\/p>\n<ul>\n<li>Dise\u00f1o responsivo para una visualizaci\u00f3n \u00f3ptima en todos los dispositivos<\/li>\n<li>Altamente personalizable con una interfaz intuitiva<\/li>\n<li>Optimizado para SEO para mejorar el posicionamiento en buscadores<\/li>\n<li>M\u00faltiples opciones de dise\u00f1o para dise\u00f1os de p\u00e1gina vers\u00e1tiles<\/li>\n<li>Integrado con plugins populares para una mayor funcionalidad<\/li>\n<li>Tiempos de carga r\u00e1pidos para una mejor experiencia de usuario<\/li>\n<li>Widgets personalizables integrados para mayor comodidad<\/li>\n<li>Compatibilidad con varios idiomas para un alcance global<\/li>\n<li>Compatible con WooCommerce para una f\u00e1cil configuraci\u00f3n de la tienda online<\/li>\n<\/ul>\n","protected":false},"excerpt":{"rendered":"<p>Presentamos el tema Ample Pro para WordPress, la soluci\u00f3n definitiva para crear sitios web impactantes y responsivos con facilidad. Dise\u00f1ado para ofrecer versatilidad y rendimiento, este tema premium ofrece una personalizaci\u00f3n impecable, funciones avanzadas y un soporte inigualable. Perfecto para blogueros, empresas y creativos, Ample Pro garantiza que tu sitio web destaque gracias a su dise\u00f1o limpio y su interfaz intuitiva. Disfruta de tiempos de carga r\u00e1pidos, optimizaci\u00f3n SEO y compatibilidad con plugins populares. Impulsa tu presencia online hoy mismo con el tema Ample Pro para WordPress, donde la funcionalidad se une a la elegancia.<\/p>\n","protected":false},"featured_media":169455,"comment_status":"open","ping_status":"open","template":"","meta":[],"product_brand":[2723],"product_cat":[1307,1237,1238],"product_tag":[2166],"class_list":{"0":"post-169454","1":"product","2":"type-product","3":"status-publish","4":"has-post-thumbnail","6":"product_brand-themegrill","7":"product_cat-negocio-wordpress-temas","8":"product_cat-temas","9":"product_cat-wordpress-temas","10":"product_tag-themegrill","11":"member-discount","12":"discount-restricted","14":"first","15":"instock","16":"sale","17":"downloadable","18":"virtual","19":"sold-individually","20":"purchasable","21":"product-type-simple"},"_links":{"self":[{"href":"https:\/\/gpl-love.com\/es\/wp-json\/wp\/v2\/product\/169454","targetHints":{"allow":["GET"]}}],"collection":[{"href":"https:\/\/gpl-love.com\/es\/wp-json\/wp\/v2\/product"}],"about":[{"href":"https:\/\/gpl-love.com\/es\/wp-json\/wp\/v2\/types\/product"}],"replies":[{"embeddable":true,"href":"https:\/\/gpl-love.com\/es\/wp-json\/wp\/v2\/comments?post=169454"}],"wp:featuredmedia":[{"embeddable":true,"href":"https:\/\/gpl-love.com\/es\/wp-json\/wp\/v2\/media\/169455"}],"wp:attachment":[{"href":"https:\/\/gpl-love.com\/es\/wp-json\/wp\/v2\/media?parent=169454"}],"wp:term":[{"taxonomy":"product_brand","embeddable":true,"href":"https:\/\/gpl-love.com\/es\/wp-json\/wp\/v2\/product_brand?post=169454"},{"taxonomy":"product_cat","embeddable":true,"href":"https:\/\/gpl-love.com\/es\/wp-json\/wp\/v2\/product_cat?post=169454"},{"taxonomy":"product_tag","embeddable":true,"href":"https:\/\/gpl-love.com\/es\/wp-json\/wp\/v2\/product_tag?post=169454"}],"curies":[{"name":"wp","href":"https:\/\/api.w.org\/{rel}","templated":true}]}}