{"id":169450,"date":"2026-03-23T00:00:00","date_gmt":"2026-03-23T05:00:00","guid":{"rendered":"https:\/\/gpl-love.com\/es\/producto\/supportcandy-edd-integration\/"},"modified":"2026-03-23T17:17:02","modified_gmt":"2026-03-23T22:17:02","slug":"supportcandy-edd-integration","status":"publish","type":"product","link":"https:\/\/gpl-love.com\/es\/producto\/supportcandy-edd-integration\/","title":{"rendered":"SupportCandy EDD Integration 3.1.6"},"content":{"rendered":"<h3>SupportCandy EDD Integration Caracteristicas<\/h3>\n<p>Presentamos la integraci\u00f3n EDD de SupportCandy, \u00a1la soluci\u00f3n definitiva para una atenci\u00f3n al cliente fluida y una gesti\u00f3n eficiente del comercio electr\u00f3nico! Dise\u00f1ada espec\u00edficamente para usuarios de Easy Digital Downloads (EDD), esta integraci\u00f3n mejora la experiencia de su tienda digital al conectar a la perfecci\u00f3n sus tickets de soporte con sus datos de ventas.<\/p>\n<p>Con la integraci\u00f3n EDD de SupportCandy, puede gestionar f\u00e1cilmente todas las consultas de sus clientes desde una ubicaci\u00f3n centralizada, optimizando su flujo de trabajo y mejorando la satisfacci\u00f3n del cliente. Esta robusta herramienta le permite ver el historial de compras directamente desde un ticket de soporte, garantizando que su equipo cuente con toda la informaci\u00f3n necesaria para brindar un soporte r\u00e1pido y personalizado.<\/p>\n<p>\u00a1Imagine el poder de tener todas sus ventas digitales e interacciones con los clientes sincronizadas! Esta integraci\u00f3n no solo impulsa la productividad de su equipo, sino que tambi\u00e9n mejora los tiempos de respuesta, ayud\u00e1ndole a construir relaciones m\u00e1s s\u00f3lidas con sus clientes. Dile adi\u00f3s a los datos dispersos y da la bienvenida a un sistema de soporte unificado que optimiza las capacidades de su plataforma EDD.<\/p>\n<ul>\n<li>Integraci\u00f3n perfecta con Easy Digital Downloads (EDD)<\/li>\n<li>Creaci\u00f3n autom\u00e1tica de tickets para compras EDD<\/li>\n<li>Compatibilidad con precios variables y paquetes de productos EDD<\/li>\n<li>Campos de ticket personalizables seg\u00fan el producto<\/li>\n<li>Sincronizaci\u00f3n de la informaci\u00f3n del cliente de EDD con SupportCandy<\/li>\n<li>Proporciona un historial detallado de tickets y registros de compras<\/li>\n<li>Compatibilidad con pagos recurrentes EDD<\/li>\n<li>Notificaciones por correo electr\u00f3nico para actualizaciones de tickets<\/li>\n<li>Compatibilidad con varios idiomas<\/li>\n<\/ul>\n","protected":false},"excerpt":{"rendered":"<p>Mejore su experiencia de comercio electr\u00f3nico con la integraci\u00f3n EDD de SupportCandy, una soluci\u00f3n integral dise\u00f1ada para optimizar su tienda digital. Gestione f\u00e1cilmente las consultas de sus clientes, agilice los procesos de soporte y aumente su satisfacci\u00f3n con esta potente herramienta. La integraci\u00f3n es f\u00e1cil de implementar y ofrece gesti\u00f3n de tickets en tiempo real y funciones avanzadas de informes. Perfecta para empresas que buscan mejorar la eficiencia y la atenci\u00f3n al cliente, esta integraci\u00f3n garantiza que su equipo de soporte est\u00e9 siempre capacitado para atender las necesidades de los clientes con eficacia. Transforme su tienda digital hoy mismo con la integraci\u00f3n EDD de SupportCandy y experimente un nuevo nivel de excelencia operativa.<\/p>\n","protected":false},"featured_media":169451,"comment_status":"open","ping_status":"open","template":"","meta":[],"product_brand":[2570],"product_cat":[1214,1206,1211],"product_tag":[1808],"class_list":{"0":"post-169450","1":"product","2":"type-product","3":"status-publish","4":"has-post-thumbnail","6":"product_brand-supportcandy","7":"product_cat-personalizacion","8":"product_cat-plugins","9":"product_cat-wordpress-plugins","10":"product_tag-supportcandy","11":"member-discount","12":"discount-restricted","14":"first","15":"instock","16":"sale","17":"downloadable","18":"virtual","19":"sold-individually","20":"purchasable","21":"product-type-simple"},"_links":{"self":[{"href":"https:\/\/gpl-love.com\/es\/wp-json\/wp\/v2\/product\/169450","targetHints":{"allow":["GET"]}}],"collection":[{"href":"https:\/\/gpl-love.com\/es\/wp-json\/wp\/v2\/product"}],"about":[{"href":"https:\/\/gpl-love.com\/es\/wp-json\/wp\/v2\/types\/product"}],"replies":[{"embeddable":true,"href":"https:\/\/gpl-love.com\/es\/wp-json\/wp\/v2\/comments?post=169450"}],"wp:featuredmedia":[{"embeddable":true,"href":"https:\/\/gpl-love.com\/es\/wp-json\/wp\/v2\/media\/169451"}],"wp:attachment":[{"href":"https:\/\/gpl-love.com\/es\/wp-json\/wp\/v2\/media?parent=169450"}],"wp:term":[{"taxonomy":"product_brand","embeddable":true,"href":"https:\/\/gpl-love.com\/es\/wp-json\/wp\/v2\/product_brand?post=169450"},{"taxonomy":"product_cat","embeddable":true,"href":"https:\/\/gpl-love.com\/es\/wp-json\/wp\/v2\/product_cat?post=169450"},{"taxonomy":"product_tag","embeddable":true,"href":"https:\/\/gpl-love.com\/es\/wp-json\/wp\/v2\/product_tag?post=169450"}],"curies":[{"name":"wp","href":"https:\/\/api.w.org\/{rel}","templated":true}]}}