{"id":169448,"date":"2025-12-07T00:00:00","date_gmt":"2025-12-07T05:00:00","guid":{"rendered":"https:\/\/gpl-love.com\/es\/producto\/basel\/"},"modified":"2026-03-13T17:37:25","modified_gmt":"2026-03-13T22:37:25","slug":"basel","status":"publish","type":"product","link":"https:\/\/gpl-love.com\/es\/producto\/basel\/","title":{"rendered":"Basel 5.9.3"},"content":{"rendered":"<h3>Basel Caracteristicas<\/h3>\n<p>Presentamos el tema Basel para WordPress: la soluci\u00f3n definitiva para crear sitios web de comercio electr\u00f3nico impactantes. Este vers\u00e1til tema es perfecto para quienes buscan crear una tienda online con facilidad y estilo. Basel es un tema potente y responsivo para WordPress, dise\u00f1ado espec\u00edficamente para tiendas WooCommerce.<\/p>\n<p>Con su dise\u00f1o limpio y minimalista, Basel ofrece una experiencia de compra fluida para tus clientes. El tema es totalmente personalizable, lo que te permite adaptar cada aspecto de tu sitio web a la identidad \u00fanica de tu marca. El creador de p\u00e1ginas de arrastrar y soltar de Basel facilita la creaci\u00f3n de dise\u00f1os atractivos sin necesidad de conocimientos de programaci\u00f3n.<\/p>\n<p>El tema Basel para WordPress tambi\u00e9n est\u00e1 optimizado para la velocidad y el SEO, lo que garantiza que tu sitio web tenga un buen posicionamiento en los resultados de b\u00fasqueda. Su dise\u00f1o responsivo garantiza que tu sitio se vea genial en cualquier dispositivo, desde ordenadores hasta m\u00f3viles. Adem\u00e1s, Basel ofrece una variedad de dise\u00f1os y m\u00e1scaras predise\u00f1adas, lo que facilita empezar r\u00e1pidamente.<\/p>\n<p>Tanto si eres propietario de una peque\u00f1a empresa como desarrollador web profesional, Basel te proporciona las herramientas que necesitas para triunfar online.<\/p>\n<ul>\n<li>Dise\u00f1o totalmente adaptable<\/li>\n<li>Gr\u00e1ficos compatibles con pantalla Retina<\/li>\n<li>Dise\u00f1os de p\u00e1gina personalizables<\/li>\n<li>Creador de p\u00e1ginas de arrastrar y soltar<\/li>\n<li>Optimizado para SEO<\/li>\n<li>Compatible con WooCommerce<\/li>\n<li>Importaci\u00f3n de demos con un solo clic<\/li>\n<li>Compatibilidad con varios idiomas<\/li>\n<li>Amplio panel de opciones de tema<\/li>\n<\/ul>\n","protected":false},"excerpt":{"rendered":"<p>Descubre la m\u00e1xima flexibilidad de dise\u00f1o con el tema Basel para WordPress, perfecto para crear sitios web de comercio electr\u00f3nico impactantes y responsivos. Este tema moderno y vers\u00e1til cuenta con funciones avanzadas de arrastrar y soltar, una integraci\u00f3n perfecta con WooCommerce y dise\u00f1os personalizables para adaptarse a cualquier marca. El dise\u00f1o de Basel, compatible con dispositivos retina, garantiza que tu sitio se vea impecable en todos los dispositivos, mientras que su optimizaci\u00f3n SEO te ayuda a mejorar tu posicionamiento en buscadores. Con amplia documentaci\u00f3n y soporte dedicado, crear la tienda online de tus sue\u00f1os nunca ha sido tan f\u00e1cil. Impulsa tu presencia web hoy mismo con el tema Basel para WordPress, la opci\u00f3n ideal para empresas que buscan estilo y rendimiento.<\/p>\n","protected":false},"featured_media":169449,"comment_status":"open","ping_status":"open","template":"","meta":[],"product_brand":[2337],"product_cat":[1239,1237,1238],"product_tag":[1391],"class_list":{"0":"post-169448","1":"product","2":"type-product","3":"status-publish","4":"has-post-thumbnail","6":"product_brand-themeforest","7":"product_cat-de-multiples-fines","8":"product_cat-temas","9":"product_cat-wordpress-temas","10":"product_tag-themeforest","11":"member-discount","12":"discount-restricted","14":"first","15":"instock","16":"sale","17":"downloadable","18":"virtual","19":"sold-individually","20":"purchasable","21":"product-type-simple"},"_links":{"self":[{"href":"https:\/\/gpl-love.com\/es\/wp-json\/wp\/v2\/product\/169448","targetHints":{"allow":["GET"]}}],"collection":[{"href":"https:\/\/gpl-love.com\/es\/wp-json\/wp\/v2\/product"}],"about":[{"href":"https:\/\/gpl-love.com\/es\/wp-json\/wp\/v2\/types\/product"}],"replies":[{"embeddable":true,"href":"https:\/\/gpl-love.com\/es\/wp-json\/wp\/v2\/comments?post=169448"}],"wp:featuredmedia":[{"embeddable":true,"href":"https:\/\/gpl-love.com\/es\/wp-json\/wp\/v2\/media\/169449"}],"wp:attachment":[{"href":"https:\/\/gpl-love.com\/es\/wp-json\/wp\/v2\/media?parent=169448"}],"wp:term":[{"taxonomy":"product_brand","embeddable":true,"href":"https:\/\/gpl-love.com\/es\/wp-json\/wp\/v2\/product_brand?post=169448"},{"taxonomy":"product_cat","embeddable":true,"href":"https:\/\/gpl-love.com\/es\/wp-json\/wp\/v2\/product_cat?post=169448"},{"taxonomy":"product_tag","embeddable":true,"href":"https:\/\/gpl-love.com\/es\/wp-json\/wp\/v2\/product_tag?post=169448"}],"curies":[{"name":"wp","href":"https:\/\/api.w.org\/{rel}","templated":true}]}}