{"id":169446,"date":"2025-09-19T00:00:00","date_gmt":"2025-09-19T05:00:00","guid":{"rendered":"https:\/\/gpl-love.com\/es\/producto\/mainwp-advanced-uptime-monitor\/"},"modified":"2026-03-09T08:50:46","modified_gmt":"2026-03-09T13:50:46","slug":"mainwp-advanced-uptime-monitor","status":"publish","type":"product","link":"https:\/\/gpl-love.com\/es\/producto\/mainwp-advanced-uptime-monitor\/","title":{"rendered":"MainWP Advanced Uptime Monitor 5.3.3"},"content":{"rendered":"<h3>MainWP Advanced Uptime Monitor Caracteristicas<\/h3>\n<p>Presentamos MainWP Advanced Uptime Monitor, la soluci\u00f3n definitiva para garantizar la fiabilidad y el rendimiento de su sitio web. \u00bfCansado de que las interrupciones inesperadas afecten a su negocio? Con MainWP Advanced Uptime Monitor, tendr\u00e1 la tranquilidad de saber que su sitio web est\u00e1 bajo supervisi\u00f3n constante.<\/p>\n<p>Esta potente herramienta est\u00e1 dise\u00f1ada para integrarse a la perfecci\u00f3n con su configuraci\u00f3n actual de MainWP, proporcion\u00e1ndole alertas en tiempo real e informes completos. Recibir\u00e1 notificaciones inmediatas sobre cualquier problema, lo que le permitir\u00e1 actuar con rapidez y minimizar el impacto potencial en sus visitantes e ingresos.<\/p>\n<p>MainWP Advanced Uptime Monitor no solo monitoriza el tiempo de actividad, sino que tambi\u00e9n proporciona informaci\u00f3n valiosa sobre el rendimiento de su sitio web, ayud\u00e1ndole a optimizarlo para una mayor velocidad y fiabilidad. Su interfaz intuitiva facilita la comprensi\u00f3n y el uso de cualquier persona sin necesidad de conocimientos t\u00e9cnicos.<\/p>\n<p>Mant\u00e9ngase a la vanguardia de la competencia garantizando que su sitio web est\u00e9 siempre accesible para su p\u00fablico.<\/p>\n<ul>\n<li>Monitoreo del tiempo de actividad del sitio web en tiempo real<\/li>\n<li>Alertas instant\u00e1neas de inactividad por correo electr\u00f3nico o SMS<\/li>\n<li>Informes y an\u00e1lisis detallados de inactividad<\/li>\n<li>Intervalos de monitoreo personalizables<\/li>\n<li>F\u00e1cil integraci\u00f3n con el panel de control de MainWP<\/li>\n<li>Compatible con m\u00faltiples sitios web y dominios<\/li>\n<li>Seguimiento de datos hist\u00f3ricos de tiempo de actividad<\/li>\n<li>Interfaz intuitiva para una configuraci\u00f3n r\u00e1pida<\/li>\n<li>Monitoreo de certificados SSL incluido<\/li>\n<li>Escalable para grandes redes y empresas<\/li>\n<\/ul>\n","protected":false},"excerpt":{"rendered":"<p>Presentamos MainWP Advanced Uptime Monitor, la soluci\u00f3n definitiva para garantizar la fiabilidad y el rendimiento de su sitio web. Esta potente herramienta ofrece monitorizaci\u00f3n en tiempo real, alertas instant\u00e1neas e informes detallados para que su sitio web funcione a la perfecci\u00f3n. Con funciones avanzadas como el seguimiento del tiempo de inactividad, el an\u00e1lisis del rendimiento y las notificaciones personalizables, no se perder\u00e1 nada. Dise\u00f1ado para webmasters con mucha actividad, MainWP Advanced Uptime Monitor ahorra tiempo y optimiza la eficiencia del sitio web, ofreciendo tranquilidad y una experiencia de usuario fluida. Tanto si gestiona un solo sitio web como varios dominios, conf\u00ede en MainWP para una garant\u00eda de disponibilidad inigualable y una gesti\u00f3n web optimizada.<\/p>\n","protected":false},"featured_media":169447,"comment_status":"open","ping_status":"open","template":"","meta":[],"product_brand":[2491],"product_cat":[1212,1206,1211],"product_tag":[1324],"class_list":{"0":"post-169446","1":"product","2":"type-product","3":"status-publish","4":"has-post-thumbnail","6":"product_brand-main-wp","7":"product_cat-administracion-wordpress-plugins","8":"product_cat-plugins","9":"product_cat-wordpress-plugins","10":"product_tag-main-wp","11":"member-discount","12":"discount-restricted","14":"first","15":"instock","16":"sale","17":"downloadable","18":"virtual","19":"sold-individually","20":"purchasable","21":"product-type-simple"},"_links":{"self":[{"href":"https:\/\/gpl-love.com\/es\/wp-json\/wp\/v2\/product\/169446","targetHints":{"allow":["GET"]}}],"collection":[{"href":"https:\/\/gpl-love.com\/es\/wp-json\/wp\/v2\/product"}],"about":[{"href":"https:\/\/gpl-love.com\/es\/wp-json\/wp\/v2\/types\/product"}],"replies":[{"embeddable":true,"href":"https:\/\/gpl-love.com\/es\/wp-json\/wp\/v2\/comments?post=169446"}],"wp:featuredmedia":[{"embeddable":true,"href":"https:\/\/gpl-love.com\/es\/wp-json\/wp\/v2\/media\/169447"}],"wp:attachment":[{"href":"https:\/\/gpl-love.com\/es\/wp-json\/wp\/v2\/media?parent=169446"}],"wp:term":[{"taxonomy":"product_brand","embeddable":true,"href":"https:\/\/gpl-love.com\/es\/wp-json\/wp\/v2\/product_brand?post=169446"},{"taxonomy":"product_cat","embeddable":true,"href":"https:\/\/gpl-love.com\/es\/wp-json\/wp\/v2\/product_cat?post=169446"},{"taxonomy":"product_tag","embeddable":true,"href":"https:\/\/gpl-love.com\/es\/wp-json\/wp\/v2\/product_tag?post=169446"}],"curies":[{"name":"wp","href":"https:\/\/api.w.org\/{rel}","templated":true}]}}