{"id":169444,"date":"2025-11-26T00:00:00","date_gmt":"2025-11-26T05:00:00","guid":{"rendered":"https:\/\/gpl-love.com\/es\/producto\/magic-login-pro\/"},"modified":"2026-04-02T05:16:52","modified_gmt":"2026-04-02T10:16:52","slug":"magic-login-pro","status":"publish","type":"product","link":"https:\/\/gpl-love.com\/es\/producto\/magic-login-pro\/","title":{"rendered":"Magic Login Pro 2.7.1"},"content":{"rendered":"<h3>Magic Login Pro Caracteristicas<\/h3>\n<p>Presentamos Magic Login Pro, la soluci\u00f3n definitiva para un acceso seguro y sin complicaciones a tu mundo digital. Olv\u00eddate de la tediosa gesti\u00f3n de contrase\u00f1as con nuestro innovador sistema de inicio de sesi\u00f3n, que combina tecnolog\u00eda de vanguardia con un dise\u00f1o intuitivo. Magic Login Pro ofrece una experiencia inigualable, garantizando tu seguridad en l\u00ednea sin sacrificar la comodidad.<\/p>\n<p>Nuestro avanzado proceso de autenticaci\u00f3n proporciona una s\u00f3lida protecci\u00f3n contra el acceso no autorizado, brind\u00e1ndote tranquilidad. La interfaz intuitiva de Magic Login Pro facilita el inicio de sesi\u00f3n, ya sea desde una computadora, tableta o smartphone. Dise\u00f1ada tanto para profesionales como para particulares, esta herramienta es perfecta para quienes buscan una soluci\u00f3n de inicio de sesi\u00f3n fiable y eficiente.<\/p>\n<p>Descubre la magia de un acceso sin complicaciones con funciones adaptadas a tus necesidades. Magic Login Pro admite autenticaci\u00f3n multifactor, inicio de sesi\u00f3n biom\u00e9trico e inicio de sesi\u00f3n \u00fanico, lo que lo hace adaptable a cualquier requisito de seguridad. \u00danete a los miles de usuarios satisfechos que conf\u00edan en Magic Login Pro por su excepcional rendimiento y fiabilidad.<\/p>\n<ul>\n<li>Autenticaci\u00f3n fluida sin contrase\u00f1a<\/li>\n<li>Admite inicios de sesi\u00f3n biom\u00e9tricos (reconocimiento facial y de huellas dactilares)<\/li>\n<li>Compatibilidad con m\u00faltiples plataformas (web, iOS, Android)<\/li>\n<li>Seguridad mejorada con autenticaci\u00f3n de dos factores<\/li>\n<li>F\u00e1cil integraci\u00f3n con sistemas existentes<\/li>\n<li>Interfaz de usuario personalizable<\/li>\n<li>Monitoreo de actividad y alertas en tiempo real<\/li>\n<li>Cumplimiento del RGPD y la CCPA<\/li>\n<li>Escalable para empresas de todos los tama\u00f1os<\/li>\n<\/ul>\n","protected":false},"excerpt":{"rendered":"<p>Presentamos Magic Login Pro: la soluci\u00f3n definitiva para un acceso en l\u00ednea seguro, fluido y eficiente. Con Magic Login Pro, disfrute de una seguridad inigualable, una interfaz intuitiva y un inicio de sesi\u00f3n ultrarr\u00e1pido. Dise\u00f1ada tanto para particulares como para empresas, esta herramienta garantiza una protecci\u00f3n de datos de primera clase y una gesti\u00f3n de usuarios sencilla. Experimente el futuro de la autenticaci\u00f3n con tecnolog\u00eda de vanguardia que prioriza su privacidad y comodidad. Olv\u00eddese de las contrase\u00f1as olvidadas y d\u00e9 la bienvenida a una experiencia digital m\u00e1s inteligente y segura. \u00a1Desbloquee el potencial de su presencia en l\u00ednea con Magic Login Pro hoy mismo!<\/p>\n","protected":false},"featured_media":169445,"comment_status":"open","ping_status":"open","template":"","meta":[],"product_brand":[2721],"product_cat":[1214,1206,1211],"product_tag":[2722],"class_list":{"0":"post-169444","1":"product","2":"type-product","3":"status-publish","4":"has-post-thumbnail","6":"product_brand-handyplugins","7":"product_cat-personalizacion","8":"product_cat-plugins","9":"product_cat-wordpress-plugins","10":"product_tag-handyplugins","11":"member-discount","12":"discount-restricted","14":"first","15":"instock","16":"sale","17":"downloadable","18":"virtual","19":"sold-individually","20":"purchasable","21":"product-type-simple"},"_links":{"self":[{"href":"https:\/\/gpl-love.com\/es\/wp-json\/wp\/v2\/product\/169444","targetHints":{"allow":["GET"]}}],"collection":[{"href":"https:\/\/gpl-love.com\/es\/wp-json\/wp\/v2\/product"}],"about":[{"href":"https:\/\/gpl-love.com\/es\/wp-json\/wp\/v2\/types\/product"}],"replies":[{"embeddable":true,"href":"https:\/\/gpl-love.com\/es\/wp-json\/wp\/v2\/comments?post=169444"}],"wp:featuredmedia":[{"embeddable":true,"href":"https:\/\/gpl-love.com\/es\/wp-json\/wp\/v2\/media\/169445"}],"wp:attachment":[{"href":"https:\/\/gpl-love.com\/es\/wp-json\/wp\/v2\/media?parent=169444"}],"wp:term":[{"taxonomy":"product_brand","embeddable":true,"href":"https:\/\/gpl-love.com\/es\/wp-json\/wp\/v2\/product_brand?post=169444"},{"taxonomy":"product_cat","embeddable":true,"href":"https:\/\/gpl-love.com\/es\/wp-json\/wp\/v2\/product_cat?post=169444"},{"taxonomy":"product_tag","embeddable":true,"href":"https:\/\/gpl-love.com\/es\/wp-json\/wp\/v2\/product_tag?post=169444"}],"curies":[{"name":"wp","href":"https:\/\/api.w.org\/{rel}","templated":true}]}}