{"id":169440,"date":"2025-11-27T00:00:00","date_gmt":"2025-11-27T05:00:00","guid":{"rendered":"https:\/\/gpl-love.com\/es\/producto\/sparks-for-woocommerce\/"},"modified":"2026-03-09T08:50:43","modified_gmt":"2026-03-09T13:50:43","slug":"sparks-for-woocommerce","status":"publish","type":"product","link":"https:\/\/gpl-love.com\/es\/producto\/sparks-for-woocommerce\/","title":{"rendered":"Sparks para WooCommerce 2.0.1"},"content":{"rendered":"<h3>Sparks para WooCommerce Caracteristicas<\/h3>\n<p>Descubre el poder de Sparks para WooCommerce, la herramienta definitiva para mejorar la experiencia de tu tienda online. Con este innovador plugin, transforma la gesti\u00f3n de tu plataforma de comercio electr\u00f3nico, optimizando la funcionalidad e impulsando las ventas. Sparks para WooCommerce est\u00e1 dise\u00f1ado para integrarse a la perfecci\u00f3n con tu configuraci\u00f3n actual, garantizando una implementaci\u00f3n fluida y sin complicaciones.<\/p>\n<p>Imagina un mundo donde tu tienda WooCommerce funciona con la m\u00e1xima eficiencia. Sparks para WooCommerce ofrece una gama de funciones que simplifican las operaciones, optimizan los procesos y mejoran la interacci\u00f3n del usuario. Tanto si eres un vendedor experimentado como si est\u00e1s empezando, este plugin te proporciona la flexibilidad y la personalizaci\u00f3n que necesitas para destacar entre la competencia.<\/p>\n<p>Nuestra interfaz intuitiva te permite navegar f\u00e1cilmente y realizar actualizaciones en tiempo real, garantizando que tus listados de productos est\u00e9n siempre actualizados y atractivos. Con Sparks para WooCommerce, puedes optimizar tu tienda para un mejor posicionamiento en buscadores, atraer m\u00e1s tr\u00e1fico y aumentar tus tasas de conversi\u00f3n.<\/p>\n<p>\u00danete a miles de usuarios satisfechos que han transformado sus negocios con Sparks para WooCommerce.<\/p>\n<ul>\n<li>Integraci\u00f3n perfecta con WooCommerce<\/li>\n<li>Experiencia de pago mejorada<\/li>\n<li>Opciones de dise\u00f1o personalizables<\/li>\n<li>An\u00e1lisis e informes avanzados<\/li>\n<li>Interfaz optimizada para dispositivos m\u00f3viles<\/li>\n<li>Compatibilidad con m\u00faltiples pasarelas de pago<\/li>\n<li>Notificaciones autom\u00e1ticas por correo electr\u00f3nico<\/li>\n<li>Herramientas de gesti\u00f3n de inventario<\/li>\n<li>Segmentaci\u00f3n y segmentaci\u00f3n de clientes<\/li>\n<\/ul>\n","protected":false},"excerpt":{"rendered":"<p>Presentamos Sparks para WooCommerce: la soluci\u00f3n definitiva para impulsar tu tienda online. Optimiza tu plataforma de comercio electr\u00f3nico con potentes funciones dise\u00f1adas para impulsar las ventas, optimizar las operaciones y mejorar la experiencia del cliente. Sparks para WooCommerce ofrece una personalizaci\u00f3n inigualable, una interfaz intuitiva y an\u00e1lisis robustos, lo que permite a las empresas optimizar sus tiendas f\u00e1cilmente. Tanto si eres una peque\u00f1a empresa como una empresa consolidada, Sparks para WooCommerce te ofrece las herramientas que necesitas para triunfar en el competitivo mercado digital. Transforma tu tienda WooCommerce hoy mismo y observa c\u00f3mo tu negocio crece e innova.<\/p>\n","protected":false},"featured_media":169441,"comment_status":"open","ping_status":"open","template":"","meta":[],"product_brand":[2344],"product_cat":[1207,1248,1206],"product_tag":[1423],"class_list":{"0":"post-169440","1":"product","2":"type-product","3":"status-publish","4":"has-post-thumbnail","6":"product_brand-woocommerce","7":"product_cat-comercio-electronico-plugins","8":"product_cat-personalizacion-comercio-electronico-plugins","9":"product_cat-plugins","10":"product_tag-woocommerce","11":"member-discount","12":"discount-restricted","14":"first","15":"instock","16":"sale","17":"downloadable","18":"virtual","19":"sold-individually","20":"purchasable","21":"product-type-simple"},"_links":{"self":[{"href":"https:\/\/gpl-love.com\/es\/wp-json\/wp\/v2\/product\/169440","targetHints":{"allow":["GET"]}}],"collection":[{"href":"https:\/\/gpl-love.com\/es\/wp-json\/wp\/v2\/product"}],"about":[{"href":"https:\/\/gpl-love.com\/es\/wp-json\/wp\/v2\/types\/product"}],"replies":[{"embeddable":true,"href":"https:\/\/gpl-love.com\/es\/wp-json\/wp\/v2\/comments?post=169440"}],"wp:featuredmedia":[{"embeddable":true,"href":"https:\/\/gpl-love.com\/es\/wp-json\/wp\/v2\/media\/169441"}],"wp:attachment":[{"href":"https:\/\/gpl-love.com\/es\/wp-json\/wp\/v2\/media?parent=169440"}],"wp:term":[{"taxonomy":"product_brand","embeddable":true,"href":"https:\/\/gpl-love.com\/es\/wp-json\/wp\/v2\/product_brand?post=169440"},{"taxonomy":"product_cat","embeddable":true,"href":"https:\/\/gpl-love.com\/es\/wp-json\/wp\/v2\/product_cat?post=169440"},{"taxonomy":"product_tag","embeddable":true,"href":"https:\/\/gpl-love.com\/es\/wp-json\/wp\/v2\/product_tag?post=169440"}],"curies":[{"name":"wp","href":"https:\/\/api.w.org\/{rel}","templated":true}]}}