{"id":169436,"date":"2026-04-07T00:00:00","date_gmt":"2026-04-07T05:00:00","guid":{"rendered":"https:\/\/gpl-love.com\/es\/producto\/wicked-folders-pro\/"},"modified":"2026-04-07T17:16:54","modified_gmt":"2026-04-07T22:16:54","slug":"wicked-folders-pro","status":"publish","type":"product","link":"https:\/\/gpl-love.com\/es\/producto\/wicked-folders-pro\/","title":{"rendered":"Wicked Folders Pro 4.1.2"},"content":{"rendered":"<h3>Wicked Folders Pro Caracteristicas<\/h3>\n<p>Presentamos Wicked Folders Pro: \u00a1la soluci\u00f3n definitiva para organizar tu panel de administraci\u00f3n de WordPress! Dile adi\u00f3s al desorden y dale la bienvenida a un espacio de trabajo optimizado y eficiente. Ya sea que administres un blog, un sitio web empresarial o una plataforma de comercio electr\u00f3nico, Wicked Folders Pro transforma la forma en que gestionas el contenido y la configuraci\u00f3n de tu sitio web.<\/p>\n<p>Con Wicked Folders Pro, puedes categorizar f\u00e1cilmente entradas, p\u00e1ginas y contenido multimedia en carpetas intuitivas, facilitando la navegaci\u00f3n. Su interfaz intuitiva te permite arrastrar y soltar elementos en carpetas, como en tu computadora. Se acabaron las b\u00fasquedas interminables de elementos espec\u00edficos.<\/p>\n<p>Wicked Folders Pro se integra a la perfecci\u00f3n con tu configuraci\u00f3n actual de WordPress, garantizando compatibilidad y facilidad de uso. Es perfecto para propietarios y desarrolladores de sitios web que necesitan mantener su espacio digital organizado y eficiente.<\/p>\n<p>Disfruta de una mayor productividad con funciones como acciones masivas, estructuras de carpetas personalizables y acceso r\u00e1pido a tus elementos m\u00e1s utilizados.<\/p>\n<ul>\n<li>Sistema organizativo avanzado<\/li>\n<li>Estructuras de carpetas personalizables<\/li>\n<li>Interfaz intuitiva de arrastrar y soltar<\/li>\n<li>Funciones de seguridad mejoradas<\/li>\n<li>Herramientas de colaboraci\u00f3n en tiempo real<\/li>\n<li>Integraci\u00f3n fluida en la nube<\/li>\n<li>Sincronizaci\u00f3n multidispositivo<\/li>\n<li>Dise\u00f1o intuitivo<\/li>\n<li>Opciones de ordenaci\u00f3n automatizadas<\/li>\n<li>An\u00e1lisis e informes detallados<\/li>\n<\/ul>\n","protected":false},"excerpt":{"rendered":"<p>Presentamos Wicked Folders Pro, la soluci\u00f3n definitiva para una organizaci\u00f3n digital fluida. Dise\u00f1ada para la eficiencia y la facilidad de uso, esta potente herramienta te ayuda a optimizar tu flujo de trabajo, aumentar la productividad y gestionar archivos sin esfuerzo. Con su interfaz intuitiva, Wicked Folders Pro transforma el caos en claridad, lo que la hace ideal tanto para profesionales como para creativos. Disfruta de funciones como jerarqu\u00edas de carpetas personalizables, recuperaci\u00f3n r\u00e1pida de archivos e integraci\u00f3n segura en la nube. Tanto si eres freelance como si formas parte de un equipo grande, Wicked Folders Pro es tu recurso ideal para mantenerte organizado y concentrado. Experimenta el futuro de la gesti\u00f3n de archivos hoy mismo con Wicked Folders Pro.<\/p>\n","protected":false},"featured_media":169437,"comment_status":"open","ping_status":"open","template":"","meta":[],"product_brand":[2717],"product_cat":[1212,1206,1211],"product_tag":[2718],"class_list":{"0":"post-169436","1":"product","2":"type-product","3":"status-publish","4":"has-post-thumbnail","6":"product_brand-wicked-plugins","7":"product_cat-administracion-wordpress-plugins","8":"product_cat-plugins","9":"product_cat-wordpress-plugins","10":"product_tag-wicked-plugins","11":"member-discount","12":"discount-restricted","14":"first","15":"instock","16":"sale","17":"downloadable","18":"virtual","19":"sold-individually","20":"purchasable","21":"product-type-simple"},"_links":{"self":[{"href":"https:\/\/gpl-love.com\/es\/wp-json\/wp\/v2\/product\/169436","targetHints":{"allow":["GET"]}}],"collection":[{"href":"https:\/\/gpl-love.com\/es\/wp-json\/wp\/v2\/product"}],"about":[{"href":"https:\/\/gpl-love.com\/es\/wp-json\/wp\/v2\/types\/product"}],"replies":[{"embeddable":true,"href":"https:\/\/gpl-love.com\/es\/wp-json\/wp\/v2\/comments?post=169436"}],"wp:featuredmedia":[{"embeddable":true,"href":"https:\/\/gpl-love.com\/es\/wp-json\/wp\/v2\/media\/169437"}],"wp:attachment":[{"href":"https:\/\/gpl-love.com\/es\/wp-json\/wp\/v2\/media?parent=169436"}],"wp:term":[{"taxonomy":"product_brand","embeddable":true,"href":"https:\/\/gpl-love.com\/es\/wp-json\/wp\/v2\/product_brand?post=169436"},{"taxonomy":"product_cat","embeddable":true,"href":"https:\/\/gpl-love.com\/es\/wp-json\/wp\/v2\/product_cat?post=169436"},{"taxonomy":"product_tag","embeddable":true,"href":"https:\/\/gpl-love.com\/es\/wp-json\/wp\/v2\/product_tag?post=169436"}],"curies":[{"name":"wp","href":"https:\/\/api.w.org\/{rel}","templated":true}]}}