{"id":169434,"date":"2026-01-04T00:00:00","date_gmt":"2026-01-04T05:00:00","guid":{"rendered":"https:\/\/gpl-love.com\/es\/producto\/litho\/"},"modified":"2026-03-13T17:37:24","modified_gmt":"2026-03-13T22:37:24","slug":"litho","status":"publish","type":"product","link":"https:\/\/gpl-love.com\/es\/producto\/litho\/","title":{"rendered":"Litho 3.6"},"content":{"rendered":"<h3>Litho Caracteristicas<\/h3>\n<p>Presentamos Litho, el tema definitivo para WordPress, dise\u00f1ado para transformar tu sitio web en una presencia online impactante y repleta de funciones. Ya seas bloguero, empresario o profesional creativo, Litho ofrece una versatilidad y personalizaci\u00f3n inigualables.<\/p>\n<p>Con Litho WordPress, puedes crear f\u00e1cilmente un sitio web que se adapte a tu identidad de marca. Su interfaz intuitiva y sus herramientas de dise\u00f1o intuitivas facilitan la creaci\u00f3n y gesti\u00f3n de tu sitio, incluso si no tienes conocimientos t\u00e9cnicos. Disfruta de una amplia gama de plantillas y dise\u00f1os predise\u00f1ados, perfectos para mostrar tu contenido de forma atractiva en cualquier dispositivo.<\/p>\n<p>Optimiza tu SEO f\u00e1cilmente con las funciones integradas de Litho, asegurando que tu sitio web tenga un mejor posicionamiento en los motores de b\u00fasqueda y atraiga m\u00e1s visitantes. Las p\u00e1ginas de carga r\u00e1pida y el dise\u00f1o responsivo garantizan una experiencia de usuario \u00f3ptima, manteniendo a tu audiencia enganchada y haciendo que vuelvas por m\u00e1s.<\/p>\n<p>Litho WordPress es compatible con los plugins m\u00e1s populares, lo que te permite ampliar la funcionalidad de tu sitio sin complicaciones. Desde soluciones de comercio electr\u00f3nico hasta presentaciones de portafolios, Litho te cubre las espaldas.<\/p>\n<ul>\n<li>Tema de WordPress personalizable<\/li>\n<li>Dise\u00f1o adaptable para m\u00f3viles y ordenadores<\/li>\n<li>Sitios de demostraci\u00f3n predise\u00f1ados para una configuraci\u00f3n r\u00e1pida<\/li>\n<li>Integraci\u00f3n con el creador de p\u00e1ginas de arrastrar y soltar<\/li>\n<li>Optimizado para SEO para un mejor posicionamiento en buscadores<\/li>\n<li>Compatibilidad con WooCommerce para tiendas online<\/li>\n<li>M\u00faltiples estilos de encabezado y pie de p\u00e1gina<\/li>\n<li>Amplias opciones tipogr\u00e1ficas<\/li>\n<li>Galer\u00edas y sliders integrados<\/li>\n<li>Compatible con traducci\u00f3n multiling\u00fce<\/li>\n<\/ul>\n","protected":false},"excerpt":{"rendered":"<p>Descubre el poder de Litho, el tema definitivo de WordPress, dise\u00f1ado para la creatividad y la funcionalidad. Perfecto para empresas, blogueros y sitios de comercio electr\u00f3nico, Litho ofrece dise\u00f1os personalizables, dise\u00f1o responsivo e integraci\u00f3n perfecta con plugins populares. Con su interfaz intuitiva y rendimiento ultrarr\u00e1pido, Litho garantiza una experiencia de usuario excepcional. Impulsa tu presencia online con visuales impactantes y una navegaci\u00f3n intuitiva. Ya sea que est\u00e9s creando un portafolio o una tienda online completa, Litho te proporciona las herramientas que necesitas para cautivar y convertir a tu audiencia. Experimenta la flexibilidad e innovaci\u00f3n del tema Litho para WordPress hoy mismo y transforma tu sitio web en una obra maestra.<\/p>\n","protected":false},"featured_media":169435,"comment_status":"open","ping_status":"open","template":"","meta":[],"product_brand":[2715],"product_cat":[1307,1237,1238],"product_tag":[2716],"class_list":{"0":"post-169434","1":"product","2":"type-product","3":"status-publish","4":"has-post-thumbnail","6":"product_brand-themezaa","7":"product_cat-negocio-wordpress-temas","8":"product_cat-temas","9":"product_cat-wordpress-temas","10":"product_tag-themezaa","11":"member-discount","12":"discount-restricted","14":"first","15":"instock","16":"sale","17":"downloadable","18":"virtual","19":"sold-individually","20":"purchasable","21":"product-type-simple"},"_links":{"self":[{"href":"https:\/\/gpl-love.com\/es\/wp-json\/wp\/v2\/product\/169434","targetHints":{"allow":["GET"]}}],"collection":[{"href":"https:\/\/gpl-love.com\/es\/wp-json\/wp\/v2\/product"}],"about":[{"href":"https:\/\/gpl-love.com\/es\/wp-json\/wp\/v2\/types\/product"}],"replies":[{"embeddable":true,"href":"https:\/\/gpl-love.com\/es\/wp-json\/wp\/v2\/comments?post=169434"}],"wp:featuredmedia":[{"embeddable":true,"href":"https:\/\/gpl-love.com\/es\/wp-json\/wp\/v2\/media\/169435"}],"wp:attachment":[{"href":"https:\/\/gpl-love.com\/es\/wp-json\/wp\/v2\/media?parent=169434"}],"wp:term":[{"taxonomy":"product_brand","embeddable":true,"href":"https:\/\/gpl-love.com\/es\/wp-json\/wp\/v2\/product_brand?post=169434"},{"taxonomy":"product_cat","embeddable":true,"href":"https:\/\/gpl-love.com\/es\/wp-json\/wp\/v2\/product_cat?post=169434"},{"taxonomy":"product_tag","embeddable":true,"href":"https:\/\/gpl-love.com\/es\/wp-json\/wp\/v2\/product_tag?post=169434"}],"curies":[{"name":"wp","href":"https:\/\/api.w.org\/{rel}","templated":true}]}}