{"id":169432,"date":"2026-04-08T00:00:00","date_gmt":"2026-04-08T05:00:00","guid":{"rendered":"https:\/\/gpl-love.com\/es\/producto\/memberpress-course-quizzes\/"},"modified":"2026-04-08T11:16:55","modified_gmt":"2026-04-08T16:16:55","slug":"memberpress-course-quizzes","status":"publish","type":"product","link":"https:\/\/gpl-love.com\/es\/producto\/memberpress-course-quizzes\/","title":{"rendered":"MemberPress Course Quizzes 1.1.6"},"content":{"rendered":"<h3>MemberPress Course Quizzes Caracteristicas<\/h3>\n<p>Desbloquea todo el potencial de tus cursos en l\u00ednea con los Cuestionarios de Curso de MemberPress. Mejora la experiencia de aprendizaje de tus estudiantes integrando esta potente funci\u00f3n en tu plataforma educativa. Los Cuestionarios de Curso de MemberPress te permiten evaluar la retenci\u00f3n de conocimientos y garantizar que tus estudiantes realmente absorban el material.<\/p>\n<p>Crea cuestionarios atractivos e interactivos que desaf\u00eden y motiven a los estudiantes. Con MemberPress, puedes personalizar f\u00e1cilmente los cuestionarios para que se ajusten a los objetivos de tu curso, proporcionando una experiencia de aprendizaje fluida y din\u00e1mica. Tanto si eres un educador que busca mejorar su curr\u00edculo como si eres un empresario que busca ofrecer experiencias de aprendizaje premium, los Cuestionarios de Curso de MemberPress son la soluci\u00f3n perfecta.<\/p>\n<p>Sigue el progreso y el rendimiento de tus estudiantes f\u00e1cilmente con an\u00e1lisis detallados. Obt\u00e9n informaci\u00f3n sobre el rendimiento de tus estudiantes e identifica \u00e1reas de mejora. Los Cuestionarios de Curso de MemberPress no solo mejoran el proceso de aprendizaje, sino que tambi\u00e9n a\u00f1aden valor a tus cursos en l\u00ednea, haci\u00e9ndolos m\u00e1s atractivos para los futuros estudiantes.<\/p>\n<p>Aprovecha el poder de los Cuestionarios de Curso de MemberPress hoy mismo y transforma tu contenido educativo en una experiencia atractiva e interactiva.<\/p>\n<ul>\n<li>Integraci\u00f3n con el sistema de membres\u00eda MemberPress<\/li>\n<li>Preguntas y respuestas de cuestionario personalizables<\/li>\n<li>Compatibilidad con m\u00faltiples tipos de preguntas (p. ej., opci\u00f3n m\u00faltiple, verdadero\/falso)<\/li>\n<li>Calificaci\u00f3n y puntuaci\u00f3n autom\u00e1ticas<\/li>\n<li>Retroalimentaci\u00f3n instant\u00e1nea para los participantes<\/li>\n<li>Opci\u00f3n para establecer calificaciones aprobatorias y l\u00edmites de repetici\u00f3n<\/li>\n<li>Informes y an\u00e1lisis detallados<\/li>\n<li>Compatibilidad con diversos contenidos multimedia<\/li>\n<li>Dise\u00f1o adaptable a dispositivos m\u00f3viles<\/li>\n<li>Interfaz f\u00e1cil de usar para la creaci\u00f3n y gesti\u00f3n de cuestionarios<\/li>\n<\/ul>\n","protected":false},"excerpt":{"rendered":"<p>Desbloquea todo el potencial de tus cursos en l\u00ednea con los Cuestionarios de Curso de MemberPress. Dise\u00f1ados para optimizar la experiencia de aprendizaje, estos cuestionarios se integran a la perfecci\u00f3n con la estructura de tu curso, ofreciendo a los estudiantes una forma interactiva y atractiva de poner a prueba sus conocimientos. Con opciones personalizables, puedes adaptar los cuestionarios al contenido de tu curso, asegurando que los estudiantes comprendan los conceptos esenciales. Impulsa la participaci\u00f3n y la retenci\u00f3n de los estudiantes mientras obtienes informaci\u00f3n valiosa sobre su progreso. Descubre la soluci\u00f3n ideal para educadores que buscan optimizar sus plataformas de aprendizaje electr\u00f3nico. Transforma tu oferta educativa hoy mismo con los Cuestionarios de Curso de MemberPress y observa c\u00f3mo tus estudiantes progresan.<\/p>\n","protected":false},"featured_media":169433,"comment_status":"open","ping_status":"open","template":"","meta":[],"product_brand":[2496],"product_cat":[1325,1206,1211],"product_tag":[1327],"class_list":{"0":"post-169432","1":"product","2":"type-product","3":"status-publish","4":"has-post-thumbnail","6":"product_brand-memberpress","7":"product_cat-afiliacion","8":"product_cat-plugins","9":"product_cat-wordpress-plugins","10":"product_tag-memberpress","11":"member-discount","12":"discount-restricted","14":"first","15":"instock","16":"sale","17":"downloadable","18":"virtual","19":"sold-individually","20":"purchasable","21":"product-type-simple"},"_links":{"self":[{"href":"https:\/\/gpl-love.com\/es\/wp-json\/wp\/v2\/product\/169432","targetHints":{"allow":["GET"]}}],"collection":[{"href":"https:\/\/gpl-love.com\/es\/wp-json\/wp\/v2\/product"}],"about":[{"href":"https:\/\/gpl-love.com\/es\/wp-json\/wp\/v2\/types\/product"}],"replies":[{"embeddable":true,"href":"https:\/\/gpl-love.com\/es\/wp-json\/wp\/v2\/comments?post=169432"}],"wp:featuredmedia":[{"embeddable":true,"href":"https:\/\/gpl-love.com\/es\/wp-json\/wp\/v2\/media\/169433"}],"wp:attachment":[{"href":"https:\/\/gpl-love.com\/es\/wp-json\/wp\/v2\/media?parent=169432"}],"wp:term":[{"taxonomy":"product_brand","embeddable":true,"href":"https:\/\/gpl-love.com\/es\/wp-json\/wp\/v2\/product_brand?post=169432"},{"taxonomy":"product_cat","embeddable":true,"href":"https:\/\/gpl-love.com\/es\/wp-json\/wp\/v2\/product_cat?post=169432"},{"taxonomy":"product_tag","embeddable":true,"href":"https:\/\/gpl-love.com\/es\/wp-json\/wp\/v2\/product_tag?post=169432"}],"curies":[{"name":"wp","href":"https:\/\/api.w.org\/{rel}","templated":true}]}}