{"id":169428,"date":"2026-04-08T00:00:00","date_gmt":"2026-04-08T05:00:00","guid":{"rendered":"https:\/\/gpl-love.com\/es\/producto\/memberpress-course-assignments\/"},"modified":"2026-04-08T11:16:53","modified_gmt":"2026-04-08T16:16:53","slug":"memberpress-course-assignments","status":"publish","type":"product","link":"https:\/\/gpl-love.com\/es\/producto\/memberpress-course-assignments\/","title":{"rendered":"MemberPress Course Assignments 1.1.4"},"content":{"rendered":"<h3>MemberPress Course Assignments Caracteristicas<\/h3>\n<p>Desbloquea todo el potencial de tu plataforma de aprendizaje en l\u00ednea con MemberPress Course Assignments. Esta potente funci\u00f3n mejora tu experiencia en MemberPress, permiti\u00e9ndote integrar f\u00e1cilmente las tareas en tus cursos. Ya seas educador, emprendedor o coach, mantener la participaci\u00f3n de tus estudiantes es crucial, y MemberPress Course Assignments est\u00e1 dise\u00f1ado para lograrlo.<\/p>\n<p>Con MemberPress Course Assignments, puedes crear tareas din\u00e1micas e interactivas que complementen el contenido de tu curso. Estas tareas son perfectas para evaluar conocimientos, fomentar la participaci\u00f3n y asegurar que tus estudiantes est\u00e9n bien encaminados. La interfaz intuitiva facilita la configuraci\u00f3n y gesti\u00f3n de las tareas, d\u00e1ndote m\u00e1s tiempo para concentrarte en lo que mejor sabes hacer: ense\u00f1ar.<\/p>\n<p>Los estudiantes apreciar\u00e1n la estructura clara y la oportunidad de aplicar lo aprendido en situaciones reales. Adem\u00e1s, la funci\u00f3n de calificaci\u00f3n autom\u00e1tica te ahorra tiempo y esfuerzo, permiti\u00e9ndote ofrecer retroalimentaci\u00f3n inmediata.<\/p>\n<p>Transforma tu oferta educativa con MemberPress Course Assignments y observa la diferencia que marca en la participaci\u00f3n de los estudiantes y las tasas de finalizaci\u00f3n de los cursos.<\/p>\n<ul>\n<li>Integraci\u00f3n perfecta con MemberPress para gestionar el acceso a los cursos<\/li>\n<li>Interfaz intuitiva para crear y gestionar tareas<\/li>\n<li>Fechas l\u00edmite de entrega de tareas personalizables<\/li>\n<li>Compatibilidad con m\u00faltiples tipos de tareas (ex\u00e1menes, ensayos, proyectos)<\/li>\n<li>Opciones de calificaci\u00f3n y retroalimentaci\u00f3n autom\u00e1ticas<\/li>\n<li>Seguimiento del progreso tanto para instructores como para estudiantes<\/li>\n<li>Compatibilidad con diversos tipos de medios para diversas tareas<\/li>\n<li>Notificaciones por correo electr\u00f3nico para la entrega de tareas y la retroalimentaci\u00f3n<\/li>\n<li>Plataforma segura que garantiza la privacidad de los datos de los estudiantes<\/li>\n<li>Dise\u00f1o adaptable para todo tipo de dispositivos<\/li>\n<\/ul>\n","protected":false},"excerpt":{"rendered":"<p>Presentamos MemberPress Course Assignments: la herramienta definitiva para optimizar tu experiencia de aprendizaje en l\u00ednea. Gracias a su integraci\u00f3n fluida, esta funci\u00f3n permite a los educadores crear, gestionar y calificar tareas f\u00e1cilmente. Mejora la participaci\u00f3n de los estudiantes y monitoriza su progreso f\u00e1cilmente, a la vez que ofrece rutas de aprendizaje claras y estructuradas. Ideal para instructores que buscan impartir cursos completos y organizados, MemberPress Course Assignments garantiza que los estudiantes se mantengan enfocados y alcancen sus objetivos educativos. Aprovecha al m\u00e1ximo tu plataforma de aprendizaje en l\u00ednea hoy mismo con esta innovadora soluci\u00f3n que transforma la gesti\u00f3n de cursos e impulsa el \u00e9xito estudiantil.<\/p>\n","protected":false},"featured_media":169429,"comment_status":"open","ping_status":"open","template":"","meta":[],"product_brand":[2496],"product_cat":[1325,1206,1211],"product_tag":[1327],"class_list":{"0":"post-169428","1":"product","2":"type-product","3":"status-publish","4":"has-post-thumbnail","6":"product_brand-memberpress","7":"product_cat-afiliacion","8":"product_cat-plugins","9":"product_cat-wordpress-plugins","10":"product_tag-memberpress","11":"member-discount","12":"discount-restricted","14":"first","15":"instock","16":"sale","17":"downloadable","18":"virtual","19":"sold-individually","20":"purchasable","21":"product-type-simple"},"_links":{"self":[{"href":"https:\/\/gpl-love.com\/es\/wp-json\/wp\/v2\/product\/169428","targetHints":{"allow":["GET"]}}],"collection":[{"href":"https:\/\/gpl-love.com\/es\/wp-json\/wp\/v2\/product"}],"about":[{"href":"https:\/\/gpl-love.com\/es\/wp-json\/wp\/v2\/types\/product"}],"replies":[{"embeddable":true,"href":"https:\/\/gpl-love.com\/es\/wp-json\/wp\/v2\/comments?post=169428"}],"wp:featuredmedia":[{"embeddable":true,"href":"https:\/\/gpl-love.com\/es\/wp-json\/wp\/v2\/media\/169429"}],"wp:attachment":[{"href":"https:\/\/gpl-love.com\/es\/wp-json\/wp\/v2\/media?parent=169428"}],"wp:term":[{"taxonomy":"product_brand","embeddable":true,"href":"https:\/\/gpl-love.com\/es\/wp-json\/wp\/v2\/product_brand?post=169428"},{"taxonomy":"product_cat","embeddable":true,"href":"https:\/\/gpl-love.com\/es\/wp-json\/wp\/v2\/product_cat?post=169428"},{"taxonomy":"product_tag","embeddable":true,"href":"https:\/\/gpl-love.com\/es\/wp-json\/wp\/v2\/product_tag?post=169428"}],"curies":[{"name":"wp","href":"https:\/\/api.w.org\/{rel}","templated":true}]}}