{"id":169426,"date":"2026-04-10T00:00:00","date_gmt":"2026-04-10T05:00:00","guid":{"rendered":"https:\/\/gpl-love.com\/es\/producto\/memberpress-social-login\/"},"modified":"2026-04-10T11:34:17","modified_gmt":"2026-04-10T16:34:17","slug":"memberpress-social-login","status":"publish","type":"product","link":"https:\/\/gpl-love.com\/es\/producto\/memberpress-social-login\/","title":{"rendered":"MemberPress Social Login 1.0.3"},"content":{"rendered":"<h3>MemberPress Social Login Caracteristicas<\/h3>\n<p>Presentamos MemberPress Social Login: \u00a1la soluci\u00f3n definitiva para un acceso fluido a su sitio web! Simplifique su experiencia de usuario permitiendo que los miembros inicien sesi\u00f3n f\u00e1cilmente con sus cuentas de redes sociales favoritas. Con MemberPress Social Login, su comunidad puede evitar las complicaciones de los registros y contrase\u00f1as tradicionales, haciendo que la interacci\u00f3n con los miembros sea m\u00e1s accesible que nunca.<\/p>\n<p>Nuestra innovadora funci\u00f3n de inicio de sesi\u00f3n social se integra a la perfecci\u00f3n con plataformas populares como Facebook, Twitter y Google, mejorando la funcionalidad de su sitio web a la vez que mantiene una seguridad de primer nivel. Al elegir MemberPress Social Login, no solo agiliza el proceso de registro, sino que tambi\u00e9n aumenta la retenci\u00f3n y la satisfacci\u00f3n de los usuarios.<\/p>\n<p>Imagine la facilidad de acceso con un solo clic, reduciendo las barreras para nuevos usuarios y fomentando m\u00e1s registros. Nuestro servicio garantiza que su comunidad se mantenga conectada y activa, impulsando el crecimiento y la interacci\u00f3n. Adem\u00e1s, MemberPress Social Login es totalmente compatible con su configuraci\u00f3n actual de MemberPress, lo que garantiza una integraci\u00f3n sin complicaciones.<\/p>\n<p>Mejore la experiencia de usuario de su sitio web hoy mismo con MemberPress Social Login y vea c\u00f3mo prospera su comunidad.<\/p>\n<ul>\n<li>Integraci\u00f3n perfecta con las plataformas de redes sociales m\u00e1s populares<\/li>\n<li>F\u00e1cil configuraci\u00f3n<\/li>\n<li>Admite inicio de sesi\u00f3n \u00fanico para un acceso m\u00e1s r\u00e1pido<\/li>\n<li>Botones de inicio de sesi\u00f3n personalizables que se adaptan al dise\u00f1o de su sitio<\/li>\n<li>Compatible con los sitios de membres\u00eda MemberPress<\/li>\n<li>Autenticaci\u00f3n segura mediante protocolos OAuth 2.0<\/li>\n<li>Permite a los usuarios iniciar sesi\u00f3n con cuentas de redes sociales existentes<\/li>\n<li>Reduce la fricci\u00f3n en el proceso de registro<\/li>\n<li>Mejora la participaci\u00f3n y la retenci\u00f3n de usuarios<\/li>\n<li>Proporciona informes detallados sobre la actividad de inicio de sesi\u00f3n<\/li>\n<\/ul>\n","protected":false},"excerpt":{"rendered":"<p>Presentamos MemberPress Social Login: la soluci\u00f3n definitiva para un acceso sin complicaciones. Optimice su sitio de membres\u00edas al habilitar inicios de sesi\u00f3n sencillos en redes sociales como Facebook, Twitter y m\u00e1s. Esta potente herramienta mejora la experiencia del usuario, reduce la fricci\u00f3n en el registro y aumenta la interacci\u00f3n con solo unos clics. Ideal para empresas que buscan aumentar las tasas de conversi\u00f3n y la satisfacci\u00f3n del cliente, MemberPress Social Login garantiza un acceso seguro y sin complicaciones, manteniendo los m\u00e1s altos est\u00e1ndares de privacidad de datos. Actualice su sitio hoy mismo y disfrute de una comunidad m\u00e1s conectada con nuestro plugin f\u00e1cil de instalar. Descubra los beneficios de MemberPress Social Login y transforme su experiencia de usuario sin esfuerzo.<\/p>\n","protected":false},"featured_media":169427,"comment_status":"open","ping_status":"open","template":"","meta":[],"product_brand":[2496],"product_cat":[1325,1206,1211],"product_tag":[1327],"class_list":{"0":"post-169426","1":"product","2":"type-product","3":"status-publish","4":"has-post-thumbnail","6":"product_brand-memberpress","7":"product_cat-afiliacion","8":"product_cat-plugins","9":"product_cat-wordpress-plugins","10":"product_tag-memberpress","11":"member-discount","12":"discount-restricted","14":"first","15":"instock","16":"sale","17":"downloadable","18":"virtual","19":"sold-individually","20":"purchasable","21":"product-type-simple"},"_links":{"self":[{"href":"https:\/\/gpl-love.com\/es\/wp-json\/wp\/v2\/product\/169426","targetHints":{"allow":["GET"]}}],"collection":[{"href":"https:\/\/gpl-love.com\/es\/wp-json\/wp\/v2\/product"}],"about":[{"href":"https:\/\/gpl-love.com\/es\/wp-json\/wp\/v2\/types\/product"}],"replies":[{"embeddable":true,"href":"https:\/\/gpl-love.com\/es\/wp-json\/wp\/v2\/comments?post=169426"}],"wp:featuredmedia":[{"embeddable":true,"href":"https:\/\/gpl-love.com\/es\/wp-json\/wp\/v2\/media\/169427"}],"wp:attachment":[{"href":"https:\/\/gpl-love.com\/es\/wp-json\/wp\/v2\/media?parent=169426"}],"wp:term":[{"taxonomy":"product_brand","embeddable":true,"href":"https:\/\/gpl-love.com\/es\/wp-json\/wp\/v2\/product_brand?post=169426"},{"taxonomy":"product_cat","embeddable":true,"href":"https:\/\/gpl-love.com\/es\/wp-json\/wp\/v2\/product_cat?post=169426"},{"taxonomy":"product_tag","embeddable":true,"href":"https:\/\/gpl-love.com\/es\/wp-json\/wp\/v2\/product_tag?post=169426"}],"curies":[{"name":"wp","href":"https:\/\/api.w.org\/{rel}","templated":true}]}}