{"id":169424,"date":"2025-08-07T00:00:00","date_gmt":"2025-08-07T05:00:00","guid":{"rendered":"https:\/\/gpl-love.com\/es\/producto\/wc-vendors-woocommerce-bookings\/"},"modified":"2026-03-09T08:50:33","modified_gmt":"2026-03-09T13:50:33","slug":"wc-vendors-woocommerce-bookings","status":"publish","type":"product","link":"https:\/\/gpl-love.com\/es\/producto\/wc-vendors-woocommerce-bookings\/","title":{"rendered":"WC Vendors WooCommerce Bookings 1.4.6"},"content":{"rendered":"<h3>WC Vendors WooCommerce Bookings Caracteristicas<\/h3>\n<p>Aprovecha al m\u00e1ximo tu tienda online con WC Vendors WooCommerce Bookings. Esta potente herramienta integra a la perfecci\u00f3n las funciones de reserva en tu plataforma WooCommerce, ofreciendo una experiencia optimizada tanto para vendedores como para clientes. Perfecto para negocios de servicios, WC Vendors WooCommerce Bookings permite a los vendedores gestionar sus reservas sin esfuerzo.<\/p>\n<p>Ya sea que ofrezcas clases, alquileres o citas, este plugin se adapta a tus necesidades. Con su interfaz intuitiva, los vendedores pueden configurar f\u00e1cilmente la disponibilidad, gestionar horarios y aceptar pagos, todo desde la comodidad de su panel de control de WooCommerce. Los clientes apreciar\u00e1n la fluidez del proceso de reserva, lo que se traduce en una mayor satisfacci\u00f3n y en la fidelizaci\u00f3n de clientes.<\/p>\n<p>WC Vendors WooCommerce Bookings mejora tu marketplace ofreci\u00e9ndote flexibilidad y control. Los vendedores pueden personalizar las opciones de reserva, asegur\u00e1ndose de que cumplan con los requisitos espec\u00edficos de tu negocio. Este plugin, repleto de funciones, est\u00e1 dise\u00f1ado para ayudarte a hacer crecer tu negocio simplificando el proceso de reserva y optimizando la funcionalidad de tu tienda.<\/p>\n<p>Descubre la diferencia con WC Vendors WooCommerce Bookings y observa c\u00f3mo tu negocio prospera.<\/p>\n<ul>\n<li>Se integra perfectamente con WooCommerce para facilitar su uso.<\/li>\n<li>Admite m\u00faltiples proveedores en una sola plataforma.<\/li>\n<li>Permite a los proveedores crear y gestionar sus propias reservas.<\/li>\n<li>Compatible con varios tipos de reservas, incluyendo citas y alquileres.<\/li>\n<li>Calendario de reservas personalizable para una programaci\u00f3n flexible.<\/li>\n<li>Actualizaciones de disponibilidad en tiempo real para evitar reservas duplicadas.<\/li>\n<li>Admite precios din\u00e1micos seg\u00fan la hora, la duraci\u00f3n o el n\u00famero de asistentes.<\/li>\n<li>Notificaciones autom\u00e1ticas por correo electr\u00f3nico para confirmaciones y recordatorios de reservas.<\/li>\n<li>Informes y an\u00e1lisis detallados para que los proveedores puedan monitorizar su rendimiento.<\/li>\n<li>Interfaz optimizada para dispositivos m\u00f3viles para una gesti\u00f3n en cualquier lugar.<\/li>\n<\/ul>\n","protected":false},"excerpt":{"rendered":"<p>Presentamos WC Vendors WooCommerce Bookings, la soluci\u00f3n definitiva para gestionar reservas online sin esfuerzo. Este potente plugin se integra a la perfecci\u00f3n con WooCommerce, lo que permite a los proveedores ofrecer servicios de reserva f\u00e1cilmente. Ya sea que gestiones un hotel, ofrezcas clases o gestiones alquileres, esta herramienta ofrece horarios flexibles, notificaciones autom\u00e1ticas y opciones de pago seguras. Su interfaz intuitiva mejora la experiencia del cliente, mientras que su robusto backend simplifica la gesti\u00f3n. Impulsa tu negocio con mayor eficiencia y satisfacci\u00f3n del cliente. Experimenta hoy mismo la comodidad y el poder de WC Vendors WooCommerce Bookings y optimiza tu proceso de reservas como nunca antes.<\/p>\n","protected":false},"featured_media":169425,"comment_status":"open","ping_status":"open","template":"","meta":[],"product_brand":[2590],"product_cat":[1207,1248,1206],"product_tag":[2251],"class_list":{"0":"post-169424","1":"product","2":"type-product","3":"status-publish","4":"has-post-thumbnail","6":"product_brand-wc-vendors","7":"product_cat-comercio-electronico-plugins","8":"product_cat-personalizacion-comercio-electronico-plugins","9":"product_cat-plugins","10":"product_tag-wc-vendors","11":"member-discount","12":"discount-restricted","14":"first","15":"instock","16":"sale","17":"downloadable","18":"virtual","19":"sold-individually","20":"purchasable","21":"product-type-simple"},"_links":{"self":[{"href":"https:\/\/gpl-love.com\/es\/wp-json\/wp\/v2\/product\/169424","targetHints":{"allow":["GET"]}}],"collection":[{"href":"https:\/\/gpl-love.com\/es\/wp-json\/wp\/v2\/product"}],"about":[{"href":"https:\/\/gpl-love.com\/es\/wp-json\/wp\/v2\/types\/product"}],"replies":[{"embeddable":true,"href":"https:\/\/gpl-love.com\/es\/wp-json\/wp\/v2\/comments?post=169424"}],"wp:featuredmedia":[{"embeddable":true,"href":"https:\/\/gpl-love.com\/es\/wp-json\/wp\/v2\/media\/169425"}],"wp:attachment":[{"href":"https:\/\/gpl-love.com\/es\/wp-json\/wp\/v2\/media?parent=169424"}],"wp:term":[{"taxonomy":"product_brand","embeddable":true,"href":"https:\/\/gpl-love.com\/es\/wp-json\/wp\/v2\/product_brand?post=169424"},{"taxonomy":"product_cat","embeddable":true,"href":"https:\/\/gpl-love.com\/es\/wp-json\/wp\/v2\/product_cat?post=169424"},{"taxonomy":"product_tag","embeddable":true,"href":"https:\/\/gpl-love.com\/es\/wp-json\/wp\/v2\/product_tag?post=169424"}],"curies":[{"name":"wp","href":"https:\/\/api.w.org\/{rel}","templated":true}]}}