{"id":169422,"date":"2025-05-23T00:00:00","date_gmt":"2025-05-23T05:00:00","guid":{"rendered":"https:\/\/gpl-love.com\/es\/producto\/wc-vendors-simple-auctions\/"},"modified":"2026-03-09T08:50:32","modified_gmt":"2026-03-09T13:50:32","slug":"wc-vendors-simple-auctions","status":"publish","type":"product","link":"https:\/\/gpl-love.com\/es\/producto\/wc-vendors-simple-auctions\/","title":{"rendered":"WC Vendors Simple Auctions 1.2.4.1"},"content":{"rendered":"<h3>WC Vendors Simple Auctions Caracteristicas<\/h3>\n<p>Presentamos WC Vendors Simple Auctions, la soluci\u00f3n definitiva para transformar tu tienda online en un atractivo mercado de subastas. Con WC Vendors Simple Auctions, puedes integrar a la perfecci\u00f3n la funcionalidad de subastas en tu plataforma actual, ofreciendo una experiencia de compra din\u00e1mica que har\u00e1 que tus clientes vuelvan a por m\u00e1s.<\/p>\n<p>Nuestro plugin f\u00e1cil de usar te permite configurar subastas sin esfuerzo, lo que lo hace ideal tanto para vendedores nuevos como experimentados. Crea emocionantes guerras de pujas con funciones como precios de reserva, pujas autom\u00e1ticas y cuentas regresivas para subastas. WC Vendors Simple Auctions garantiza que tus subastas se desarrollen sin problemas, ofreciendo una interfaz intuitiva que mejora la interacci\u00f3n y aumenta las ventas.<\/p>\n<p>Con WC Vendors Simple Auctions, obtienes control total sobre la configuraci\u00f3n de tus subastas, incluyendo las pujas iniciales, los incrementos de puja y las horas de finalizaci\u00f3n. Esta flexibilidad te permite adaptar cada subasta a tus necesidades espec\u00edficas, maximizando tu potencial de ingresos.<\/p>\n<p>Ya sea que est\u00e9 subastando objetos de colecci\u00f3n raros, art\u00edculos de edici\u00f3n limitada o productos \u00fanicos, WC Vendors Simple Auctions le permite llegar a un p\u00fablico m\u00e1s amplio y aumentar sus ventas.<\/p>\n<ul>\n<li>Integraci\u00f3n perfecta con WC Vendors Marketplace<\/li>\n<li>Compatibilidad con listados de productos basados \u200b\u200ben subastas<\/li>\n<li>Sistema de pujas en tiempo real<\/li>\n<li>Horas de inicio y fin de subasta autom\u00e1ticas<\/li>\n<li>Configuraci\u00f3n de precios de reserva para vendedores<\/li>\n<li>Opci\u00f3n de \u00abComprar ahora\u00bb para postores<\/li>\n<li>Notificaciones al vendedor para pujas y subastas<\/li>\n<li>Plantillas de subasta personalizables<\/li>\n<li>Interfaz de usuario optimizada para dispositivos m\u00f3viles<\/li>\n<li>Compatibilidad con temas y plugins populares de WordPress<\/li>\n<\/ul>\n","protected":false},"excerpt":{"rendered":"<p>Presentamos WC Vendors Simple Auctions, la soluci\u00f3n definitiva para una gesti\u00f3n fluida de subastas en tu sitio de WordPress. Crea, gestiona y monitoriza subastas f\u00e1cilmente con nuestra interfaz intuitiva y potentes funciones. Este plugin se integra a la perfecci\u00f3n con tu configuraci\u00f3n actual, garantizando una experiencia sin complicaciones tanto para vendedores como para postores. Impulsa el potencial de tu mercado online con opciones personalizables, notificaciones en tiempo real y pasarelas de pago seguras. Optimiza tu plataforma de comercio electr\u00f3nico con WC Vendors Simple Auctions y transforma tu forma de realizar subastas online hoy mismo.<\/p>\n","protected":false},"featured_media":169423,"comment_status":"open","ping_status":"open","template":"","meta":[],"product_brand":[2590],"product_cat":[1207,1248,1206],"product_tag":[2251],"class_list":{"0":"post-169422","1":"product","2":"type-product","3":"status-publish","4":"has-post-thumbnail","6":"product_brand-wc-vendors","7":"product_cat-comercio-electronico-plugins","8":"product_cat-personalizacion-comercio-electronico-plugins","9":"product_cat-plugins","10":"product_tag-wc-vendors","11":"member-discount","12":"discount-restricted","14":"first","15":"instock","16":"sale","17":"downloadable","18":"virtual","19":"sold-individually","20":"purchasable","21":"product-type-simple"},"_links":{"self":[{"href":"https:\/\/gpl-love.com\/es\/wp-json\/wp\/v2\/product\/169422","targetHints":{"allow":["GET"]}}],"collection":[{"href":"https:\/\/gpl-love.com\/es\/wp-json\/wp\/v2\/product"}],"about":[{"href":"https:\/\/gpl-love.com\/es\/wp-json\/wp\/v2\/types\/product"}],"replies":[{"embeddable":true,"href":"https:\/\/gpl-love.com\/es\/wp-json\/wp\/v2\/comments?post=169422"}],"wp:featuredmedia":[{"embeddable":true,"href":"https:\/\/gpl-love.com\/es\/wp-json\/wp\/v2\/media\/169423"}],"wp:attachment":[{"href":"https:\/\/gpl-love.com\/es\/wp-json\/wp\/v2\/media?parent=169422"}],"wp:term":[{"taxonomy":"product_brand","embeddable":true,"href":"https:\/\/gpl-love.com\/es\/wp-json\/wp\/v2\/product_brand?post=169422"},{"taxonomy":"product_cat","embeddable":true,"href":"https:\/\/gpl-love.com\/es\/wp-json\/wp\/v2\/product_cat?post=169422"},{"taxonomy":"product_tag","embeddable":true,"href":"https:\/\/gpl-love.com\/es\/wp-json\/wp\/v2\/product_tag?post=169422"}],"curies":[{"name":"wp","href":"https:\/\/api.w.org\/{rel}","templated":true}]}}