{"id":169420,"date":"2026-04-08T00:00:00","date_gmt":"2026-04-08T05:00:00","guid":{"rendered":"https:\/\/gpl-love.com\/es\/producto\/memberpress-order-bumps\/"},"modified":"2026-04-08T11:16:51","modified_gmt":"2026-04-08T16:16:51","slug":"memberpress-order-bumps","status":"publish","type":"product","link":"https:\/\/gpl-love.com\/es\/producto\/memberpress-order-bumps\/","title":{"rendered":"MemberPress Order Bumps 1.0.6"},"content":{"rendered":"<h3>MemberPress Order Bumps Caracteristicas<\/h3>\n<p>\u00a1Impulsa tus ventas de membres\u00eda sin esfuerzo con MemberPress Order Bumps! Dise\u00f1ados para aumentar los ingresos por transacci\u00f3n, estos incrementos de pedido son una innovaci\u00f3n para cualquier sitio de membres\u00eda. Imagina a tus clientes a\u00f1adiendo mejoras o productos adicionales a su carrito con un solo clic.<\/p>\n<p>Con MemberPress Order Bumps, puedes ofrecer estrat\u00e9gicamente productos relevantes al finalizar la compra, animando a los clientes a mejorar su compra sin complicaciones. Esta intuitiva funci\u00f3n se integra a la perfecci\u00f3n con tu configuraci\u00f3n actual, garantizando una experiencia intuitiva tanto para ti como para tus miembros.<\/p>\n<p>La personalizaci\u00f3n es clave, y MemberPress Order Bumps te permite personalizar ofertas que se adaptan perfectamente a las necesidades de tu p\u00fablico, maximizando las tasas de conversi\u00f3n. Ya sea que ofrezcas una mejora de membres\u00eda premium, contenido exclusivo o un descuento especial, estos incrementos de pedido son una forma comprobada de aumentar la rentabilidad.<\/p>\n<p>No pierdas la oportunidad de mejorar tu estrategia de ventas con MemberPress Order Bumps. Impulsa el potencial de tu sitio de membres\u00eda hoy mismo y observa c\u00f3mo crecen tus ingresos mientras ofreces un valor excepcional a tus clientes.<\/p>\n<ul>\n<li>Integraci\u00f3n perfecta con las configuraciones existentes de MemberPress<\/li>\n<li>Interfaz f\u00e1cil de usar para a\u00f1adir promociones de pedidos a las p\u00e1ginas de pago<\/li>\n<li>Ofertas de pedidos personalizables que se adaptan a tu marca y promociones<\/li>\n<li>Aumenta el valor promedio de las transacciones ofreciendo productos complementarios<\/li>\n<li>Pruebas A\/B para optimizar la efectividad de las ofertas de pedidos<\/li>\n<li>An\u00e1lisis detallados e informes sobre el rendimiento de las ofertas de pedidos<\/li>\n<li>Dise\u00f1o optimizado para dispositivos m\u00f3viles que garantiza la compatibilidad entre ellos<\/li>\n<li>Compatible con m\u00faltiples pasarelas de pago para opciones de pago flexibles<\/li>\n<li>Compatible con los temas y plugins m\u00e1s populares de WordPress<\/li>\n<\/ul>\n","protected":false},"excerpt":{"rendered":"<p>Descubre el poder de MemberPress Order Bumps: tu herramienta definitiva para impulsar tus ingresos y mejorar la experiencia del usuario. Esta innovadora funci\u00f3n te permite aumentar las ventas f\u00e1cilmente ofreciendo upsells relevantes con un solo clic durante el proceso de compra. Con una integraci\u00f3n perfecta, MemberPress Order Bumps optimiza las tasas de conversi\u00f3n y maximiza tus ganancias. Dise\u00f1ado para ser f\u00e1cil de usar, te permite personalizar ofertas y adaptarlas a tu p\u00fablico, garantizando una experiencia de compra personalizada. Transforma tu estrategia de ventas y observa c\u00f3mo tu negocio prospera con MemberPress Order Bumps, la soluci\u00f3n inteligente para emprendedores con visi\u00f3n de futuro que buscan impulsar su comercio electr\u00f3nico.<\/p>\n","protected":false},"featured_media":169421,"comment_status":"open","ping_status":"open","template":"","meta":[],"product_brand":[2496],"product_cat":[1325,1206,1211],"product_tag":[1327],"class_list":{"0":"post-169420","1":"product","2":"type-product","3":"status-publish","4":"has-post-thumbnail","6":"product_brand-memberpress","7":"product_cat-afiliacion","8":"product_cat-plugins","9":"product_cat-wordpress-plugins","10":"product_tag-memberpress","11":"member-discount","12":"discount-restricted","14":"first","15":"instock","16":"sale","17":"downloadable","18":"virtual","19":"sold-individually","20":"purchasable","21":"product-type-simple"},"_links":{"self":[{"href":"https:\/\/gpl-love.com\/es\/wp-json\/wp\/v2\/product\/169420","targetHints":{"allow":["GET"]}}],"collection":[{"href":"https:\/\/gpl-love.com\/es\/wp-json\/wp\/v2\/product"}],"about":[{"href":"https:\/\/gpl-love.com\/es\/wp-json\/wp\/v2\/types\/product"}],"replies":[{"embeddable":true,"href":"https:\/\/gpl-love.com\/es\/wp-json\/wp\/v2\/comments?post=169420"}],"wp:featuredmedia":[{"embeddable":true,"href":"https:\/\/gpl-love.com\/es\/wp-json\/wp\/v2\/media\/169421"}],"wp:attachment":[{"href":"https:\/\/gpl-love.com\/es\/wp-json\/wp\/v2\/media?parent=169420"}],"wp:term":[{"taxonomy":"product_brand","embeddable":true,"href":"https:\/\/gpl-love.com\/es\/wp-json\/wp\/v2\/product_brand?post=169420"},{"taxonomy":"product_cat","embeddable":true,"href":"https:\/\/gpl-love.com\/es\/wp-json\/wp\/v2\/product_cat?post=169420"},{"taxonomy":"product_tag","embeddable":true,"href":"https:\/\/gpl-love.com\/es\/wp-json\/wp\/v2\/product_tag?post=169420"}],"curies":[{"name":"wp","href":"https:\/\/api.w.org\/{rel}","templated":true}]}}