{"id":169418,"date":"2025-07-21T00:00:00","date_gmt":"2025-07-21T05:00:00","guid":{"rendered":"https:\/\/gpl-love.com\/es\/producto\/mainwp-ssl-monitor\/"},"modified":"2026-03-09T08:50:29","modified_gmt":"2026-03-09T13:50:29","slug":"mainwp-ssl-monitor","status":"publish","type":"product","link":"https:\/\/gpl-love.com\/es\/producto\/mainwp-ssl-monitor\/","title":{"rendered":"MainWP SSL Monitor 5.1.3"},"content":{"rendered":"<h3>MainWP SSL Monitor Caracteristicas<\/h3>\n<p>Presentamos MainWP SSL Monitor: tu herramienta esencial para garantizar la seguridad de tu sitio web y aumentar la confianza de tus visitantes. En el panorama digital actual, mantener una conexi\u00f3n segura es crucial. Con MainWP SSL Monitor, puedes supervisar f\u00e1cilmente tus certificados SSL en varios sitios, asegur\u00e1ndote de que est\u00e9n siempre actualizados y funcionen correctamente.<\/p>\n<p>Esta potente herramienta se integra a la perfecci\u00f3n con tu panel de control de MainWP, ofreciendo una ubicaci\u00f3n centralizada para supervisar el rendimiento de los certificados SSL. Olv\u00eddate de la molestia de revisar manualmente cada sitio. MainWP SSL Monitor env\u00eda alertas oportunas sobre cualquier vencimiento o problema inminente, lo que te permite actuar r\u00e1pidamente antes de que surja cualquier problema.<\/p>\n<p>Dise\u00f1ado para ser f\u00e1cil de usar, MainWP SSL Monitor ofrece una interfaz intuitiva que facilita la gesti\u00f3n de certificados SSL para todos, desde principiantes hasta webmasters experimentados. Mejora la seguridad de tu sitio web, mejora tu posicionamiento SEO y ofrece una experiencia de navegaci\u00f3n m\u00e1s segura a tus visitantes con nuestra fiable soluci\u00f3n de monitorizaci\u00f3n de SSL.<\/p>\n<p>Controla la seguridad de tu sitio web hoy mismo con MainWP SSL Monitor.<\/p>\n<ul>\n<li>Monitorea los certificados SSL de todos los sitios web conectados<\/li>\n<li>Proporciona alertas sobre la pr\u00f3xima expiraci\u00f3n de certificados SSL<\/li>\n<li>Panel de control centralizado para una gesti\u00f3n sencilla<\/li>\n<li>Compatible con un n\u00famero ilimitado de sitios web<\/li>\n<li>Integraci\u00f3n con MainWP para una experiencia de usuario fluida<\/li>\n<li>Informes detallados sobre el estado y los problemas de SSL<\/li>\n<li>Configuraci\u00f3n de notificaciones personalizable<\/li>\n<li>Compatible con los principales proveedores de certificados SSL<\/li>\n<li>Interfaz intuitiva para una configuraci\u00f3n y monitorizaci\u00f3n r\u00e1pidas<\/li>\n<li>Actualizaciones peri\u00f3dicas para mejorar la seguridad y el rendimiento<\/li>\n<\/ul>\n","protected":false},"excerpt":{"rendered":"<p>Presentamos MainWP SSL Monitor: la soluci\u00f3n definitiva para mantener la seguridad y el rendimiento de su sitio web. Con una integraci\u00f3n perfecta, esta potente herramienta supervisa continuamente los certificados SSL, garantizando la seguridad y fiabilidad de sus sitios web. MainWP SSL Monitor proporciona alertas en tiempo real e informes detallados, lo que le ayuda a prevenir posibles vulnerabilidades y a mantener el cumplimiento normativo sin esfuerzo. Dise\u00f1ado para ser f\u00e1cil de usar, permite a los propietarios de sitios web administrar varios desde un \u00fanico panel, ahorrando tiempo y mejorando la productividad. Tanto si es un desarrollador experimentado como si es propietario de una peque\u00f1a empresa, MainWP SSL Monitor es la herramienta esencial para proteger su presencia en l\u00ednea. Mant\u00e9ngase protegido e informado con MainWP SSL Monitor hoy mismo.<\/p>\n","protected":false},"featured_media":169419,"comment_status":"open","ping_status":"open","template":"","meta":[],"product_brand":[2491],"product_cat":[1212,1206,1211],"product_tag":[1324],"class_list":{"0":"post-169418","1":"product","2":"type-product","3":"status-publish","4":"has-post-thumbnail","6":"product_brand-main-wp","7":"product_cat-administracion-wordpress-plugins","8":"product_cat-plugins","9":"product_cat-wordpress-plugins","10":"product_tag-main-wp","11":"member-discount","12":"discount-restricted","14":"first","15":"instock","16":"sale","17":"downloadable","18":"virtual","19":"sold-individually","20":"purchasable","21":"product-type-simple"},"_links":{"self":[{"href":"https:\/\/gpl-love.com\/es\/wp-json\/wp\/v2\/product\/169418","targetHints":{"allow":["GET"]}}],"collection":[{"href":"https:\/\/gpl-love.com\/es\/wp-json\/wp\/v2\/product"}],"about":[{"href":"https:\/\/gpl-love.com\/es\/wp-json\/wp\/v2\/types\/product"}],"replies":[{"embeddable":true,"href":"https:\/\/gpl-love.com\/es\/wp-json\/wp\/v2\/comments?post=169418"}],"wp:featuredmedia":[{"embeddable":true,"href":"https:\/\/gpl-love.com\/es\/wp-json\/wp\/v2\/media\/169419"}],"wp:attachment":[{"href":"https:\/\/gpl-love.com\/es\/wp-json\/wp\/v2\/media?parent=169418"}],"wp:term":[{"taxonomy":"product_brand","embeddable":true,"href":"https:\/\/gpl-love.com\/es\/wp-json\/wp\/v2\/product_brand?post=169418"},{"taxonomy":"product_cat","embeddable":true,"href":"https:\/\/gpl-love.com\/es\/wp-json\/wp\/v2\/product_cat?post=169418"},{"taxonomy":"product_tag","embeddable":true,"href":"https:\/\/gpl-love.com\/es\/wp-json\/wp\/v2\/product_tag?post=169418"}],"curies":[{"name":"wp","href":"https:\/\/api.w.org\/{rel}","templated":true}]}}