{"id":169416,"date":"2026-03-20T00:00:00","date_gmt":"2026-03-20T05:00:00","guid":{"rendered":"https:\/\/gpl-love.com\/es\/producto\/mainwp-database-updater\/"},"modified":"2026-03-20T17:17:09","modified_gmt":"2026-03-20T22:17:09","slug":"mainwp-database-updater","status":"publish","type":"product","link":"https:\/\/gpl-love.com\/es\/producto\/mainwp-database-updater\/","title":{"rendered":"MainWP Database Updater 5.1"},"content":{"rendered":"<h3>MainWP Database Updater Caracteristicas<\/h3>\n<p>Presentamos MainWP Database Updater, la soluci\u00f3n definitiva para una gesti\u00f3n fluida de WordPress. Dise\u00f1ada para la eficiencia y la facilidad de uso, esta herramienta garantiza que tu base de datos de WordPress est\u00e9 siempre actualizada, mejorando el rendimiento y la seguridad de tus sitios web.<\/p>\n<p>Con MainWP Database Updater, puedes gestionar f\u00e1cilmente las actualizaciones de varios sitios desde un \u00fanico panel. \u00a1Se acabaron las tediosas actualizaciones manuales! Nuestra herramienta automatiza todo el proceso, permiti\u00e9ndote concentrarte en lo que realmente importa: el crecimiento de tu negocio.<\/p>\n<p>Descubre el poder de una gesti\u00f3n de bases de datos optimizada con funciones adaptadas a las necesidades de los usuarios de WordPress. MainWP Database Updater no solo actualiza tus bases de datos, sino que tambi\u00e9n las optimiza, garantizando que tus sitios funcionen de forma fluida y eficiente. Dile adi\u00f3s a las bajas prestaciones y da la bienvenida a tiempos de carga ultrarr\u00e1pidos.<\/p>\n<p>Nuestra interfaz intuitiva facilita la navegaci\u00f3n para cualquier persona, ya seas un desarrollador experimentado o un principiante en WordPress. Adem\u00e1s, con nuestro excelente soporte y actualizaciones peri\u00f3dicas, puedes confiar en que tus sitios est\u00e1n en buenas manos.<\/p>\n<ul>\n<li>Actualiza y mantiene las bases de datos de WordPress eficientemente.<\/li>\n<li>Compatible con el panel de control de MainWP.<\/li>\n<li>Automatiza las actualizaciones de la base de datos para garantizar la seguridad.<\/li>\n<li>Proporciona registros detallados de las actividades de actualizaci\u00f3n.<\/li>\n<li>Compatible con varios sitios de WordPress.<\/li>\n<li>Interfaz intuitiva para una navegaci\u00f3n sencilla.<\/li>\n<li>Programaciones de actualizaci\u00f3n personalizables.<\/li>\n<li>Minimiza el tiempo de inactividad durante las actualizaciones.<\/li>\n<li>Ofrece opciones de copia de seguridad antes de actualizar.<\/li>\n<li>Plugin ligero con un impacto m\u00ednimo en el rendimiento del sitio.<\/li>\n<\/ul>\n","protected":false},"excerpt":{"rendered":"<p>Presentamos MainWP Database Updater, la soluci\u00f3n definitiva para una gesti\u00f3n fluida y automatizada de bases de datos de WordPress. Optimiza, actualiza y protege tu sitio web sin esfuerzo con este potente plugin. Dise\u00f1ado para webmasters que buscan eficiencia, MainWP Database Updater garantiza que tu base de datos est\u00e9 siempre en \u00f3ptimas condiciones, mejorando el rendimiento y la seguridad del sitio. Con funciones intuitivas y monitorizaci\u00f3n en tiempo real, gestionar varios sitios es pan comido. Olv\u00eddate de las actualizaciones manuales y disfruta de operaciones optimizadas. Descubre hoy mismo las ventajas de MainWP Database Updater y mejora tu experiencia con WordPress.<\/p>\n","protected":false},"featured_media":169417,"comment_status":"open","ping_status":"open","template":"","meta":[],"product_brand":[2491],"product_cat":[1212,1206,1211],"product_tag":[1324],"class_list":{"0":"post-169416","1":"product","2":"type-product","3":"status-publish","4":"has-post-thumbnail","6":"product_brand-main-wp","7":"product_cat-administracion-wordpress-plugins","8":"product_cat-plugins","9":"product_cat-wordpress-plugins","10":"product_tag-main-wp","11":"member-discount","12":"discount-restricted","14":"first","15":"instock","16":"sale","17":"downloadable","18":"virtual","19":"sold-individually","20":"purchasable","21":"product-type-simple"},"_links":{"self":[{"href":"https:\/\/gpl-love.com\/es\/wp-json\/wp\/v2\/product\/169416","targetHints":{"allow":["GET"]}}],"collection":[{"href":"https:\/\/gpl-love.com\/es\/wp-json\/wp\/v2\/product"}],"about":[{"href":"https:\/\/gpl-love.com\/es\/wp-json\/wp\/v2\/types\/product"}],"replies":[{"embeddable":true,"href":"https:\/\/gpl-love.com\/es\/wp-json\/wp\/v2\/comments?post=169416"}],"wp:featuredmedia":[{"embeddable":true,"href":"https:\/\/gpl-love.com\/es\/wp-json\/wp\/v2\/media\/169417"}],"wp:attachment":[{"href":"https:\/\/gpl-love.com\/es\/wp-json\/wp\/v2\/media?parent=169416"}],"wp:term":[{"taxonomy":"product_brand","embeddable":true,"href":"https:\/\/gpl-love.com\/es\/wp-json\/wp\/v2\/product_brand?post=169416"},{"taxonomy":"product_cat","embeddable":true,"href":"https:\/\/gpl-love.com\/es\/wp-json\/wp\/v2\/product_cat?post=169416"},{"taxonomy":"product_tag","embeddable":true,"href":"https:\/\/gpl-love.com\/es\/wp-json\/wp\/v2\/product_tag?post=169416"}],"curies":[{"name":"wp","href":"https:\/\/api.w.org\/{rel}","templated":true}]}}