{"id":169414,"date":"2026-04-08T00:00:00","date_gmt":"2026-04-08T05:00:00","guid":{"rendered":"https:\/\/gpl-love.com\/es\/producto\/memberpress-quaderno\/"},"modified":"2026-04-08T11:16:50","modified_gmt":"2026-04-08T16:16:50","slug":"memberpress-quaderno","status":"publish","type":"product","link":"https:\/\/gpl-love.com\/es\/producto\/memberpress-quaderno\/","title":{"rendered":"MemberPress Quaderno 1.0.4"},"content":{"rendered":"<h3>MemberPress Quaderno Caracteristicas<\/h3>\n<p>Presentamos la soluci\u00f3n definitiva para una gesti\u00f3n fluida de membres\u00edas y el cumplimiento fiscal: MemberPress con integraci\u00f3n con Quaderno. \u00bfCansado de lidiar con m\u00faltiples plataformas para gestionar tus membres\u00edas y gestionar impuestos? \u00a1No busques m\u00e1s! MemberPress, un plugin l\u00edder de membres\u00edas para WordPress, ahora se integra f\u00e1cilmente con Quaderno, la mejor opci\u00f3n para el cumplimiento fiscal automatizado.<\/p>\n<p>Con MemberPress y Quaderno, puedes crear y gestionar f\u00e1cilmente sitios de membres\u00eda, a la vez que te aseguras de cumplir con todas tus obligaciones fiscales. Esta potente combinaci\u00f3n simplifica el proceso calculando autom\u00e1ticamente los impuestos seg\u00fan la ubicaci\u00f3n de tus miembros, generando facturas precisas y manteni\u00e9ndote en cumplimiento con las \u00faltimas normativas fiscales.<\/p>\n<p>\u00a1La integraci\u00f3n es facil\u00edsima! Conecta MemberPress con Quaderno en tan solo unos clics y disfruta de informes fiscales en tiempo real y facturas atractivas y profesionales. Ya sea que vendas cursos en l\u00ednea, productos digitales o contenido exclusivo, MemberPress con Quaderno te permite concentrarte en el crecimiento de tu negocio sin las complicaciones de la gesti\u00f3n fiscal.<\/p>\n<p>\u00danase a miles de usuarios satisfechos que conf\u00edan en MemberPress y Quaderno para sus necesidades de membres\u00eda e impuestos.<\/p>\n<ul>\n<li>Integraci\u00f3n perfecta con MemberPress para el cumplimiento tributario<\/li>\n<li>C\u00e1lculo autom\u00e1tico de impuestos seg\u00fan la ubicaci\u00f3n del cliente<\/li>\n<li>Cumple con las normativas globales de IVA, GST e impuestos sobre las ventas<\/li>\n<li>Actualizaciones del tipo de cambio en tiempo real para una facturaci\u00f3n precisa<\/li>\n<li>Generaci\u00f3n autom\u00e1tica de facturas locales que cumplen con la normativa tributaria<\/li>\n<li>Almacenamiento seguro de datos de transacciones para auditor\u00edas<\/li>\n<li>Plantillas de facturas personalizables que se adaptan a la identidad de la marca<\/li>\n<li>Compatibilidad con m\u00faltiples divisas para transacciones internacionales<\/li>\n<li>Informes tributarios detallados para facilitar la presentaci\u00f3n y la contabilidad<\/li>\n<li>Notificaciones por correo electr\u00f3nico para transacciones exitosas y entrega de facturas<\/li>\n<\/ul>\n","protected":false},"excerpt":{"rendered":"<p>Presentamos MemberPress con integraci\u00f3n con Quaderno, la soluci\u00f3n definitiva para una gesti\u00f3n fluida de suscripciones y un cumplimiento fiscal automatizado. Gestione f\u00e1cilmente sus membres\u00edas, facturaci\u00f3n e impuestos, garantizando al mismo tiempo el cumplimiento de las normativas internacionales. MemberPress ofrece potentes funciones como una configuraci\u00f3n sencilla, opciones de pago flexibles e informes detallados. Al integrar Quaderno, automatiza el c\u00e1lculo de impuestos, la facturaci\u00f3n y el cumplimiento para clientes globales, ahorrando tiempo y reduciendo errores. Mejore la eficiencia de su negocio y conc\u00e9ntrese en el crecimiento con esta potente combinaci\u00f3n. Disfrute de la tranquilidad de que MemberPress y Quaderno trabajan juntos para optimizar sus operaciones e impulsar sus ingresos.<\/p>\n","protected":false},"featured_media":169415,"comment_status":"open","ping_status":"open","template":"","meta":[],"product_brand":[2496],"product_cat":[1325,1206,1211],"product_tag":[1327],"class_list":{"0":"post-169414","1":"product","2":"type-product","3":"status-publish","4":"has-post-thumbnail","6":"product_brand-memberpress","7":"product_cat-afiliacion","8":"product_cat-plugins","9":"product_cat-wordpress-plugins","10":"product_tag-memberpress","11":"member-discount","12":"discount-restricted","14":"first","15":"instock","16":"sale","17":"downloadable","18":"virtual","19":"sold-individually","20":"purchasable","21":"product-type-simple"},"_links":{"self":[{"href":"https:\/\/gpl-love.com\/es\/wp-json\/wp\/v2\/product\/169414","targetHints":{"allow":["GET"]}}],"collection":[{"href":"https:\/\/gpl-love.com\/es\/wp-json\/wp\/v2\/product"}],"about":[{"href":"https:\/\/gpl-love.com\/es\/wp-json\/wp\/v2\/types\/product"}],"replies":[{"embeddable":true,"href":"https:\/\/gpl-love.com\/es\/wp-json\/wp\/v2\/comments?post=169414"}],"wp:featuredmedia":[{"embeddable":true,"href":"https:\/\/gpl-love.com\/es\/wp-json\/wp\/v2\/media\/169415"}],"wp:attachment":[{"href":"https:\/\/gpl-love.com\/es\/wp-json\/wp\/v2\/media?parent=169414"}],"wp:term":[{"taxonomy":"product_brand","embeddable":true,"href":"https:\/\/gpl-love.com\/es\/wp-json\/wp\/v2\/product_brand?post=169414"},{"taxonomy":"product_cat","embeddable":true,"href":"https:\/\/gpl-love.com\/es\/wp-json\/wp\/v2\/product_cat?post=169414"},{"taxonomy":"product_tag","embeddable":true,"href":"https:\/\/gpl-love.com\/es\/wp-json\/wp\/v2\/product_tag?post=169414"}],"curies":[{"name":"wp","href":"https:\/\/api.w.org\/{rel}","templated":true}]}}