{"id":169412,"date":"2026-03-20T00:00:00","date_gmt":"2026-03-20T05:00:00","guid":{"rendered":"https:\/\/gpl-love.com\/es\/producto\/mainwp-domain-monitor\/"},"modified":"2026-03-20T17:17:08","modified_gmt":"2026-03-20T22:17:08","slug":"mainwp-domain-monitor","status":"publish","type":"product","link":"https:\/\/gpl-love.com\/es\/producto\/mainwp-domain-monitor\/","title":{"rendered":"MainWP Domain Monitor 5.1.5"},"content":{"rendered":"<h3>MainWP Domain Monitor Caracteristicas<\/h3>\n<p>Presentamos MainWP Domain Monitor, tu herramienta esencial para una gesti\u00f3n de dominios fluida. Como propietario de un sitio web experto, sabes lo importante que es supervisar tus dominios. Con MainWP Domain Monitor, monitoriza f\u00e1cilmente el estado de tu dominio, las fechas de vencimiento y los cambios cruciales, para que no te pierdas nada.<\/p>\n<p>Nuestra interfaz intuitiva te permite ver todos los detalles de tu dominio en un pr\u00e1ctico panel. MainWP Domain Monitor se integra f\u00e1cilmente con tu configuraci\u00f3n actual de MainWP, ofreciendo una soluci\u00f3n centralizada para la gesti\u00f3n de m\u00faltiples dominios. Mantente informado con alertas y notificaciones en tiempo real, que te permiten tomar medidas oportunas para asegurar tu presencia online.<\/p>\n<p>Tanto si gestionas un solo sitio web como una amplia red, MainWP Domain Monitor ofrece escalabilidad y flexibilidad. Protege tus inversiones y mant\u00e9n el control de tus dominios f\u00e1cilmente. Nuestra herramienta est\u00e1 dise\u00f1ada para ahorrarte tiempo y esfuerzo, para que puedas centrarte en el crecimiento de tu negocio.<\/p>\n<p>No dejes que los dominios vencidos o los cambios inesperados te pillen desprevenido. Elige MainWP Domain Monitor para una experiencia de gesti\u00f3n de dominios fiable y eficiente.<\/p>\n<ul>\n<li>Monitorea el estado y la salud del dominio<\/li>\n<li>Alertas de vencimiento de dominios<\/li>\n<li>Monitorea cambios y actualizaciones de DNS<\/li>\n<li>Proporciona informaci\u00f3n WHOIS<\/li>\n<li>Configuraci\u00f3n de notificaciones personalizable<\/li>\n<li>Se integra con el panel de control de MainWP<\/li>\n<li>Compatible con m\u00faltiples dominios<\/li>\n<li>Informes de estado peri\u00f3dicos<\/li>\n<li>Interfaz intuitiva<\/li>\n<li>Monitoreo de certificados SSL<\/li>\n<\/ul>\n","protected":false},"excerpt":{"rendered":"<p>Presentamos MainWP Domain Monitor: la soluci\u00f3n definitiva para una gesti\u00f3n de dominios fluida. Supervisa tus dominios f\u00e1cilmente con nuestra plataforma intuitiva, dise\u00f1ada para optimizar la gesti\u00f3n de tu sitio web. Entre sus funciones clave se incluyen alertas en tiempo real, informes completos y un panel de control intuitivo, lo que te garantiza estar siempre informado y preparado. Con MainWP Domain Monitor, las actualizaciones del estado de tu dominio est\u00e1n a un solo clic, lo que te permite concentrarte en lo que realmente importa: el crecimiento de tu negocio. Atrae clientes potenciales con nuestro servicio fiable y eficiente que te garantiza tranquilidad. Asegura tu presencia online hoy mismo con MainWP Domain Monitor y disfruta de un control y una comodidad inigualables.<\/p>\n","protected":false},"featured_media":169413,"comment_status":"open","ping_status":"open","template":"","meta":[],"product_brand":[2491],"product_cat":[1212,1206,1211],"product_tag":[1324],"class_list":{"0":"post-169412","1":"product","2":"type-product","3":"status-publish","4":"has-post-thumbnail","6":"product_brand-main-wp","7":"product_cat-administracion-wordpress-plugins","8":"product_cat-plugins","9":"product_cat-wordpress-plugins","10":"product_tag-main-wp","11":"member-discount","12":"discount-restricted","14":"first","15":"instock","16":"sale","17":"downloadable","18":"virtual","19":"sold-individually","20":"purchasable","21":"product-type-simple"},"_links":{"self":[{"href":"https:\/\/gpl-love.com\/es\/wp-json\/wp\/v2\/product\/169412","targetHints":{"allow":["GET"]}}],"collection":[{"href":"https:\/\/gpl-love.com\/es\/wp-json\/wp\/v2\/product"}],"about":[{"href":"https:\/\/gpl-love.com\/es\/wp-json\/wp\/v2\/types\/product"}],"replies":[{"embeddable":true,"href":"https:\/\/gpl-love.com\/es\/wp-json\/wp\/v2\/comments?post=169412"}],"wp:featuredmedia":[{"embeddable":true,"href":"https:\/\/gpl-love.com\/es\/wp-json\/wp\/v2\/media\/169413"}],"wp:attachment":[{"href":"https:\/\/gpl-love.com\/es\/wp-json\/wp\/v2\/media?parent=169412"}],"wp:term":[{"taxonomy":"product_brand","embeddable":true,"href":"https:\/\/gpl-love.com\/es\/wp-json\/wp\/v2\/product_brand?post=169412"},{"taxonomy":"product_cat","embeddable":true,"href":"https:\/\/gpl-love.com\/es\/wp-json\/wp\/v2\/product_cat?post=169412"},{"taxonomy":"product_tag","embeddable":true,"href":"https:\/\/gpl-love.com\/es\/wp-json\/wp\/v2\/product_tag?post=169412"}],"curies":[{"name":"wp","href":"https:\/\/api.w.org\/{rel}","templated":true}]}}