{"id":169410,"date":"2025-05-23T00:00:00","date_gmt":"2025-05-23T05:00:00","guid":{"rendered":"https:\/\/gpl-love.com\/es\/producto\/wc-vendors-membership\/"},"modified":"2026-03-09T08:50:25","modified_gmt":"2026-03-09T13:50:25","slug":"wc-vendors-membership","status":"publish","type":"product","link":"https:\/\/gpl-love.com\/es\/producto\/wc-vendors-membership\/","title":{"rendered":"WC Vendors Membership 1.2.2"},"content":{"rendered":"<h3>WC Vendors Membership Caracteristicas<\/h3>\n<p>Desbloquea todo el potencial de tu mercado online con la Membres\u00eda WC Vendors. Dise\u00f1ada para emprendedores ambiciosos, esta membres\u00eda ofrece una experiencia fluida para gestionar tiendas con m\u00faltiples proveedores. Disfruta de funciones exclusivas que agilizan la gesti\u00f3n de proveedores y mejoran la funcionalidad de tu tienda. Con la Membres\u00eda WC Vendors, puedes gestionar f\u00e1cilmente las comisiones, los pagos y los listados de productos, todo desde un panel de control intuitivo.<\/p>\n<p>Esta membres\u00eda proporciona a los proveedores herramientas para hacer crecer su negocio mientras t\u00fa mantienes el control y la supervisi\u00f3n. Benef\u00edciate de soporte prioritario y actualizaciones peri\u00f3dicas que mantienen tu mercado competitivo y seguro. Tanto si est\u00e1s empezando como expandiendo tu plataforma de comercio electr\u00f3nico, la Membres\u00eda WC Vendors te ofrece la flexibilidad y la escalabilidad que necesitas para alcanzar el \u00e9xito.<\/p>\n<p>\u00danete a una comunidad de exitosos propietarios de mercados que conf\u00edan en la Membres\u00eda WC Vendors para sus necesidades de comercio electr\u00f3nico. Transforma tu tienda online en una plataforma din\u00e1mica y generadora de ingresos que atrae a los mejores proveedores y satisface a los clientes. Experimenta la diferencia hoy mismo con la Membres\u00eda WC Vendors y observa c\u00f3mo tu mercado prospera.<\/p>\n<ul>\n<li>Integraci\u00f3n perfecta con WC Vendors Marketplace<\/li>\n<li>Planes de membres\u00eda flexibles para proveedores<\/li>\n<li>Facturaci\u00f3n y renovaci\u00f3n de suscripciones automatizadas<\/li>\n<li>Niveles y precios de membres\u00eda personalizables<\/li>\n<li>Acceso exclusivo para proveedores a funciones premium<\/li>\n<li>Herramientas integrales de informes y an\u00e1lisis<\/li>\n<li>F\u00e1cil configuraci\u00f3n e interfaz intuitiva<\/li>\n<li>Compatible con diversas pasarelas de pago<\/li>\n<li>Funciones mejoradas de gesti\u00f3n de proveedores<\/li>\n<\/ul>\n","protected":false},"excerpt":{"rendered":"<p>Descubre la plataforma definitiva para tu mercado online con la Membres\u00eda para Vendedores de WC. Esta potente e intuitiva herramienta permite a los vendedores gestionar sus tiendas de forma eficiente, ofreciendo opciones personalizables para optimizar tu experiencia de comercio electr\u00f3nico. Perfectamente integrada, ofrece funciones robustas como informes de ventas en tiempo real, pasarelas de pago seguras y comisiones flexibles. Con la Membres\u00eda para Vendedores de WC, puedes atraer a m\u00e1s vendedores e impulsar el crecimiento de tu mercado. Disfruta de un proceso de configuraci\u00f3n simplificado y un soporte excepcional, lo que garantiza que tu mercado prospere sin esfuerzo. Perfecta para emprendedores que buscan ampliar su alcance, esta membres\u00eda es tu puerta de entrada al \u00e9xito en el competitivo mundo de las ventas online.<\/p>\n","protected":false},"featured_media":169411,"comment_status":"open","ping_status":"open","template":"","meta":[],"product_brand":[2590],"product_cat":[1384,1207,1206],"product_tag":[2251],"class_list":{"0":"post-169410","1":"product","2":"type-product","3":"status-publish","4":"has-post-thumbnail","6":"product_brand-wc-vendors","7":"product_cat-afiliacion-comercio-electronico-plugins","8":"product_cat-comercio-electronico-plugins","9":"product_cat-plugins","10":"product_tag-wc-vendors","11":"member-discount","12":"discount-restricted","14":"first","15":"instock","16":"sale","17":"downloadable","18":"virtual","19":"sold-individually","20":"purchasable","21":"product-type-simple"},"_links":{"self":[{"href":"https:\/\/gpl-love.com\/es\/wp-json\/wp\/v2\/product\/169410","targetHints":{"allow":["GET"]}}],"collection":[{"href":"https:\/\/gpl-love.com\/es\/wp-json\/wp\/v2\/product"}],"about":[{"href":"https:\/\/gpl-love.com\/es\/wp-json\/wp\/v2\/types\/product"}],"replies":[{"embeddable":true,"href":"https:\/\/gpl-love.com\/es\/wp-json\/wp\/v2\/comments?post=169410"}],"wp:featuredmedia":[{"embeddable":true,"href":"https:\/\/gpl-love.com\/es\/wp-json\/wp\/v2\/media\/169411"}],"wp:attachment":[{"href":"https:\/\/gpl-love.com\/es\/wp-json\/wp\/v2\/media?parent=169410"}],"wp:term":[{"taxonomy":"product_brand","embeddable":true,"href":"https:\/\/gpl-love.com\/es\/wp-json\/wp\/v2\/product_brand?post=169410"},{"taxonomy":"product_cat","embeddable":true,"href":"https:\/\/gpl-love.com\/es\/wp-json\/wp\/v2\/product_cat?post=169410"},{"taxonomy":"product_tag","embeddable":true,"href":"https:\/\/gpl-love.com\/es\/wp-json\/wp\/v2\/product_tag?post=169410"}],"curies":[{"name":"wp","href":"https:\/\/api.w.org\/{rel}","templated":true}]}}