{"id":169408,"date":"2025-12-29T00:00:00","date_gmt":"2025-12-29T05:00:00","guid":{"rendered":"https:\/\/gpl-love.com\/es\/producto\/woocommerce-discount-manager\/"},"modified":"2026-04-03T23:16:39","modified_gmt":"2026-04-04T04:16:39","slug":"woocommerce-discount-manager","status":"publish","type":"product","link":"https:\/\/gpl-love.com\/es\/producto\/woocommerce-discount-manager\/","title":{"rendered":"WooCommerce Discount Manager 1.4.1"},"content":{"rendered":"<h3>WooCommerce Discount Manager Caracteristicas<\/h3>\n<p>Descubre el poder del Gestor de Descuentos de WooCommerce, tu soluci\u00f3n definitiva para gestionar f\u00e1cilmente los descuentos en tu tienda online. Impulsa las ventas y mejora la satisfacci\u00f3n del cliente configurando estrategias de precios din\u00e1micos que se adapten a las necesidades de tu negocio. Con nuestro Gestor de Descuentos de WooCommerce, puedes crear y personalizar f\u00e1cilmente diversas reglas de descuento, desde descuentos porcentuales hasta ofertas de compra uno y ll\u00e9vate otro gratis.<\/p>\n<p>Capta la atenci\u00f3n de tus clientes con promociones personalizadas que fomentan la repetici\u00f3n de compras y aumentan el valor del carrito. Nuestra interfaz intuitiva te permite configurar y gestionar tus descuentos sin complicaciones t\u00e9cnicas. Tanto si est\u00e1s realizando rebajas de temporada como ofreciendo ofertas exclusivas a clientes fieles, el Gestor de Descuentos de WooCommerce te permite hacerlo todo f\u00e1cilmente.<\/p>\n<p>Mantente a la vanguardia de la competencia aprovechando funciones avanzadas como la programaci\u00f3n de descuentos, la configuraci\u00f3n de l\u00edmites de uso y la aplicaci\u00f3n de descuentos a productos o categor\u00edas espec\u00edficos. Monitoriza el rendimiento de tus campa\u00f1as de descuento con an\u00e1lisis completos, lo que te permitir\u00e1 tomar decisiones basadas en datos para optimizar tu estrategia de ventas.<\/p>\n<ul>\n<li>Integraci\u00f3n perfecta con WooCommerce<\/li>\n<li>Posibilidad de crear descuentos porcentuales o de importe fijo<\/li>\n<li>Programaci\u00f3n de descuentos con fechas de inicio y fin<\/li>\n<li>Aplicaci\u00f3n de descuentos a productos espec\u00edficos, categor\u00edas o a toda la tienda<\/li>\n<li>Personalizaci\u00f3n de descuentos seg\u00fan el rol del usuario<\/li>\n<li>Descuentos acumulables para un mayor ahorro<\/li>\n<li>C\u00e1lculo de descuento en tiempo real durante el pago<\/li>\n<li>Opci\u00f3n para excluir art\u00edculos en oferta de descuentos adicionales<\/li>\n<li>Etiquetas y mensajes de descuento personalizables<\/li>\n<li>Informes y an\u00e1lisis detallados sobre el rendimiento de los descuentos<\/li>\n<\/ul>\n","protected":false},"excerpt":{"rendered":"<p>Presentamos WooCommerce Discount Manager: la soluci\u00f3n definitiva para impulsar las ventas y la fidelizaci\u00f3n de clientes. Esta potente herramienta, dise\u00f1ada para una integraci\u00f3n perfecta, te permite gestionar y personalizar f\u00e1cilmente descuentos, promociones y c\u00f3digos de cup\u00f3n. Con su interfaz intuitiva y sus potentes funciones, puedes optimizar tus estrategias de precios, atraer m\u00e1s clientes y aumentar las conversiones. Perfecto para empresas de todos los tama\u00f1os, WooCommerce Discount Manager garantiza flexibilidad y eficiencia, ayud\u00e1ndote a mantenerte a la vanguardia en un mercado competitivo. Maximiza el potencial de tu tienda y mejora la satisfacci\u00f3n de tus clientes con este plugin indispensable y repleto de funciones.<\/p>\n","protected":false},"featured_media":169409,"comment_status":"open","ping_status":"open","template":"","meta":[],"product_brand":[2422],"product_cat":[1208,1207,1206],"product_tag":[1660],"class_list":{"0":"post-169408","1":"product","2":"type-product","3":"status-publish","4":"has-post-thumbnail","6":"product_brand-barn2","7":"product_cat-administracion","8":"product_cat-comercio-electronico-plugins","9":"product_cat-plugins","10":"product_tag-barn2","11":"member-discount","12":"discount-restricted","14":"first","15":"instock","16":"sale","17":"downloadable","18":"virtual","19":"sold-individually","20":"purchasable","21":"product-type-simple"},"_links":{"self":[{"href":"https:\/\/gpl-love.com\/es\/wp-json\/wp\/v2\/product\/169408","targetHints":{"allow":["GET"]}}],"collection":[{"href":"https:\/\/gpl-love.com\/es\/wp-json\/wp\/v2\/product"}],"about":[{"href":"https:\/\/gpl-love.com\/es\/wp-json\/wp\/v2\/types\/product"}],"replies":[{"embeddable":true,"href":"https:\/\/gpl-love.com\/es\/wp-json\/wp\/v2\/comments?post=169408"}],"wp:featuredmedia":[{"embeddable":true,"href":"https:\/\/gpl-love.com\/es\/wp-json\/wp\/v2\/media\/169409"}],"wp:attachment":[{"href":"https:\/\/gpl-love.com\/es\/wp-json\/wp\/v2\/media?parent=169408"}],"wp:term":[{"taxonomy":"product_brand","embeddable":true,"href":"https:\/\/gpl-love.com\/es\/wp-json\/wp\/v2\/product_brand?post=169408"},{"taxonomy":"product_cat","embeddable":true,"href":"https:\/\/gpl-love.com\/es\/wp-json\/wp\/v2\/product_cat?post=169408"},{"taxonomy":"product_tag","embeddable":true,"href":"https:\/\/gpl-love.com\/es\/wp-json\/wp\/v2\/product_tag?post=169408"}],"curies":[{"name":"wp","href":"https:\/\/api.w.org\/{rel}","templated":true}]}}