{"id":169406,"date":"2026-04-18T00:00:00","date_gmt":"2026-04-18T05:00:00","guid":{"rendered":"https:\/\/gpl-love.com\/es\/producto\/paymatticpro\/"},"modified":"2026-04-18T17:17:23","modified_gmt":"2026-04-18T22:17:23","slug":"paymatticpro","status":"publish","type":"product","link":"https:\/\/gpl-love.com\/es\/producto\/paymatticpro\/","title":{"rendered":"Paymattic Pro 4.6.20"},"content":{"rendered":"<h3>Paymattic Pro Caracteristicas<\/h3>\n<p>Presentamos PaymatticPro, \u00a1la soluci\u00f3n definitiva para transacciones en l\u00ednea fluidas! \u00bfBusca una pasarela de pagos confiable que agilice las operaciones de su negocio? No busque m\u00e1s. PaymatticPro est\u00e1 dise\u00f1ado para satisfacer todas sus necesidades de procesamiento de pagos con facilidad y eficiencia.<\/p>\n<p>Con PaymatticPro, experimente transacciones r\u00e1pidas y seguras que mejoran la satisfacci\u00f3n del cliente. Nuestra tecnolog\u00eda de vanguardia garantiza la protecci\u00f3n de sus transacciones con medidas de seguridad de primer nivel, brind\u00e1ndole tranquilidad. Ya sea una peque\u00f1a o gran empresa, PaymatticPro se adapta f\u00e1cilmente a sus necesidades.<\/p>\n<p>Nuestra interfaz intuitiva le permite gestionar los pagos sin complicaciones, lo que la convierte en la opci\u00f3n perfecta para los due\u00f1os de negocios que priorizan la comodidad. Adem\u00e1s, con nuestro servicio de atenci\u00f3n al cliente dedicado, la ayuda siempre est\u00e1 a solo una llamada o un clic de distancia.<\/p>\n<p>\u00bfPor qu\u00e9 elegir PaymatticPro? Nuestra integraci\u00f3n fluida con diversas plataformas le garantiza estar listo para usar en poco tiempo, eliminando la necesidad de configuraciones complejas.<\/p>\n<ul>\n<li>Procesamiento de pagos fluido<\/li>\n<li>Compatibilidad con m\u00faltiples divisas<\/li>\n<li>Integraci\u00f3n con las pasarelas de pago m\u00e1s populares<\/li>\n<li>Interfaz de panel intuitiva<\/li>\n<li>Formularios de pago personalizables<\/li>\n<li>Cifrado seguro de transacciones<\/li>\n<li>Generaci\u00f3n autom\u00e1tica de recibos<\/li>\n<li>Informes detallados de transacciones<\/li>\n<li>Opciones de suscripci\u00f3n y pagos recurrentes<\/li>\n<li>Integraci\u00f3n de API f\u00e1cil de usar para desarrolladores<\/li>\n<\/ul>\n","protected":false},"excerpt":{"rendered":"<p>Presentamos PaymatticPro, la soluci\u00f3n de pago definitiva que transforma la forma en que gestiona sus transacciones. Dise\u00f1ada para una integraci\u00f3n perfecta, PaymatticPro ofrece funciones avanzadas que incluyen pago seguro, an\u00e1lisis en tiempo real y opciones de pago personalizables. Experimente una eficiencia inigualable con nuestra interfaz intuitiva, ideal para empresas de todos los tama\u00f1os. Impulse sus ventas y la satisfacci\u00f3n del cliente con nuestra plataforma confiable, r\u00e1pida y segura. Ya sea una peque\u00f1a empresa o una gran empresa, PaymatticPro se adapta a sus necesidades, garantizando transacciones fluidas y sin complicaciones. Descubra el futuro de los pagos con PaymatticPro hoy mismo y lleve su negocio al siguiente nivel.<\/p>\n","protected":false},"featured_media":169407,"comment_status":"open","ping_status":"open","template":"","meta":[],"product_brand":[2510],"product_cat":[1207,1426,1206],"product_tag":[1589],"class_list":{"0":"post-169406","1":"product","2":"type-product","3":"status-publish","4":"has-post-thumbnail","6":"product_brand-manage-ninja","7":"product_cat-comercio-electronico-plugins","8":"product_cat-pago-comercio-electronico-plugins","9":"product_cat-plugins","10":"product_tag-manage-ninja","11":"member-discount","12":"discount-restricted","14":"first","15":"instock","16":"sale","17":"downloadable","18":"virtual","19":"sold-individually","20":"purchasable","21":"product-type-simple"},"_links":{"self":[{"href":"https:\/\/gpl-love.com\/es\/wp-json\/wp\/v2\/product\/169406","targetHints":{"allow":["GET"]}}],"collection":[{"href":"https:\/\/gpl-love.com\/es\/wp-json\/wp\/v2\/product"}],"about":[{"href":"https:\/\/gpl-love.com\/es\/wp-json\/wp\/v2\/types\/product"}],"replies":[{"embeddable":true,"href":"https:\/\/gpl-love.com\/es\/wp-json\/wp\/v2\/comments?post=169406"}],"wp:featuredmedia":[{"embeddable":true,"href":"https:\/\/gpl-love.com\/es\/wp-json\/wp\/v2\/media\/169407"}],"wp:attachment":[{"href":"https:\/\/gpl-love.com\/es\/wp-json\/wp\/v2\/media?parent=169406"}],"wp:term":[{"taxonomy":"product_brand","embeddable":true,"href":"https:\/\/gpl-love.com\/es\/wp-json\/wp\/v2\/product_brand?post=169406"},{"taxonomy":"product_cat","embeddable":true,"href":"https:\/\/gpl-love.com\/es\/wp-json\/wp\/v2\/product_cat?post=169406"},{"taxonomy":"product_tag","embeddable":true,"href":"https:\/\/gpl-love.com\/es\/wp-json\/wp\/v2\/product_tag?post=169406"}],"curies":[{"name":"wp","href":"https:\/\/api.w.org\/{rel}","templated":true}]}}