{"id":169404,"date":"2025-05-23T00:00:00","date_gmt":"2025-05-23T05:00:00","guid":{"rendered":"https:\/\/gpl-love.com\/es\/producto\/gamipress-referrals\/"},"modified":"2026-03-09T08:50:21","modified_gmt":"2026-03-09T13:50:21","slug":"gamipress-referrals","status":"publish","type":"product","link":"https:\/\/gpl-love.com\/es\/producto\/gamipress-referrals\/","title":{"rendered":"GamiPress Referrals 1.1.6"},"content":{"rendered":"<h3>GamiPress Referrals Caracteristicas<\/h3>\n<p>Libera todo el potencial de tu sitio web con GamiPress Referrals, la herramienta definitiva para impulsar la interacci\u00f3n y recompensar a tus usuarios fieles. Al integrarse a la perfecci\u00f3n con tu configuraci\u00f3n actual, GamiPress Referrals transforma tu forma de interactuar con tu audiencia. Anima a los usuarios a compartir tu contenido ofreciendo atractivas recompensas por las recomendaciones exitosas.<\/p>\n<p>Con GamiPress Referrals, puedes rastrear y gestionar f\u00e1cilmente cada recomendaci\u00f3n, ofreciendo puntos, insignias o incluso recompensas monetarias para motivar a tu comunidad. Este potente plugin no solo amplifica la interacci\u00f3n de los usuarios, sino que tambi\u00e9n impulsa el crecimiento org\u00e1nico, ya que tus usuarios satisfechos se convierten en tus principales promotores.<\/p>\n<p>Dise\u00f1ado para ser f\u00e1cil de usar, GamiPress Referrals no requiere conocimientos de programaci\u00f3n, lo que lo hace accesible para todos. Personaliza las recompensas para que se ajusten perfectamente a los objetivos de tu marca, garantizando una experiencia personalizada para tus usuarios. La interfaz intuitiva te permite monitorear la actividad de las recomendaciones y ajustar las estrategias en tiempo real para obtener resultados \u00f3ptimos.<\/p>\n<p>Mejora tus estrategias de marketing y construye una comunidad vibrante y fiel con GamiPress Referrals.<\/p>\n<ul>\n<li>Integraci\u00f3n perfecta con el ecosistema de GamiPress<\/li>\n<li>Seguimiento y gesti\u00f3n eficaz de las recomendaciones de usuarios<\/li>\n<li>Recompensas y logros por recomendaci\u00f3n personalizables<\/li>\n<li>Interfaz intuitiva para una configuraci\u00f3n y gesti\u00f3n sencillas<\/li>\n<li>Informes y an\u00e1lisis detallados de recomendaciones<\/li>\n<li>Generaci\u00f3n autom\u00e1tica de enlaces de recomendaci\u00f3n para los usuarios<\/li>\n<li>Compatible con los plugins m\u00e1s populares de membres\u00eda y comercio electr\u00f3nico<\/li>\n<li>Compatible con m\u00faltiples tipos y escenarios de recomendaci\u00f3n<\/li>\n<li>Gesti\u00f3n de datos conforme al RGPD<\/li>\n<\/ul>\n","protected":false},"excerpt":{"rendered":"<p>Presentamos GamiPress Referrals, la soluci\u00f3n definitiva para optimizar tu estrategia de interacci\u00f3n. Con esta potente herramienta, puedes impulsar f\u00e1cilmente la interacci\u00f3n de tus usuarios e impulsar el crecimiento. GamiPress Referrals se integra a la perfecci\u00f3n con tu plataforma actual, lo que facilita su configuraci\u00f3n y uso. Recompensa a los usuarios por compartir tu contenido y ampl\u00eda tu alcance con el m\u00ednimo esfuerzo. Este plugin repleto de funciones no solo aumenta la participaci\u00f3n de los usuarios, sino que tambi\u00e9n amplifica la visibilidad de tu marca. Mejora tu estrategia de marketing con GamiPress Referrals, donde cada recomendaci\u00f3n cuenta. Perfecto para empresas que buscan incentivar y aumentar su audiencia org\u00e1nicamente. \u00a1Experimenta el poder de las recomendaciones hoy mismo!<\/p>\n","protected":false},"featured_media":169405,"comment_status":"open","ping_status":"open","template":"","meta":[],"product_brand":[2461],"product_cat":[1232,1206,1211],"product_tag":[2196],"class_list":{"0":"post-169404","1":"product","2":"type-product","3":"status-publish","4":"has-post-thumbnail","6":"product_brand-gami-press","7":"product_cat-marketing-wordpress-plugins","8":"product_cat-plugins","9":"product_cat-wordpress-plugins","10":"product_tag-gami-press","11":"member-discount","12":"discount-restricted","14":"first","15":"instock","16":"sale","17":"downloadable","18":"virtual","19":"sold-individually","20":"purchasable","21":"product-type-simple"},"_links":{"self":[{"href":"https:\/\/gpl-love.com\/es\/wp-json\/wp\/v2\/product\/169404","targetHints":{"allow":["GET"]}}],"collection":[{"href":"https:\/\/gpl-love.com\/es\/wp-json\/wp\/v2\/product"}],"about":[{"href":"https:\/\/gpl-love.com\/es\/wp-json\/wp\/v2\/types\/product"}],"replies":[{"embeddable":true,"href":"https:\/\/gpl-love.com\/es\/wp-json\/wp\/v2\/comments?post=169404"}],"wp:featuredmedia":[{"embeddable":true,"href":"https:\/\/gpl-love.com\/es\/wp-json\/wp\/v2\/media\/169405"}],"wp:attachment":[{"href":"https:\/\/gpl-love.com\/es\/wp-json\/wp\/v2\/media?parent=169404"}],"wp:term":[{"taxonomy":"product_brand","embeddable":true,"href":"https:\/\/gpl-love.com\/es\/wp-json\/wp\/v2\/product_brand?post=169404"},{"taxonomy":"product_cat","embeddable":true,"href":"https:\/\/gpl-love.com\/es\/wp-json\/wp\/v2\/product_cat?post=169404"},{"taxonomy":"product_tag","embeddable":true,"href":"https:\/\/gpl-love.com\/es\/wp-json\/wp\/v2\/product_tag?post=169404"}],"curies":[{"name":"wp","href":"https:\/\/api.w.org\/{rel}","templated":true}]}}