{"id":165151,"date":"2026-03-18T00:00:00","date_gmt":"2026-03-18T05:00:00","guid":{"rendered":"https:\/\/gpl-love.com\/es\/producto\/vendbase\/"},"modified":"2026-03-18T23:17:04","modified_gmt":"2026-03-19T04:17:04","slug":"vendbase","status":"publish","type":"product","link":"https:\/\/gpl-love.com\/es\/producto\/vendbase\/","title":{"rendered":"VendBase 1.1.0"},"content":{"rendered":"<h3>VendBase Caracteristicas<\/h3>\n<p>Presentamos VendBase para WooCommerce, la soluci\u00f3n definitiva para una integraci\u00f3n perfecta de comercio electr\u00f3nico en tu sitio de WordPress. Tanto si eres propietario de una peque\u00f1a empresa como si eres un experto en comercio electr\u00f3nico, VendBase est\u00e1 dise\u00f1ado para optimizar tu tienda online f\u00e1cilmente. Este potente plugin ofrece una interfaz intuitiva que te permite gestionar tu inventario, hacer seguimiento de las ventas y procesar pagos sin esfuerzo.<\/p>\n<p>VendBase para WordPress est\u00e1 repleto de funciones que lo convierten en la mejor opci\u00f3n para tus necesidades de comercio electr\u00f3nico. Con su panel intuitivo, puedes supervisar f\u00e1cilmente el rendimiento de tu tienda y tomar decisiones basadas en datos. La perfecta integraci\u00f3n con WordPress te garantiza que no tendr\u00e1s que preocuparte por problemas de compatibilidad.<\/p>\n<p>Nuestro avanzado sistema de gesti\u00f3n de inventario te permite controlar tus niveles de stock, configurar alertas de bajo inventario y gestionar las variaciones de productos con solo unos clics. VendBase tambi\u00e9n es compatible con varias pasarelas de pago, lo que facilita y protege las transacciones de tus clientes.<\/p>\n<ul>\n<li>Integraci\u00f3n perfecta con WooCommerce<\/li>\n<li>Interfaz intuitiva para una gesti\u00f3n sencilla<\/li>\n<li>Compatible con m\u00faltiples pasarelas de pago<\/li>\n<li>Opciones de dise\u00f1o de tienda personalizables<\/li>\n<li>Gesti\u00f3n y seguimiento de inventario<\/li>\n<li>Procesamiento seguro de transacciones<\/li>\n<li>Dise\u00f1o adaptable para dispositivos m\u00f3viles y ordenadores<\/li>\n<li>Herramientas avanzadas de an\u00e1lisis e informes<\/li>\n<li>Funciones de optimizaci\u00f3n SEO<\/li>\n<li>Gesti\u00f3n de cuentas de clientes<\/li>\n<\/ul>\n","protected":false},"excerpt":{"rendered":"<p>Presentamos VendBase para WordPress, la soluci\u00f3n definitiva de comercio electr\u00f3nico para tu tienda online. Dise\u00f1ada para integrarse a la perfecci\u00f3n con tu sitio WooCommerce, VendBase ofrece una interfaz intuitiva, una s\u00f3lida gesti\u00f3n de inventario y an\u00e1lisis en tiempo real. Impulsa tus ventas con opciones de personalizaci\u00f3n avanzadas y pasarelas de pago seguras. VendBase garantiza el funcionamiento fluido de tu tienda con un procesamiento de pedidos eficiente y actualizaciones autom\u00e1ticas. Perfecta para emprendedores que buscan una plataforma fiable y escalable, VendBase te permite gestionar tu negocio sin esfuerzo. Mejora tu experiencia de comercio electr\u00f3nico hoy mismo con VendBase para WordPress y observa c\u00f3mo tu negocio online prospera.<\/p>\n","protected":false},"featured_media":169391,"comment_status":"open","ping_status":"open","template":"","meta":[],"product_brand":[2713],"product_cat":[1208,1207,1206],"product_tag":[2714],"class_list":{"0":"post-165151","1":"product","2":"type-product","3":"status-publish","4":"has-post-thumbnail","6":"product_brand-vendbase","7":"product_cat-administracion","8":"product_cat-comercio-electronico-plugins","9":"product_cat-plugins","10":"product_tag-vendbase","11":"member-discount","12":"discount-restricted","14":"first","15":"instock","16":"sale","17":"downloadable","18":"virtual","19":"sold-individually","20":"purchasable","21":"product-type-simple"},"_links":{"self":[{"href":"https:\/\/gpl-love.com\/es\/wp-json\/wp\/v2\/product\/165151","targetHints":{"allow":["GET"]}}],"collection":[{"href":"https:\/\/gpl-love.com\/es\/wp-json\/wp\/v2\/product"}],"about":[{"href":"https:\/\/gpl-love.com\/es\/wp-json\/wp\/v2\/types\/product"}],"replies":[{"embeddable":true,"href":"https:\/\/gpl-love.com\/es\/wp-json\/wp\/v2\/comments?post=165151"}],"wp:featuredmedia":[{"embeddable":true,"href":"https:\/\/gpl-love.com\/es\/wp-json\/wp\/v2\/media\/169391"}],"wp:attachment":[{"href":"https:\/\/gpl-love.com\/es\/wp-json\/wp\/v2\/media?parent=165151"}],"wp:term":[{"taxonomy":"product_brand","embeddable":true,"href":"https:\/\/gpl-love.com\/es\/wp-json\/wp\/v2\/product_brand?post=165151"},{"taxonomy":"product_cat","embeddable":true,"href":"https:\/\/gpl-love.com\/es\/wp-json\/wp\/v2\/product_cat?post=165151"},{"taxonomy":"product_tag","embeddable":true,"href":"https:\/\/gpl-love.com\/es\/wp-json\/wp\/v2\/product_tag?post=165151"}],"curies":[{"name":"wp","href":"https:\/\/api.w.org\/{rel}","templated":true}]}}