{"id":165150,"date":"2026-02-14T00:00:00","date_gmt":"2026-02-14T05:00:00","guid":{"rendered":"https:\/\/gpl-love.com\/es\/producto\/all-in-one-wp-migration-google-drive\/"},"modified":"2026-03-09T08:50:15","modified_gmt":"2026-03-09T13:50:15","slug":"all-in-one-wp-migration-google-drive","status":"publish","type":"product","link":"https:\/\/gpl-love.com\/es\/producto\/all-in-one-wp-migration-google-drive\/","title":{"rendered":"All In One WP Migration Google Drive 2.96"},"content":{"rendered":"<h3>All In One WP Migration Google Drive Caracteristicas<\/h3>\n<p>Libera todo el potencial de tu sitio web con la integraci\u00f3n de All In One WP Migration con Google Drive. Esta potente extensi\u00f3n conecta tu sitio web a Google Drive sin problemas, ofreciendo soluciones de almacenamiento fiables y seguras. Con el plugin All In One WP Migration para Google Drive, puedes realizar copias de seguridad f\u00e1cilmente, garantizando que tus datos valiosos est\u00e9n siempre seguros y accesibles.<\/p>\n<p>Configurar la conexi\u00f3n de All In One WP Migration con Google Drive es sencillo gracias a nuestro completo tutorial. Tanto si eres un profesional con conocimientos t\u00e9cnicos como si eres principiante, nuestra gu\u00eda paso a paso simplifica el proceso de configuraci\u00f3n de All In One WP Migration con Google Drive. Disfruta de la tranquilidad de saber que los datos de tu sitio web est\u00e1n respaldados de forma segura con la funci\u00f3n de copia de seguridad de All In One WP Migration con Google Drive.<\/p>\n<p>\u00bfNecesitas ayuda? Nuestro equipo de soporte dedicado de All In One WP Migration para Google Drive est\u00e1 listo para ayudarte en cada paso del proceso. Conf\u00eda en la eficiencia y fiabilidad de la extensi\u00f3n All In One WP Migration para Google Drive y gestiona los datos de tu sitio web sin esfuerzo.<\/p>\n<ul>\n<li>Integraci\u00f3n perfecta con Google Drive para facilitar las copias de seguridad.<\/li>\n<li>Tama\u00f1o de archivo ilimitado para subidas y copias de seguridad.<\/li>\n<li>Funci\u00f3n de arrastrar y soltar para una operaci\u00f3n intuitiva.<\/li>\n<li>Compatible con las principales versiones de WordPress.<\/li>\n<li>Admite la migraci\u00f3n completa del sitio, incluyendo temas, plugins y contenido multimedia.<\/li>\n<li>Seguridad de alto nivel con copias de seguridad cifradas.<\/li>\n<li>Copias de seguridad incrementales para ahorrar espacio de almacenamiento.<\/li>\n<li>Copias de seguridad autom\u00e1ticas programadas en Google Drive.<\/li>\n<li>Admite la migraci\u00f3n de red multisitio.<\/li>\n<\/ul>\n","protected":false},"excerpt":{"rendered":"<p>Optimiza la gesti\u00f3n de tu sitio web con la extensi\u00f3n All In One WP Migration para Google Drive. Optimiza tu flujo de trabajo sin esfuerzo gracias a la integraci\u00f3n perfecta de All In One WP Migration con Google Drive, que permite copias de seguridad autom\u00e1ticas y almacenamiento seguro. Nuestra completa configuraci\u00f3n y tutorial de All In One WP Migration para Google Drive garantizan una experiencia sin complicaciones, con un soporte t\u00e9cnico siempre disponible. Con este potente plugin, tus datos se almacenan de forma segura en Google Drive, lo que te ofrece tranquilidad y un acceso f\u00e1cil. Simplifica el mantenimiento de tu sitio web y mejora su fiabilidad con nuestra fiable conexi\u00f3n All In One WP Migration para Google Drive.<\/p>\n","protected":false},"featured_media":169390,"comment_status":"open","ping_status":"open","template":"","meta":[],"product_brand":[2709],"product_cat":[1212,1206,1211],"product_tag":[2710],"class_list":{"0":"post-165150","1":"product","2":"type-product","3":"status-publish","4":"has-post-thumbnail","6":"product_brand-servmask","7":"product_cat-administracion-wordpress-plugins","8":"product_cat-plugins","9":"product_cat-wordpress-plugins","10":"product_tag-servmask","11":"member-discount","12":"discount-restricted","14":"first","15":"instock","16":"sale","17":"downloadable","18":"virtual","19":"sold-individually","20":"purchasable","21":"product-type-simple"},"_links":{"self":[{"href":"https:\/\/gpl-love.com\/es\/wp-json\/wp\/v2\/product\/165150","targetHints":{"allow":["GET"]}}],"collection":[{"href":"https:\/\/gpl-love.com\/es\/wp-json\/wp\/v2\/product"}],"about":[{"href":"https:\/\/gpl-love.com\/es\/wp-json\/wp\/v2\/types\/product"}],"replies":[{"embeddable":true,"href":"https:\/\/gpl-love.com\/es\/wp-json\/wp\/v2\/comments?post=165150"}],"wp:featuredmedia":[{"embeddable":true,"href":"https:\/\/gpl-love.com\/es\/wp-json\/wp\/v2\/media\/169390"}],"wp:attachment":[{"href":"https:\/\/gpl-love.com\/es\/wp-json\/wp\/v2\/media?parent=165150"}],"wp:term":[{"taxonomy":"product_brand","embeddable":true,"href":"https:\/\/gpl-love.com\/es\/wp-json\/wp\/v2\/product_brand?post=165150"},{"taxonomy":"product_cat","embeddable":true,"href":"https:\/\/gpl-love.com\/es\/wp-json\/wp\/v2\/product_cat?post=165150"},{"taxonomy":"product_tag","embeddable":true,"href":"https:\/\/gpl-love.com\/es\/wp-json\/wp\/v2\/product_tag?post=165150"}],"curies":[{"name":"wp","href":"https:\/\/api.w.org\/{rel}","templated":true}]}}