{"id":165147,"date":"2026-03-18T00:00:00","date_gmt":"2026-03-18T05:00:00","guid":{"rendered":"https:\/\/gpl-love.com\/es\/producto\/wpcode-pro\/"},"modified":"2026-03-18T11:17:15","modified_gmt":"2026-03-18T16:17:15","slug":"wpcode-pro","status":"publish","type":"product","link":"https:\/\/gpl-love.com\/es\/producto\/wpcode-pro\/","title":{"rendered":"WPCode Pro 2.3.5"},"content":{"rendered":"<h3>WPCode Pro Caracteristicas<\/h3>\n<p>Presentamos WPCode Pro, el plugin definitivo para WordPress, dise\u00f1ado para optimizar la experiencia de programaci\u00f3n de tu sitio web. Con WPCode Pro, puedes a\u00f1adir f\u00e1cilmente fragmentos de c\u00f3digo personalizados a tu sitio WordPress, optimizando la funcionalidad sin complejidad. Esta potente herramienta es perfecta tanto para desarrolladores como para principiantes, ya que ofrece una interfaz intuitiva que simplifica la gesti\u00f3n de fragmentos de c\u00f3digo.<\/p>\n<p>WPCode Pro destaca por sus robustas funciones, que incluyen una biblioteca de fragmentos, sugerencias inteligentes y funciones de comprobaci\u00f3n de errores que garantizan el funcionamiento impecable de tu sitio web. Ya sea que busques a\u00f1adir CSS, HTML, PHP o JavaScript personalizados, WPCode Pro ofrece una integraci\u00f3n perfecta, optimizando el rendimiento y las opciones de personalizaci\u00f3n de tu sitio.<\/p>\n<p>Descubre la flexibilidad de WPCode Pro y transforma tu sitio WordPress en una plataforma din\u00e1mica y atractiva. Su compatibilidad con diversos temas y plugins lo convierte en una herramienta esencial para cualquiera que busque optimizar su sitio web de forma eficiente. Adem\u00e1s, con actualizaciones peri\u00f3dicas y soporte dedicado, puedes confiar en WPCode Pro para mantener tu sitio a la vanguardia de la innovaci\u00f3n.<\/p>\n<ul>\n<li>Amplia biblioteca de fragmentos de c\u00f3digo predise\u00f1ados<\/li>\n<li>Editor de c\u00f3digo avanzado con resaltado de sintaxis<\/li>\n<li>Integraci\u00f3n perfecta con WordPress<\/li>\n<li>Gesti\u00f3n y organizaci\u00f3n personalizada de fragmentos<\/li>\n<li>L\u00f3gica condicional para la ejecuci\u00f3n de fragmentos<\/li>\n<li>Compatibilidad con PHP, HTML, CSS y JavaScript<\/li>\n<li>Importa y exporta fragmentos f\u00e1cilmente<\/li>\n<li>Interfaz intuitiva con controles<\/li>\n<li>Actualizaciones peri\u00f3dicas con nuevas funciones y mejoras<\/li>\n<li>Soporte prioritario y asistencia para la resoluci\u00f3n de problemas<\/li>\n<\/ul>\n","protected":false},"excerpt":{"rendered":"<p>Presentamos WPCode Pro, la soluci\u00f3n definitiva para una personalizaci\u00f3n fluida de WordPress, optimizada tanto para desarrolladores como para principiantes. Con WPCode Pro, puedes a\u00f1adir fragmentos de c\u00f3digo personalizados, mejorar la funcionalidad del sitio y optimizar el rendimiento sin escribir una sola l\u00ednea de c\u00f3digo. Esta potente herramienta ofrece una interfaz intuitiva, actualizaciones autom\u00e1ticas y un soporte t\u00e9cnico completo, lo que garantiza que tu sitio web funcione de forma fluida y eficiente. Descubre c\u00f3mo WPCode Pro puede transformar tu experiencia en WordPress, optimizar tu flujo de trabajo y ofrecerte una flexibilidad inigualable. Optimiza hoy mismo las capacidades de tu sitio con WPCode Pro, la mejor opci\u00f3n para optimizar WordPress sin esfuerzo.<\/p>\n","protected":false},"featured_media":169387,"comment_status":"open","ping_status":"open","template":"","meta":[],"product_brand":[2711],"product_cat":[1212,1206,1211],"product_tag":[2712],"class_list":{"0":"post-165147","1":"product","2":"type-product","3":"status-publish","4":"has-post-thumbnail","6":"product_brand-wpcode","7":"product_cat-administracion-wordpress-plugins","8":"product_cat-plugins","9":"product_cat-wordpress-plugins","10":"product_tag-wpcode","11":"member-discount","12":"discount-restricted","14":"first","15":"instock","16":"sale","17":"downloadable","18":"virtual","19":"sold-individually","20":"purchasable","21":"product-type-simple"},"_links":{"self":[{"href":"https:\/\/gpl-love.com\/es\/wp-json\/wp\/v2\/product\/165147","targetHints":{"allow":["GET"]}}],"collection":[{"href":"https:\/\/gpl-love.com\/es\/wp-json\/wp\/v2\/product"}],"about":[{"href":"https:\/\/gpl-love.com\/es\/wp-json\/wp\/v2\/types\/product"}],"replies":[{"embeddable":true,"href":"https:\/\/gpl-love.com\/es\/wp-json\/wp\/v2\/comments?post=165147"}],"wp:featuredmedia":[{"embeddable":true,"href":"https:\/\/gpl-love.com\/es\/wp-json\/wp\/v2\/media\/169387"}],"wp:attachment":[{"href":"https:\/\/gpl-love.com\/es\/wp-json\/wp\/v2\/media?parent=165147"}],"wp:term":[{"taxonomy":"product_brand","embeddable":true,"href":"https:\/\/gpl-love.com\/es\/wp-json\/wp\/v2\/product_brand?post=165147"},{"taxonomy":"product_cat","embeddable":true,"href":"https:\/\/gpl-love.com\/es\/wp-json\/wp\/v2\/product_cat?post=165147"},{"taxonomy":"product_tag","embeddable":true,"href":"https:\/\/gpl-love.com\/es\/wp-json\/wp\/v2\/product_tag?post=165147"}],"curies":[{"name":"wp","href":"https:\/\/api.w.org\/{rel}","templated":true}]}}