{"id":165146,"date":"2026-02-24T00:00:00","date_gmt":"2026-02-24T05:00:00","guid":{"rendered":"https:\/\/gpl-love.com\/es\/producto\/woocommerce-product-variation-table\/"},"modified":"2026-03-09T08:50:10","modified_gmt":"2026-03-09T13:50:10","slug":"woocommerce-product-variation-table","status":"publish","type":"product","link":"https:\/\/gpl-love.com\/es\/producto\/woocommerce-product-variation-table\/","title":{"rendered":"Woocommerce Product Variation Table 1.3.7"},"content":{"rendered":"<h3>Woocommerce Product Variation Table Caracteristicas<\/h3>\n<p>Presentamos la soluci\u00f3n definitiva para propietarios de tiendas WooCommerce: nuestra innovadora Tabla de Variaciones de Producto. Esta potente herramienta transforma la forma en que gestionas y muestras las variaciones de producto en tu sitio web, garantizando una experiencia de compra fluida para tus clientes. Con la Tabla de Variaciones de Producto de WooCommerce, puedes organizar y mostrar f\u00e1cilmente diferentes opciones de producto, como talla, color y estilo, en un formato de tabla claro y f\u00e1cil de navegar.<\/p>\n<p>Di adi\u00f3s a los confusos men\u00fas desplegables y dale la bienvenida a una interfaz atractiva e intuitiva que har\u00e1 que tus compradores vuelvan a por m\u00e1s. Nuestra Tabla de Variaciones de Producto es totalmente personalizable, lo que te permite adaptarla al estilo y la marca \u00fanicos de tu tienda. Adem\u00e1s, es responsiva y est\u00e1 optimizada para todos los dispositivos, lo que garantiza que tus clientes disfruten de una experiencia de navegaci\u00f3n fluida, tanto en ordenadores como en m\u00f3viles.<\/p>\n<p>Mejora la funcionalidad de tu tienda WooCommerce con nuestra Tabla de Variaciones de Producto y observa c\u00f3mo tus ventas se disparan. Es f\u00e1cil de instalar y se integra a la perfecci\u00f3n con tu configuraci\u00f3n actual, lo que la convierte en el complemento perfecto para cualquier tienda WooCommerce que busque mejorar la presentaci\u00f3n de sus productos y aumentar las conversiones.<\/p>\n<ul>\n<li>Muestra las variaciones de producto en formato de tabla.<\/li>\n<li>Compatible con WooCommerce.<\/li>\n<li>Admite productos variables con m\u00faltiples atributos.<\/li>\n<li>Permite a los clientes comparar variaciones f\u00e1cilmente.<\/li>\n<li>Dise\u00f1o de tabla personalizable.<\/li>\n<li>Responsivo y optimizado para dispositivos m\u00f3viles.<\/li>\n<li>Incluye opciones de b\u00fasqueda y filtro.<\/li>\n<li>F\u00e1cil de integrar con la tienda WooCommerce existente.<\/li>\n<li>Permite a\u00f1adir productos al carrito en masa.<\/li>\n<li>Compatible con AJAX para una experiencia de usuario fluida.<\/li>\n<\/ul>\n","protected":false},"excerpt":{"rendered":"<p>Presentamos la soluci\u00f3n definitiva para tu tienda online: la Tabla de Variaciones de Producto de WooCommerce. Perfecta para mejorar la experiencia del usuario, esta potente herramienta permite a los clientes comparar y seleccionar f\u00e1cilmente las variaciones de producto, aumentando as\u00ed su satisfacci\u00f3n y las ventas. Con una integraci\u00f3n perfecta, esta tabla es totalmente personalizable, responsiva y compatible con todos los temas. Est\u00e1 dise\u00f1ada para simplificar el proceso de compra, mostrando las caracter\u00edsticas y ventajas clave de un vistazo. Transforma tu plataforma de comercio electr\u00f3nico hoy mismo con la Tabla de Variaciones de Producto de WooCommerce: donde la eficiencia se une a la funcionalidad. Aumenta las conversiones y consigue que tus clientes vuelvan por m\u00e1s con esta herramienta esencial para WooCommerce.<\/p>\n","protected":false},"featured_media":169386,"comment_status":"open","ping_status":"open","template":"","meta":[],"product_brand":[2344],"product_cat":[1207,1248,1206],"product_tag":[1423],"class_list":{"0":"post-165146","1":"product","2":"type-product","3":"status-publish","4":"has-post-thumbnail","6":"product_brand-woocommerce","7":"product_cat-comercio-electronico-plugins","8":"product_cat-personalizacion-comercio-electronico-plugins","9":"product_cat-plugins","10":"product_tag-woocommerce","11":"member-discount","12":"discount-restricted","14":"first","15":"instock","16":"sale","17":"downloadable","18":"virtual","19":"sold-individually","20":"purchasable","21":"product-type-simple"},"_links":{"self":[{"href":"https:\/\/gpl-love.com\/es\/wp-json\/wp\/v2\/product\/165146","targetHints":{"allow":["GET"]}}],"collection":[{"href":"https:\/\/gpl-love.com\/es\/wp-json\/wp\/v2\/product"}],"about":[{"href":"https:\/\/gpl-love.com\/es\/wp-json\/wp\/v2\/types\/product"}],"replies":[{"embeddable":true,"href":"https:\/\/gpl-love.com\/es\/wp-json\/wp\/v2\/comments?post=165146"}],"wp:featuredmedia":[{"embeddable":true,"href":"https:\/\/gpl-love.com\/es\/wp-json\/wp\/v2\/media\/169386"}],"wp:attachment":[{"href":"https:\/\/gpl-love.com\/es\/wp-json\/wp\/v2\/media?parent=165146"}],"wp:term":[{"taxonomy":"product_brand","embeddable":true,"href":"https:\/\/gpl-love.com\/es\/wp-json\/wp\/v2\/product_brand?post=165146"},{"taxonomy":"product_cat","embeddable":true,"href":"https:\/\/gpl-love.com\/es\/wp-json\/wp\/v2\/product_cat?post=165146"},{"taxonomy":"product_tag","embeddable":true,"href":"https:\/\/gpl-love.com\/es\/wp-json\/wp\/v2\/product_tag?post=165146"}],"curies":[{"name":"wp","href":"https:\/\/api.w.org\/{rel}","templated":true}]}}