{"id":165145,"date":"2025-05-20T00:00:00","date_gmt":"2025-05-20T05:00:00","guid":{"rendered":"https:\/\/gpl-love.com\/es\/producto\/wpdiscuz-syntax-highlighter\/"},"modified":"2026-03-09T08:50:09","modified_gmt":"2026-03-09T13:50:09","slug":"wpdiscuz-syntax-highlighter","status":"publish","type":"product","link":"https:\/\/gpl-love.com\/es\/producto\/wpdiscuz-syntax-highlighter\/","title":{"rendered":"wpDiscuz Syntax Highlighter 1.0.8"},"content":{"rendered":"<h3>wpDiscuz Syntax Highlighter Caracteristicas<\/h3>\n<p>Mejora la secci\u00f3n de comentarios de tu sitio web con el Resaltador de Sintaxis de wpDiscuz, la herramienta definitiva para desarrolladores y entusiastas de la tecnolog\u00eda. Perfecto para quienes buscan fragmentos de c\u00f3digo legibles y atractivos, este plugin se integra a la perfecci\u00f3n con wpDiscuz, a\u00f1adiendo un toque vibrante de color a tus discusiones sobre c\u00f3digo. Compatible con m\u00faltiples lenguajes, el Resaltador de Sintaxis garantiza que cada l\u00ednea de c\u00f3digo destaque, convirtiendo la colaboraci\u00f3n y el aprendizaje en una experiencia agradable.<\/p>\n<p>Ya sea que compartas HTML, CSS, JavaScript o cualquier otro lenguaje de programaci\u00f3n, este resaltador mejora la legibilidad y la interacci\u00f3n del usuario. F\u00e1cil de instalar y configurar, no requiere conocimientos t\u00e9cnicos, lo que te permite concentrarte en lo m\u00e1s importante: tu contenido.<\/p>\n<p>Mejora el SEO de tu sitio web con presentaciones de c\u00f3digo limpias y organizadas que los motores de b\u00fasqueda adoran. Este plugin es ligero y r\u00e1pido, lo que garantiza que tu sitio mantenga un rendimiento \u00f3ptimo a la vez que ofrece una experiencia visualmente atractiva a tus visitantes.<\/p>\n<ul>\n<li>Compatible con m\u00faltiples lenguajes de programaci\u00f3n<\/li>\n<li>F\u00e1cil integraci\u00f3n con wpDiscuz<\/li>\n<li>Esquemas de color personalizables<\/li>\n<li>Ligero y de alto rendimiento<\/li>\n<li>Resaltado de sintaxis para fragmentos de c\u00f3digo<\/li>\n<li>Dise\u00f1o adaptable y optimizado para dispositivos m\u00f3viles<\/li>\n<li>Compatible con los principales temas de WordPress<\/li>\n<li>Interfaz intuitiva<\/li>\n<li>Optimizado para SEO para una mejor visibilidad<\/li>\n<\/ul>\n","protected":false},"excerpt":{"rendered":"<p>Presentamos el Resaltador de Sintaxis de wpDiscuz: la herramienta definitiva para mejorar la legibilidad del c\u00f3digo en tu foro. Integrado a la perfecci\u00f3n con wpDiscuz, este plugin repleto de funciones es compatible con m\u00faltiples lenguajes de programaci\u00f3n, lo que garantiza que tu c\u00f3digo se presente con claridad y precisi\u00f3n. Impulsa la interacci\u00f3n de tus usuarios con este intuitivo resaltador de sintaxis, dise\u00f1ado tanto para desarrolladores como para entusiastas de la tecnolog\u00eda. Personaliza f\u00e1cilmente la apariencia para que se adapte a tu tema, mejorando tanto la funcionalidad como la est\u00e9tica. Mejora la experiencia de tu foro ofreciendo una visualizaci\u00f3n clara y organizada de fragmentos de c\u00f3digo. Descubre hoy mismo las ventajas del Resaltador de Sintaxis de wpDiscuz y transforma la interacci\u00f3n de tu comunidad con el c\u00f3digo.<\/p>\n","protected":false},"featured_media":169385,"comment_status":"open","ping_status":"open","template":"","meta":[],"product_brand":[2645],"product_cat":[1214,1206,1211],"product_tag":[2204],"class_list":{"0":"post-165145","1":"product","2":"type-product","3":"status-publish","4":"has-post-thumbnail","6":"product_brand-wp-discuz","7":"product_cat-personalizacion","8":"product_cat-plugins","9":"product_cat-wordpress-plugins","10":"product_tag-wp-discuz","11":"member-discount","12":"discount-restricted","14":"first","15":"instock","16":"sale","17":"downloadable","18":"virtual","19":"sold-individually","20":"purchasable","21":"product-type-simple"},"_links":{"self":[{"href":"https:\/\/gpl-love.com\/es\/wp-json\/wp\/v2\/product\/165145","targetHints":{"allow":["GET"]}}],"collection":[{"href":"https:\/\/gpl-love.com\/es\/wp-json\/wp\/v2\/product"}],"about":[{"href":"https:\/\/gpl-love.com\/es\/wp-json\/wp\/v2\/types\/product"}],"replies":[{"embeddable":true,"href":"https:\/\/gpl-love.com\/es\/wp-json\/wp\/v2\/comments?post=165145"}],"wp:featuredmedia":[{"embeddable":true,"href":"https:\/\/gpl-love.com\/es\/wp-json\/wp\/v2\/media\/169385"}],"wp:attachment":[{"href":"https:\/\/gpl-love.com\/es\/wp-json\/wp\/v2\/media?parent=165145"}],"wp:term":[{"taxonomy":"product_brand","embeddable":true,"href":"https:\/\/gpl-love.com\/es\/wp-json\/wp\/v2\/product_brand?post=165145"},{"taxonomy":"product_cat","embeddable":true,"href":"https:\/\/gpl-love.com\/es\/wp-json\/wp\/v2\/product_cat?post=165145"},{"taxonomy":"product_tag","embeddable":true,"href":"https:\/\/gpl-love.com\/es\/wp-json\/wp\/v2\/product_tag?post=165145"}],"curies":[{"name":"wp","href":"https:\/\/api.w.org\/{rel}","templated":true}]}}