{"id":165144,"date":"2026-02-05T00:00:00","date_gmt":"2026-02-05T05:00:00","guid":{"rendered":"https:\/\/gpl-love.com\/es\/producto\/mainwp-favourites\/"},"modified":"2026-03-09T08:50:07","modified_gmt":"2026-03-09T13:50:07","slug":"mainwp-favourites","status":"publish","type":"product","link":"https:\/\/gpl-love.com\/es\/producto\/mainwp-favourites\/","title":{"rendered":"MainWP Favourites 5.2"},"content":{"rendered":"<h3>MainWP Favourites Caracteristicas<\/h3>\n<p>Presentamos MainWP Favourites, la soluci\u00f3n definitiva para los entusiastas de WordPress que buscan optimizar la gesti\u00f3n de sus sitios web. Con MainWP Favourites, puedes gestionar f\u00e1cilmente tus plugins y temas favoritos, garantizando que tu panel de control de WordPress est\u00e9 siempre optimizado y eficiente. Dise\u00f1ada espec\u00edficamente para webmasters y desarrolladores con mucho trabajo, esta potente herramienta te permite ahorrar tiempo y mejorar la productividad organizando tus recursos preferidos de WordPress en un \u00fanico lugar.<\/p>\n<p>Experimenta una integraci\u00f3n perfecta con el panel de control de MainWP, donde puedes a\u00f1adir, eliminar y actualizar f\u00e1cilmente tus plugins y temas favoritos con solo unos clics. Tanto si gestionas un solo sitio como varias instalaciones de WordPress, MainWP Favourites garantiza una experiencia consistente y personalizada en todos tus proyectos.<\/p>\n<p>Olv\u00eddate de la molestia de buscar tus plugins favoritos cada vez que creas un nuevo sitio. Con MainWP Favourites, tus mejores opciones siempre est\u00e1n a tu alcance, listas para usar cuando las necesites.<\/p>\n<ul>\n<li>Administraci\u00f3n centralizada de sitios WordPress<\/li>\n<li>Capacidad para guardar y administrar plugins y temas favoritos<\/li>\n<li>F\u00e1cil instalaci\u00f3n y activaci\u00f3n de favoritos en m\u00faltiples sitios<\/li>\n<li>Organizaci\u00f3n personalizable de elementos favoritos<\/li>\n<li>Actualizaciones autom\u00e1ticas de plugins y temas favoritos<\/li>\n<li>Compatibilidad con una amplia gama de plugins y temas WordPress<\/li>\n<li>Interfaz intuitiva para una gesti\u00f3n eficiente del sitio<\/li>\n<li>Gesti\u00f3n segura y privada de los datos del sitio WordPress<\/li>\n<li>Integraci\u00f3n perfecta con el panel de control de MainWP<\/li>\n<li>Funciones que ahorran tiempo al administrar m\u00faltiples proyectos WordPress<\/li>\n<\/ul>\n","protected":false},"excerpt":{"rendered":"<p>Presentamos Favoritos de MainWP, la herramienta definitiva para gestionar sitios WordPress de forma f\u00e1cil y eficiente. Dise\u00f1ado para optimizar tu flujo de trabajo, Favoritos de MainWP te permite guardar tus plugins y temas preferidos, garantizando un acceso r\u00e1pido y actualizaciones fluidas. Con esta potente funci\u00f3n, puedes aumentar la productividad, optimizar el rendimiento del sitio y mantener la coherencia entre varios sitios web. Perfecto para desarrolladores y administradores de sitios, Favoritos de MainWP simplifica el mantenimiento del sitio, ahorr\u00e1ndote tiempo y esfuerzo. Experimenta la comodidad y el poder de Favoritos de MainWP hoy mismo y eleva la gesti\u00f3n de tu WordPress a un nuevo nivel. Eficiente, fiable y f\u00e1cil de usar: Favoritos de MainWP es tu soluci\u00f3n ideal.<\/p>\n","protected":false},"featured_media":169384,"comment_status":"open","ping_status":"open","template":"","meta":[],"product_brand":[2491],"product_cat":[1212,1206,1211],"product_tag":[1324],"class_list":{"0":"post-165144","1":"product","2":"type-product","3":"status-publish","4":"has-post-thumbnail","6":"product_brand-main-wp","7":"product_cat-administracion-wordpress-plugins","8":"product_cat-plugins","9":"product_cat-wordpress-plugins","10":"product_tag-main-wp","11":"member-discount","12":"discount-restricted","14":"first","15":"instock","16":"sale","17":"downloadable","18":"virtual","19":"sold-individually","20":"purchasable","21":"product-type-simple"},"_links":{"self":[{"href":"https:\/\/gpl-love.com\/es\/wp-json\/wp\/v2\/product\/165144","targetHints":{"allow":["GET"]}}],"collection":[{"href":"https:\/\/gpl-love.com\/es\/wp-json\/wp\/v2\/product"}],"about":[{"href":"https:\/\/gpl-love.com\/es\/wp-json\/wp\/v2\/types\/product"}],"replies":[{"embeddable":true,"href":"https:\/\/gpl-love.com\/es\/wp-json\/wp\/v2\/comments?post=165144"}],"wp:featuredmedia":[{"embeddable":true,"href":"https:\/\/gpl-love.com\/es\/wp-json\/wp\/v2\/media\/169384"}],"wp:attachment":[{"href":"https:\/\/gpl-love.com\/es\/wp-json\/wp\/v2\/media?parent=165144"}],"wp:term":[{"taxonomy":"product_brand","embeddable":true,"href":"https:\/\/gpl-love.com\/es\/wp-json\/wp\/v2\/product_brand?post=165144"},{"taxonomy":"product_cat","embeddable":true,"href":"https:\/\/gpl-love.com\/es\/wp-json\/wp\/v2\/product_cat?post=165144"},{"taxonomy":"product_tag","embeddable":true,"href":"https:\/\/gpl-love.com\/es\/wp-json\/wp\/v2\/product_tag?post=165144"}],"curies":[{"name":"wp","href":"https:\/\/api.w.org\/{rel}","templated":true}]}}