{"id":165143,"date":"2026-02-14T00:00:00","date_gmt":"2026-02-14T05:00:00","guid":{"rendered":"https:\/\/gpl-love.com\/es\/producto\/publishpress-statuses-pro\/"},"modified":"2026-03-09T08:50:06","modified_gmt":"2026-03-09T13:50:06","slug":"publishpress-statuses-pro","status":"publish","type":"product","link":"https:\/\/gpl-love.com\/es\/producto\/publishpress-statuses-pro\/","title":{"rendered":"PublishPress Statuses Pro 1.2.3"},"content":{"rendered":"<h3>PublishPress Statuses Pro Caracteristicas<\/h3>\n<p>Presentamos PublishPress Statuses Pro, la herramienta definitiva para optimizar tu flujo de trabajo en WordPress. Dise\u00f1ado para creadores y editores de contenido, este potente plugin revoluciona la forma de gestionar tu contenido. Con PublishPress Statuses Pro, puedes crear estados personalizados que se adaptan perfectamente a tu proceso editorial, ofreciendo una flexibilidad y un control inigualables.<\/p>\n<p>\u00bfNecesitas hacer seguimiento del contenido desde su concepci\u00f3n hasta su publicaci\u00f3n? PublishPress Statuses Pro te lo pone f\u00e1cil con su interfaz intuitiva. Personaliza tu flujo de trabajo con estados como \u00abEn revisi\u00f3n\u00bb, \u00abNecesita edici\u00f3n\u00bb o \u00abListo para publicar\u00bb. Este plugin se integra a la perfecci\u00f3n con WordPress, garantizando una experiencia fluida para usuarios de todos los niveles.<\/p>\n<p>Impulsa la productividad de tu equipo manteniendo a todos informados. PublishPress Statuses Pro proporciona una visibilidad clara del estado de cada contenido, para que puedas evitar cuellos de botella y agilizar la comunicaci\u00f3n. Ya sea que gestiones un blog, un sitio de noticias o cualquier plataforma basada en contenido, este plugin es tu soluci\u00f3n ideal.<\/p>\n<ul>\n<li>Gesti\u00f3n avanzada de estados para WordPress<\/li>\n<li>Estados de flujo de trabajo personalizables<\/li>\n<li>Integraci\u00f3n con plugins de PublishPress<\/li>\n<li>Permisos de roles de usuario para cambios de estado<\/li>\n<li>Notificaciones de actualizaciones de estado<\/li>\n<li>Panel de control para el seguimiento del progreso del contenido<\/li>\n<li>Compatibilidad con el editor Gutenberg<\/li>\n<li>Compatibilidad con tipos de entradas personalizadas<\/li>\n<li>Compatibilidad con redes multisitio<\/li>\n<\/ul>\n","protected":false},"excerpt":{"rendered":"<p>Presentamos PublishPress Statuses Pro, la herramienta definitiva para optimizar tu flujo de trabajo en WordPress. Optimiza tu proceso de publicaci\u00f3n con estados personalizados, gesti\u00f3n de tareas y una mejor colaboraci\u00f3n. Este potente plugin te permite crear estados personalizados que se adaptan a tu flujo de trabajo editorial, garantizando la coordinaci\u00f3n entre todos los miembros del equipo. Con PublishPress Statuses Pro, puedes gestionar f\u00e1cilmente el progreso del contenido, desde el borrador hasta la publicaci\u00f3n, y todo lo dem\u00e1s. Aumenta la productividad y mant\u00e9n el control de calidad con funciones avanzadas dise\u00f1adas para una integraci\u00f3n perfecta. Ideal para creadores de contenido, editores y gestores de proyectos que buscan soluciones eficientes para WordPress. Optimiza tu proceso editorial hoy mismo con PublishPress Statuses Pro.<\/p>\n","protected":false},"featured_media":169383,"comment_status":"open","ping_status":"open","template":"","meta":[],"product_brand":[2541],"product_cat":[1214,1206,1211],"product_tag":[2135],"class_list":{"0":"post-165143","1":"product","2":"type-product","3":"status-publish","4":"has-post-thumbnail","6":"product_brand-publishpress","7":"product_cat-personalizacion","8":"product_cat-plugins","9":"product_cat-wordpress-plugins","10":"product_tag-publishpress","11":"member-discount","12":"discount-restricted","14":"first","15":"instock","16":"sale","17":"downloadable","18":"virtual","19":"sold-individually","20":"purchasable","21":"product-type-simple"},"_links":{"self":[{"href":"https:\/\/gpl-love.com\/es\/wp-json\/wp\/v2\/product\/165143","targetHints":{"allow":["GET"]}}],"collection":[{"href":"https:\/\/gpl-love.com\/es\/wp-json\/wp\/v2\/product"}],"about":[{"href":"https:\/\/gpl-love.com\/es\/wp-json\/wp\/v2\/types\/product"}],"replies":[{"embeddable":true,"href":"https:\/\/gpl-love.com\/es\/wp-json\/wp\/v2\/comments?post=165143"}],"wp:featuredmedia":[{"embeddable":true,"href":"https:\/\/gpl-love.com\/es\/wp-json\/wp\/v2\/media\/169383"}],"wp:attachment":[{"href":"https:\/\/gpl-love.com\/es\/wp-json\/wp\/v2\/media?parent=165143"}],"wp:term":[{"taxonomy":"product_brand","embeddable":true,"href":"https:\/\/gpl-love.com\/es\/wp-json\/wp\/v2\/product_brand?post=165143"},{"taxonomy":"product_cat","embeddable":true,"href":"https:\/\/gpl-love.com\/es\/wp-json\/wp\/v2\/product_cat?post=165143"},{"taxonomy":"product_tag","embeddable":true,"href":"https:\/\/gpl-love.com\/es\/wp-json\/wp\/v2\/product_tag?post=165143"}],"curies":[{"name":"wp","href":"https:\/\/api.w.org\/{rel}","templated":true}]}}