{"id":165142,"date":"2025-05-20T00:00:00","date_gmt":"2025-05-20T05:00:00","guid":{"rendered":"https:\/\/gpl-love.com\/es\/producto\/all-in-one-wp-migration-url\/"},"modified":"2026-03-09T08:50:04","modified_gmt":"2026-03-09T13:50:04","slug":"all-in-one-wp-migration-url","status":"publish","type":"product","link":"https:\/\/gpl-love.com\/es\/producto\/all-in-one-wp-migration-url\/","title":{"rendered":"All In One WP Migration URL 2.78"},"content":{"rendered":"<h3>All In One WP Migration URL Caracteristicas<\/h3>\n<p>Presentamos el plugin All In One WP Migration, la soluci\u00f3n definitiva para una gesti\u00f3n web fluida. Esta potente herramienta simplifica el proceso de exportaci\u00f3n e importaci\u00f3n de tu sitio WordPress. Tanto si eres un desarrollador experimentado como si eres principiante, este plugin garantiza una migraci\u00f3n sin complicaciones.<\/p>\n<p>Con All In One WP Migration, puedes transferir f\u00e1cilmente los datos de tu sitio web, incluyendo temas, plugins y archivos multimedia, con solo unos clics. Olv\u00eddate de las complejas y lentas migraciones manuales. Nuestro plugin es compatible con todos los proveedores de hosting y funciona a la perfecci\u00f3n en diferentes entornos de servidor.<\/p>\n<p>La intuitiva interfaz de arrastrar y soltar la hace accesible para usuarios de todos los niveles, mientras que sus robustas funciones de seguridad protegen tus valiosos datos durante la transferencia. Adem\u00e1s, la extensi\u00f3n de URL de All In One WP Migration te permite cambiar f\u00e1cilmente la URL de tu sitio durante el proceso de migraci\u00f3n, garantizando la consistencia y evitando enlaces rotos.<\/p>\n<p>\u00danete a millones de usuarios satisfechos que conf\u00edan en All In One WP Migration para la gesti\u00f3n de sus sitios web. Optimiza tu flujo de trabajo y ahorra tiempo con nuestra soluci\u00f3n fiable y eficiente.<\/p>\n<ul>\n<li>Compatible con sitios web de WordPress<\/li>\n<li>Migra f\u00e1cilmente tu sitio web con un solo clic<\/li>\n<li>Compatible con diversos proveedores de alojamiento<\/li>\n<li>Ajusta autom\u00e1ticamente las URL durante la migraci\u00f3n<\/li>\n<li>Interfaz de arrastrar y soltar para una operaci\u00f3n intuitiva<\/li>\n<li>Realiza copias de seguridad de los datos de tu sitio web durante la migraci\u00f3n<\/li>\n<li>No se requieren conocimientos t\u00e9cnicos para la configuraci\u00f3n<\/li>\n<li>Actualizaciones peri\u00f3dicas para garantizar la compatibilidad con las \u00faltimas versiones de WordPress<\/li>\n<li>Disponible en varios idiomas para uso global<\/li>\n<\/ul>\n","protected":false},"excerpt":{"rendered":"<p>Presentamos la herramienta All In One WP Migration, la soluci\u00f3n definitiva para una gesti\u00f3n sencilla de tu sitio web WordPress. Este potente plugin simplifica la migraci\u00f3n de tu sitio con solo unos clics, garantizando una transici\u00f3n fluida y sin complicaciones. Dise\u00f1ado tanto para principiantes como para profesionales, gestiona archivos grandes con facilidad y es compatible con una amplia gama de proveedores de hosting. Olv\u00eddate de las tediosas copias de seguridad y las complejas migraciones. Con su interfaz intuitiva y su robusta funcionalidad, All In One WP Migration es tu soluci\u00f3n ideal para una migraci\u00f3n eficiente de tu sitio web. Revoluciona tu experiencia WordPress hoy mismo y disfruta de una gesti\u00f3n de sitios web sin complicaciones como nunca antes.<\/p>\n","protected":false},"featured_media":169382,"comment_status":"open","ping_status":"open","template":"","meta":[],"product_brand":[2709],"product_cat":[1212,1206,1211],"product_tag":[2710],"class_list":{"0":"post-165142","1":"product","2":"type-product","3":"status-publish","4":"has-post-thumbnail","6":"product_brand-servmask","7":"product_cat-administracion-wordpress-plugins","8":"product_cat-plugins","9":"product_cat-wordpress-plugins","10":"product_tag-servmask","11":"member-discount","12":"discount-restricted","14":"first","15":"instock","16":"sale","17":"downloadable","18":"virtual","19":"sold-individually","20":"purchasable","21":"product-type-simple"},"_links":{"self":[{"href":"https:\/\/gpl-love.com\/es\/wp-json\/wp\/v2\/product\/165142","targetHints":{"allow":["GET"]}}],"collection":[{"href":"https:\/\/gpl-love.com\/es\/wp-json\/wp\/v2\/product"}],"about":[{"href":"https:\/\/gpl-love.com\/es\/wp-json\/wp\/v2\/types\/product"}],"replies":[{"embeddable":true,"href":"https:\/\/gpl-love.com\/es\/wp-json\/wp\/v2\/comments?post=165142"}],"wp:featuredmedia":[{"embeddable":true,"href":"https:\/\/gpl-love.com\/es\/wp-json\/wp\/v2\/media\/169382"}],"wp:attachment":[{"href":"https:\/\/gpl-love.com\/es\/wp-json\/wp\/v2\/media?parent=165142"}],"wp:term":[{"taxonomy":"product_brand","embeddable":true,"href":"https:\/\/gpl-love.com\/es\/wp-json\/wp\/v2\/product_brand?post=165142"},{"taxonomy":"product_cat","embeddable":true,"href":"https:\/\/gpl-love.com\/es\/wp-json\/wp\/v2\/product_cat?post=165142"},{"taxonomy":"product_tag","embeddable":true,"href":"https:\/\/gpl-love.com\/es\/wp-json\/wp\/v2\/product_tag?post=165142"}],"curies":[{"name":"wp","href":"https:\/\/api.w.org\/{rel}","templated":true}]}}