{"id":165141,"date":"2025-09-24T00:00:00","date_gmt":"2025-09-24T05:00:00","guid":{"rendered":"https:\/\/gpl-love.com\/es\/producto\/wordpress-pinterest-automatic\/"},"modified":"2026-03-09T08:50:02","modified_gmt":"2026-03-09T13:50:02","slug":"wordpress-pinterest-automatic","status":"publish","type":"product","link":"https:\/\/gpl-love.com\/es\/producto\/wordpress-pinterest-automatic\/","title":{"rendered":"WordPress Pinterest Automatic 4.20.1"},"content":{"rendered":"<h3>WordPress Pinterest Automatic Caracteristicas<\/h3>\n<p>Descubre el poder del plugin Pinterest Automatic para WordPress, tu herramienta definitiva para una integraci\u00f3n perfecta con Pinterest. Este plugin transforma tu experiencia de blog al automatizar el proceso de pinning, ahorr\u00e1ndote tiempo y mejorando la visibilidad de tu sitio. \u00bfTe preguntas c\u00f3mo usar Pinterest Automatic para WordPress? Nuestra completa gu\u00eda de configuraci\u00f3n te guiar\u00e1 paso a paso, garantizando una instalaci\u00f3n sin problemas.<\/p>\n<p>Sum\u00e9rgete en nuestro tutorial de Pinterest Automatic para WordPress y explora sus emocionantes funciones, desde el pinning autom\u00e1tico hasta la programaci\u00f3n personalizable. Optimiza tu estrategia SEO con nuestros consejos de expertos sobre Pinterest Automatic para WordPress, dise\u00f1ados para mejorar el alcance y el impacto de tu contenido.<\/p>\n<p>\u00bfTe interesan las experiencias de usuario reales? Consulta nuestra secci\u00f3n de rese\u00f1as de Pinterest Automatic para WordPress y descubre c\u00f3mo este plugin ha revolucionado la forma de compartir contenido. Garantiza un rendimiento \u00f3ptimo con nuestras pr\u00e1cticas recomendadas y consejos para la resoluci\u00f3n de problemas, para que puedas sacar el m\u00e1ximo provecho de esta potente herramienta.<\/p>\n<p>Tanto si eres principiante como si eres un bloguero experimentado, el plugin Pinterest Automatic para WordPress mejora tu estrategia de contenido. Afronta el futuro del intercambio de contenido con facilidad y eficiencia.<\/p>\n<ul>\n<li>Integraci\u00f3n perfecta con sitios web de WordPress<\/li>\n<li>Fija autom\u00e1ticamente im\u00e1genes de publicaciones en tableros de Pinterest<\/li>\n<li>Frecuencia de fijaci\u00f3n y opciones de programaci\u00f3n personalizables<\/li>\n<li>Admite la fijaci\u00f3n masiva de varias im\u00e1genes a la vez<\/li>\n<li>Fija directamente desde la biblioteca multimedia de WordPress<\/li>\n<li>Compatibilidad con pins enriquecidos para obtener detalles mejorados<\/li>\n<li>Compatible con varias cuentas de Pinterest<\/li>\n<li>Opci\u00f3n para fijar im\u00e1genes destacadas u otras im\u00e1genes espec\u00edficas<\/li>\n<li>Detecci\u00f3n y fijaci\u00f3n autom\u00e1tica de nuevo contenido<\/li>\n<li>Compatible con productos WooCommerce para la integraci\u00f3n con comercio electr\u00f3nico<\/li>\n<\/ul>\n","protected":false},"excerpt":{"rendered":"<p>Aprovecha al m\u00e1ximo el potencial de tu sitio web de WordPress con el plugin Pinterest Automatic para WordPress. Esta potente herramienta simplifica tu estrategia de redes sociales al fijar autom\u00e1ticamente tu contenido, generar tr\u00e1fico y aumentar la interacci\u00f3n. Nuestra completa gu\u00eda de configuraci\u00f3n y tutorial de Pinterest Automatic para WordPress te ofrece instrucciones paso a paso para usarlo eficazmente. Descubre las caracter\u00edsticas destacadas y las capacidades de integraci\u00f3n del plugin, junto con consejos de SEO para mejorar la visibilidad. Tanto si buscas consejos para solucionar problemas como las mejores pr\u00e1cticas, nuestra rese\u00f1a detallada abarca todos los aspectos. Mejora el rendimiento de tu sitio web hoy mismo con Pinterest Automatic para WordPress.<\/p>\n","protected":false},"featured_media":169381,"comment_status":"open","ping_status":"open","template":"","meta":[],"product_brand":[2339],"product_cat":[1212,1206,1211],"product_tag":[1256],"class_list":{"0":"post-165141","1":"product","2":"type-product","3":"status-publish","4":"has-post-thumbnail","6":"product_brand-codecanyon","7":"product_cat-administracion-wordpress-plugins","8":"product_cat-plugins","9":"product_cat-wordpress-plugins","10":"product_tag-codecanyon","11":"member-discount","12":"discount-restricted","14":"first","15":"instock","16":"sale","17":"downloadable","18":"virtual","19":"sold-individually","20":"purchasable","21":"product-type-simple"},"_links":{"self":[{"href":"https:\/\/gpl-love.com\/es\/wp-json\/wp\/v2\/product\/165141","targetHints":{"allow":["GET"]}}],"collection":[{"href":"https:\/\/gpl-love.com\/es\/wp-json\/wp\/v2\/product"}],"about":[{"href":"https:\/\/gpl-love.com\/es\/wp-json\/wp\/v2\/types\/product"}],"replies":[{"embeddable":true,"href":"https:\/\/gpl-love.com\/es\/wp-json\/wp\/v2\/comments?post=165141"}],"wp:featuredmedia":[{"embeddable":true,"href":"https:\/\/gpl-love.com\/es\/wp-json\/wp\/v2\/media\/169381"}],"wp:attachment":[{"href":"https:\/\/gpl-love.com\/es\/wp-json\/wp\/v2\/media?parent=165141"}],"wp:term":[{"taxonomy":"product_brand","embeddable":true,"href":"https:\/\/gpl-love.com\/es\/wp-json\/wp\/v2\/product_brand?post=165141"},{"taxonomy":"product_cat","embeddable":true,"href":"https:\/\/gpl-love.com\/es\/wp-json\/wp\/v2\/product_cat?post=165141"},{"taxonomy":"product_tag","embeddable":true,"href":"https:\/\/gpl-love.com\/es\/wp-json\/wp\/v2\/product_tag?post=165141"}],"curies":[{"name":"wp","href":"https:\/\/api.w.org\/{rel}","templated":true}]}}