{"id":165140,"date":"2026-03-28T00:00:00","date_gmt":"2026-03-28T05:00:00","guid":{"rendered":"https:\/\/gpl-love.com\/es\/producto\/nexter-blocks-pro\/"},"modified":"2026-03-28T05:16:24","modified_gmt":"2026-03-28T10:16:24","slug":"nexter-blocks-pro","status":"publish","type":"product","link":"https:\/\/gpl-love.com\/es\/producto\/nexter-blocks-pro\/","title":{"rendered":"Nexter Blocks Pro 4.7.1"},"content":{"rendered":"<h3>Nexter Blocks Pro Caracteristicas<\/h3>\n<p>Presentamos Nexter Blocks Pro para WordPress: una revoluci\u00f3n en el dise\u00f1o web. Libera tu potencial creativo con nuestro plugin intuitivo y f\u00e1cil de usar, dise\u00f1ado para mejorar tu experiencia en WordPress. Nexter Blocks Pro te permite crear sitios web impactantes y responsivos f\u00e1cilmente.<\/p>\n<p>Nuestro plugin ofrece una amplia biblioteca de bloques personalizables, perfectos para cualquier proyecto. Tanto si eres principiante como desarrollador experimentado, Nexter Blocks Pro simplifica el proceso con su funci\u00f3n de arrastrar y soltar. Dile adi\u00f3s a la codificaci\u00f3n compleja y dale la bienvenida a un dise\u00f1o optimizado.<\/p>\n<p>Mejora el rendimiento de tu sitio con bloques de carga r\u00e1pida y optimizados para SEO que garantizan que tu contenido tenga un mejor posicionamiento en los motores de b\u00fasqueda. Nexter Blocks Pro para WordPress es compatible con todos los temas, ofreciendo una integraci\u00f3n perfecta y una flexibilidad inigualable.<\/p>\n<p>Mantente a la vanguardia de la competencia con nuestras actualizaciones peri\u00f3dicas y nuestro equipo de soporte dedicado, siempre listo para ayudarte. Crea sitios web visualmente atractivos y din\u00e1micos que cautiven a tu audiencia e impulsen las conversiones.<\/p>\n<p>Descubre el poder de Nexter Blocks Pro para WordPress hoy mismo.<\/p>\n<ul>\n<li>Integraci\u00f3n perfecta con WordPress<\/li>\n<li>Editor de bloques con funci\u00f3n de arrastrar y soltar<\/li>\n<li>Dise\u00f1o adaptable para todos los dispositivos<\/li>\n<li>Amplia biblioteca de plantillas predise\u00f1adas<\/li>\n<li>Estilos y configuraciones de bloque personalizables<\/li>\n<li>Compatible con los temas m\u00e1s populares de WordPress<\/li>\n<li>Ligero y optimizado para un rendimiento r\u00e1pido<\/li>\n<li>Compatible con varios idiomas y preparado para traducci\u00f3n<\/li>\n<\/ul>\n","protected":false},"excerpt":{"rendered":"<p>Presentamos Nexter Blocks Pro para WordPress, la soluci\u00f3n definitiva para crear sitios web impactantes sin esfuerzo. Dise\u00f1ado tanto para principiantes como para expertos, este potente plugin revoluciona tu experiencia de dise\u00f1o web. Crea y personaliza f\u00e1cilmente con su intuitiva interfaz de arrastrar y soltar, ahorrando tiempo y potenciando tu creatividad. Nexter Blocks Pro se integra a la perfecci\u00f3n con temas populares, garantizando compatibilidad y flexibilidad. Mejora tu sitio con funciones avanzadas como dise\u00f1o responsivo, optimizaci\u00f3n SEO y un rendimiento ultrarr\u00e1pido. Ya sea que est\u00e9s creando un portafolio o una tienda online, Nexter Blocks Pro es tu herramienta ideal para obtener resultados profesionales y pulidos. \u00a1Transforma tu sitio WordPress hoy mismo con Nexter Blocks Pro!<\/p>\n","protected":false},"featured_media":169380,"comment_status":"open","ping_status":"open","template":"","meta":[],"product_brand":[2576],"product_cat":[1214,1206,1211],"product_tag":[2173],"class_list":{"0":"post-165140","1":"product","2":"type-product","3":"status-publish","4":"has-post-thumbnail","6":"product_brand-posimyth","7":"product_cat-personalizacion","8":"product_cat-plugins","9":"product_cat-wordpress-plugins","10":"product_tag-posimyth","11":"member-discount","12":"discount-restricted","14":"first","15":"instock","16":"sale","17":"downloadable","18":"virtual","19":"sold-individually","20":"purchasable","21":"product-type-simple"},"_links":{"self":[{"href":"https:\/\/gpl-love.com\/es\/wp-json\/wp\/v2\/product\/165140","targetHints":{"allow":["GET"]}}],"collection":[{"href":"https:\/\/gpl-love.com\/es\/wp-json\/wp\/v2\/product"}],"about":[{"href":"https:\/\/gpl-love.com\/es\/wp-json\/wp\/v2\/types\/product"}],"replies":[{"embeddable":true,"href":"https:\/\/gpl-love.com\/es\/wp-json\/wp\/v2\/comments?post=165140"}],"wp:featuredmedia":[{"embeddable":true,"href":"https:\/\/gpl-love.com\/es\/wp-json\/wp\/v2\/media\/169380"}],"wp:attachment":[{"href":"https:\/\/gpl-love.com\/es\/wp-json\/wp\/v2\/media?parent=165140"}],"wp:term":[{"taxonomy":"product_brand","embeddable":true,"href":"https:\/\/gpl-love.com\/es\/wp-json\/wp\/v2\/product_brand?post=165140"},{"taxonomy":"product_cat","embeddable":true,"href":"https:\/\/gpl-love.com\/es\/wp-json\/wp\/v2\/product_cat?post=165140"},{"taxonomy":"product_tag","embeddable":true,"href":"https:\/\/gpl-love.com\/es\/wp-json\/wp\/v2\/product_tag?post=165140"}],"curies":[{"name":"wp","href":"https:\/\/api.w.org\/{rel}","templated":true}]}}