{"id":165139,"date":"2025-10-28T00:00:00","date_gmt":"2025-10-28T05:00:00","guid":{"rendered":"https:\/\/gpl-love.com\/es\/producto\/jetsloth-gravity-forms-fetcher\/"},"modified":"2026-03-09T08:49:59","modified_gmt":"2026-03-09T13:49:59","slug":"jetsloth-gravity-forms-fetcher","status":"publish","type":"product","link":"https:\/\/gpl-love.com\/es\/producto\/jetsloth-gravity-forms-fetcher\/","title":{"rendered":"Jetsloth Gravity Forms Fetcher 1.3.13"},"content":{"rendered":"<h3>Jetsloth Gravity Forms Fetcher Caracteristicas<\/h3>\n<p>Libere todo el potencial de sus formularios con Jetsloth Gravity Forms Fetcher, la soluci\u00f3n definitiva para una gesti\u00f3n de datos optimizada. Dise\u00f1ada para la eficiencia, esta potente herramienta se integra a la perfecci\u00f3n con Gravity Forms, permiti\u00e9ndole obtener y gestionar las entradas de los formularios con facilidad. Ya sea que gestione consultas de clientes, resultados de encuestas o formularios de comentarios, Gravity Forms Fetcher le garantiza acceso instant\u00e1neo a los datos que necesita.<\/p>\n<p>D\u00edgale adi\u00f3s a la recuperaci\u00f3n manual de datos y d\u00e9 la bienvenida a la automatizaci\u00f3n. Con Jetsloth Gravity Forms Fetcher, puede extraer autom\u00e1ticamente las entradas seg\u00fan criterios espec\u00edficos, ahorrando tiempo y esfuerzo. Su interfaz intuitiva facilita la configuraci\u00f3n y el funcionamiento, incluso para principiantes. Adem\u00e1s, la robusta funcionalidad de la herramienta garantiza la compatibilidad con diversos flujos de trabajo, lo que la convierte en un complemento esencial para cualquier kit de herramientas digital.<\/p>\n<p>Experimente una comodidad y eficiencia inigualables con Gravity Forms Fetcher de Jetsloth. Perfecta para empresas de todos los tama\u00f1os, esta herramienta mejora la productividad y la precisi\u00f3n de los datos. No pierda la oportunidad de optimizar su proceso de gesti\u00f3n de formularios.<\/p>\n<ul>\n<li>Integraci\u00f3n perfecta con Gravity Forms<\/li>\n<li>Recupera y muestra autom\u00e1ticamente las entradas del formulario<\/li>\n<li>Opciones de visualizaci\u00f3n personalizables para las entradas<\/li>\n<li>Interfaz intuitiva<\/li>\n<li>Obtenci\u00f3n y actualizaci\u00f3n de datos en tiempo real<\/li>\n<li>Compatible con varios complementos de Gravity Forms<\/li>\n<li>Rendimiento ligero y eficiente<\/li>\n<li>F\u00e1cil configuraci\u00f3n<\/li>\n<li>Admite m\u00faltiples tipos de entrada de formulario<\/li>\n<\/ul>\n","protected":false},"excerpt":{"rendered":"<p>Presentamos Jetsloth Gravity Forms Fetcher, la herramienta definitiva para optimizar la gesti\u00f3n de formularios. Dise\u00f1ado para optimizar la recuperaci\u00f3n de datos, este potente plugin se integra a la perfecci\u00f3n con Gravity Forms, permiti\u00e9ndole obtener, filtrar y organizar los env\u00edos sin esfuerzo. Con su interfaz intuitiva y sus avanzadas opciones de personalizaci\u00f3n, Gravity Forms Fetcher le ahorra tiempo y aumenta la productividad. Ideal para empresas que buscan una gesti\u00f3n eficiente de datos, esta herramienta le garantiza que nunca se pierda informaci\u00f3n importante. Transforme su gesti\u00f3n de formularios hoy mismo con la innovadora soluci\u00f3n de Jetsloth y disfrute de una eficiencia y un control inigualables.<\/p>\n","protected":false},"featured_media":169379,"comment_status":"open","ping_status":"open","template":"","meta":[],"product_brand":[2481],"product_cat":[1216,1206,1211],"product_tag":[1317],"class_list":{"0":"post-165139","1":"product","2":"type-product","3":"status-publish","4":"has-post-thumbnail","6":"product_brand-jetsloth","7":"product_cat-formas","8":"product_cat-plugins","9":"product_cat-wordpress-plugins","10":"product_tag-jetsloth","11":"member-discount","12":"discount-restricted","14":"first","15":"instock","16":"sale","17":"downloadable","18":"virtual","19":"sold-individually","20":"purchasable","21":"product-type-simple"},"_links":{"self":[{"href":"https:\/\/gpl-love.com\/es\/wp-json\/wp\/v2\/product\/165139","targetHints":{"allow":["GET"]}}],"collection":[{"href":"https:\/\/gpl-love.com\/es\/wp-json\/wp\/v2\/product"}],"about":[{"href":"https:\/\/gpl-love.com\/es\/wp-json\/wp\/v2\/types\/product"}],"replies":[{"embeddable":true,"href":"https:\/\/gpl-love.com\/es\/wp-json\/wp\/v2\/comments?post=165139"}],"wp:featuredmedia":[{"embeddable":true,"href":"https:\/\/gpl-love.com\/es\/wp-json\/wp\/v2\/media\/169379"}],"wp:attachment":[{"href":"https:\/\/gpl-love.com\/es\/wp-json\/wp\/v2\/media?parent=165139"}],"wp:term":[{"taxonomy":"product_brand","embeddable":true,"href":"https:\/\/gpl-love.com\/es\/wp-json\/wp\/v2\/product_brand?post=165139"},{"taxonomy":"product_cat","embeddable":true,"href":"https:\/\/gpl-love.com\/es\/wp-json\/wp\/v2\/product_cat?post=165139"},{"taxonomy":"product_tag","embeddable":true,"href":"https:\/\/gpl-love.com\/es\/wp-json\/wp\/v2\/product_tag?post=165139"}],"curies":[{"name":"wp","href":"https:\/\/api.w.org\/{rel}","templated":true}]}}