{"id":165074,"date":"2026-05-01T00:00:00","date_gmt":"2026-05-01T05:00:00","guid":{"rendered":"https:\/\/gpl-love.com\/es\/producto\/paid-member-subscriptions-pro\/"},"modified":"2026-05-01T11:17:17","modified_gmt":"2026-05-01T16:17:17","slug":"paid-member-subscriptions-pro","status":"publish","type":"product","link":"https:\/\/gpl-love.com\/es\/producto\/paid-member-subscriptions-pro\/","title":{"rendered":"Paid Member Subscriptions Pro 1.9.8"},"content":{"rendered":"<h3>Paid Member Subscriptions Pro Caracteristicas<\/h3>\n<p>Aprovecha al m\u00e1ximo el potencial de tu sitio de membres\u00eda con Paid Member Subscriptions Pro. Este potente plugin te ofrece una forma sencilla de gestionar y monetizar tu contenido, convirtiendo a los visitantes ocasionales en miembros fieles. Perfecto para empresas, comunidades online y creadores de contenido, Paid Member Subscriptions Pro ofrece niveles de membres\u00eda flexibles, lo que te permite ofrecer contenido exclusivo y beneficios adaptados a tu audiencia.<\/p>\n<p>Con una interfaz intuitiva, puedes configurar y personalizar f\u00e1cilmente planes de suscripci\u00f3n, gestionar pagos y automatizar la comunicaci\u00f3n con los miembros. El plugin se integra a la perfecci\u00f3n con pasarelas de pago populares como PayPal y Stripe, lo que garantiza transacciones seguras y fiables. Adem\u00e1s, con funciones avanzadas como la distribuci\u00f3n de contenido, puedes publicar contenido estrat\u00e9gicamente para mantener a tus miembros interesados \u200b\u200by que vuelvan por m\u00e1s.<\/p>\n<p>Dise\u00f1ado para WordPress, Paid Member Subscriptions Pro es altamente compatible, lo que garantiza una experiencia fluida tanto para ti como para tus usuarios. Tanto si est\u00e1s lanzando un nuevo sitio de membres\u00eda como actualizando uno existente, este plugin te proporciona las herramientas que necesitas para triunfar.<\/p>\n<ul>\n<li>Sistema avanzado de gesti\u00f3n de membres\u00edas<\/li>\n<li>Planes de suscripci\u00f3n personalizables<\/li>\n<li>Pagos recurrentes<\/li>\n<li>Opciones de restricci\u00f3n de contenido<\/li>\n<li>Registro de usuarios y gesti\u00f3n de perfiles<\/li>\n<li>Integraci\u00f3n con pasarelas de pago populares<\/li>\n<li>Funci\u00f3n de c\u00f3digos de descuento y promociones<\/li>\n<li>Niveles de suscripci\u00f3n multinivel<\/li>\n<li>Informes y an\u00e1lisis detallados<\/li>\n<\/ul>\n","protected":false},"excerpt":{"rendered":"<p>Presentamos Suscripciones de Pago Pro: la soluci\u00f3n definitiva para gestionar membres\u00edas de forma f\u00e1cil y eficiente. Esta potente herramienta te permite crear planes de suscripci\u00f3n personalizables y se integra a la perfecci\u00f3n con tu sitio web. Con funciones robustas como facturaci\u00f3n automatizada, restricci\u00f3n de contenido y paneles de control intuitivos, puedes mejorar la interacci\u00f3n de tus usuarios y aumentar tus ingresos. Tanto si gestionas una peque\u00f1a empresa como una gran organizaci\u00f3n, Suscripciones de Pago Pro simplifica la gesti\u00f3n de membres\u00edas y ofrece una atenci\u00f3n al cliente excepcional. Mejora tu experiencia de membres\u00eda hoy mismo y observa c\u00f3mo tu comunidad crece sin esfuerzo.<\/p>\n","protected":false},"featured_media":169378,"comment_status":"open","ping_status":"open","template":"","meta":[],"product_brand":[2523],"product_cat":[1214,1206,1211],"product_tag":[2277],"class_list":{"0":"post-165074","1":"product","2":"type-product","3":"status-publish","4":"has-post-thumbnail","6":"product_brand-cozmoslabs","7":"product_cat-personalizacion","8":"product_cat-plugins","9":"product_cat-wordpress-plugins","10":"product_tag-cozmoslabs","11":"member-discount","12":"discount-restricted","14":"first","15":"instock","16":"sale","17":"downloadable","18":"virtual","19":"sold-individually","20":"purchasable","21":"product-type-simple"},"_links":{"self":[{"href":"https:\/\/gpl-love.com\/es\/wp-json\/wp\/v2\/product\/165074","targetHints":{"allow":["GET"]}}],"collection":[{"href":"https:\/\/gpl-love.com\/es\/wp-json\/wp\/v2\/product"}],"about":[{"href":"https:\/\/gpl-love.com\/es\/wp-json\/wp\/v2\/types\/product"}],"replies":[{"embeddable":true,"href":"https:\/\/gpl-love.com\/es\/wp-json\/wp\/v2\/comments?post=165074"}],"wp:featuredmedia":[{"embeddable":true,"href":"https:\/\/gpl-love.com\/es\/wp-json\/wp\/v2\/media\/169378"}],"wp:attachment":[{"href":"https:\/\/gpl-love.com\/es\/wp-json\/wp\/v2\/media?parent=165074"}],"wp:term":[{"taxonomy":"product_brand","embeddable":true,"href":"https:\/\/gpl-love.com\/es\/wp-json\/wp\/v2\/product_brand?post=165074"},{"taxonomy":"product_cat","embeddable":true,"href":"https:\/\/gpl-love.com\/es\/wp-json\/wp\/v2\/product_cat?post=165074"},{"taxonomy":"product_tag","embeddable":true,"href":"https:\/\/gpl-love.com\/es\/wp-json\/wp\/v2\/product_tag?post=165074"}],"curies":[{"name":"wp","href":"https:\/\/api.w.org\/{rel}","templated":true}]}}