{"id":165072,"date":"2025-05-13T00:00:00","date_gmt":"2025-05-13T05:00:00","guid":{"rendered":"https:\/\/gpl-love.com\/es\/producto\/woocommerce-account-pages\/"},"modified":"2026-03-09T08:49:56","modified_gmt":"2026-03-09T13:49:56","slug":"woocommerce-account-pages","status":"publish","type":"product","link":"https:\/\/gpl-love.com\/es\/producto\/woocommerce-account-pages\/","title":{"rendered":"WooCommerce Account Pages 1.7.1"},"content":{"rendered":"<h3>WooCommerce Account Pages Caracteristicas<\/h3>\n<p>Transforma la experiencia de tu tienda online con las P\u00e1ginas de Cuenta Iconic WooCommerce, la soluci\u00f3n definitiva para optimizar la interacci\u00f3n con tus clientes. Dise\u00f1adas para integrarse a la perfecci\u00f3n con tu plataforma WooCommerce, estas p\u00e1ginas ofrecen una interfaz elegante e intuitiva que aumenta la satisfacci\u00f3n del cliente.<\/p>\n<p>Con las P\u00e1ginas de Cuenta Iconic WooCommerce, puedes personalizar cada aspecto de la experiencia del usuario. Desde paneles personalizados hasta una gesti\u00f3n de pedidos optimizada, esta herramienta ofrece a tus clientes una navegaci\u00f3n intuitiva y actualizaciones en tiempo real. Impulsa la interacci\u00f3n y las compras recurrentes ofreciendo una experiencia de compra premium y sin complicaciones que har\u00e1 que tus clientes vuelvan.<\/p>\n<p>Nuestras P\u00e1ginas de Cuenta Iconic WooCommerce son totalmente responsivas, lo que garantiza un rendimiento impecable en todos los dispositivos. La instalaci\u00f3n es muy sencilla, con soporte completo y actualizaciones peri\u00f3dicas para mantener tu sitio web a la vanguardia.<\/p>\n<ul>\n<li>Integraci\u00f3n perfecta con WooCommerce<\/li>\n<li>Dise\u00f1os de p\u00e1gina de cuenta personalizables<\/li>\n<li>Dise\u00f1o adaptable a dispositivos m\u00f3viles<\/li>\n<li>Editor f\u00e1cil de usar con funci\u00f3n de arrastrar y soltar<\/li>\n<li>Plantillas predise\u00f1adas para una configuraci\u00f3n r\u00e1pida<\/li>\n<li>Interfaz intuitiva para clientes<\/li>\n<li>Admite campos personalizados y datos de usuario<\/li>\n<li>Compatible con los temas m\u00e1s populares de WooCommerce<\/li>\n<li>Compatibilidad con varios idiomas<\/li>\n<\/ul>\n","protected":false},"excerpt":{"rendered":"<p>Presentamos Iconic WooCommerce Account Pages, la soluci\u00f3n definitiva para mejorar la experiencia de usuario de tu tienda online. Dise\u00f1ado para integrarse a la perfecci\u00f3n con WooCommerce, este innovador plugin transforma tus p\u00e1ginas de cuenta est\u00e1ndar en centros de usuario atractivos y personalizados. Con dise\u00f1os personalizables y una navegaci\u00f3n intuitiva, permite a los usuarios gestionar sus cuentas sin esfuerzo. Aumenta la satisfacci\u00f3n y la retenci\u00f3n de clientes mostrando el historial de pedidos, las descargas y la informaci\u00f3n personal de forma clara y atractiva. Mejora el atractivo y la funcionalidad de tu tienda con Iconic WooCommerce Account Pages, la herramienta perfecta para los negocios online modernos que buscan optimizar la interacci\u00f3n del usuario y fortalecer la presencia de su marca.<\/p>\n","protected":false},"featured_media":169376,"comment_status":"open","ping_status":"open","template":"","meta":[],"product_brand":[2476],"product_cat":[1207,1248,1206],"product_tag":[1603],"class_list":{"0":"post-165072","1":"product","2":"type-product","3":"status-publish","4":"has-post-thumbnail","6":"product_brand-iconic","7":"product_cat-comercio-electronico-plugins","8":"product_cat-personalizacion-comercio-electronico-plugins","9":"product_cat-plugins","10":"product_tag-iconic","11":"member-discount","12":"discount-restricted","14":"first","15":"instock","16":"sale","17":"downloadable","18":"virtual","19":"sold-individually","20":"purchasable","21":"product-type-simple"},"_links":{"self":[{"href":"https:\/\/gpl-love.com\/es\/wp-json\/wp\/v2\/product\/165072","targetHints":{"allow":["GET"]}}],"collection":[{"href":"https:\/\/gpl-love.com\/es\/wp-json\/wp\/v2\/product"}],"about":[{"href":"https:\/\/gpl-love.com\/es\/wp-json\/wp\/v2\/types\/product"}],"replies":[{"embeddable":true,"href":"https:\/\/gpl-love.com\/es\/wp-json\/wp\/v2\/comments?post=165072"}],"wp:featuredmedia":[{"embeddable":true,"href":"https:\/\/gpl-love.com\/es\/wp-json\/wp\/v2\/media\/169376"}],"wp:attachment":[{"href":"https:\/\/gpl-love.com\/es\/wp-json\/wp\/v2\/media?parent=165072"}],"wp:term":[{"taxonomy":"product_brand","embeddable":true,"href":"https:\/\/gpl-love.com\/es\/wp-json\/wp\/v2\/product_brand?post=165072"},{"taxonomy":"product_cat","embeddable":true,"href":"https:\/\/gpl-love.com\/es\/wp-json\/wp\/v2\/product_cat?post=165072"},{"taxonomy":"product_tag","embeddable":true,"href":"https:\/\/gpl-love.com\/es\/wp-json\/wp\/v2\/product_tag?post=165072"}],"curies":[{"name":"wp","href":"https:\/\/api.w.org\/{rel}","templated":true}]}}