{"id":165071,"date":"2025-06-02T00:00:00","date_gmt":"2025-06-02T05:00:00","guid":{"rendered":"https:\/\/gpl-love.com\/es\/producto\/woocommerce-custom-fields-for-variations\/"},"modified":"2026-03-09T08:49:55","modified_gmt":"2026-03-09T13:49:55","slug":"woocommerce-custom-fields-for-variations","status":"publish","type":"product","link":"https:\/\/gpl-love.com\/es\/producto\/woocommerce-custom-fields-for-variations\/","title":{"rendered":"WooCommerce Custom Fields para Variations 1.9.0"},"content":{"rendered":"<h3>WooCommerce Custom Fields para Variations Caracteristicas<\/h3>\n<p>Libera todo el potencial de tu tienda online con los ic\u00f3nicos campos personalizados para variaciones de WooCommerce. Esta potente herramienta te permite mejorar tus p\u00e1ginas de producto a\u00f1adiendo informaci\u00f3n personalizada a cada variaci\u00f3n, haciendo tu tienda m\u00e1s din\u00e1mica e intuitiva. Con los campos personalizados para variaciones de WooCommerce, puedes incorporar f\u00e1cilmente atributos \u00fanicos como talla, color y material, garantizando que tus clientes tengan toda la informaci\u00f3n necesaria para tomar decisiones de compra informadas.<\/p>\n<p>Nuestros ic\u00f3nicos campos personalizados para variaciones de WooCommerce se integran a la perfecci\u00f3n con tu configuraci\u00f3n actual, ofreciendo una forma sencilla de optimizar la funcionalidad de tu tienda sin necesidad de programaci\u00f3n compleja. Tanto si gestionas un gran inventario como una colecci\u00f3n boutique, la funci\u00f3n de campos personalizados para variaciones de WooCommerce ayuda a optimizar las operaciones y a mejorar la satisfacci\u00f3n del cliente.<\/p>\n<p>Mejora tu experiencia de comercio electr\u00f3nico hoy mismo aprovechando los campos personalizados para variaciones en WooCommerce. Esta innovadora soluci\u00f3n est\u00e1 dise\u00f1ada para crecer con tu negocio, ofreciendo flexibilidad y precisi\u00f3n que diferencian a tu tienda de la competencia.<\/p>\n<ul>\n<li>Integraci\u00f3n perfecta con la plataforma WooCommerce<\/li>\n<li>Campos personalizados para variaciones de producto<\/li>\n<li>Interfaz intuitiva para una gesti\u00f3n sencilla<\/li>\n<li>Admite campos de texto, desplegables y casillas de verificaci\u00f3n<\/li>\n<li>Ajustes din\u00e1micos de precios basados \u200b\u200ben campos personalizados<\/li>\n<li>L\u00f3gica condicional para la visualizaci\u00f3n de campos<\/li>\n<li>Compatibilidad con los temas m\u00e1s populares de WooCommerce<\/li>\n<li>Opciones mejoradas de personalizaci\u00f3n de variaciones de producto<\/li>\n<li>Gesti\u00f3n optimizada del inventario para variaciones<\/li>\n<\/ul>\n","protected":false},"excerpt":{"rendered":"<p>Presentamos los Campos Personalizados Ic\u00f3nicos para Variaciones de WooCommerce, la soluci\u00f3n definitiva para optimizar tu tienda online. Con nuestros campos personalizados para variaciones de WooCommerce, puedes a\u00f1adir f\u00e1cilmente informaci\u00f3n detallada y caracter\u00edsticas a cada variante de producto, ofreciendo una experiencia de compra personalizada. Nuestros campos personalizados Ic\u00f3nicos para variaciones de WooCommerce se integran a la perfecci\u00f3n, garantizando que tu tienda destaque. Tanto si gestionas campos personalizados para variaciones en WooCommerce como si buscas soluciones para campos personalizados de variaciones de WooCommerce, nuestro producto ofrece una flexibilidad y un control inigualables. \u00a1Mejora tu plataforma de comercio electr\u00f3nico hoy mismo con los campos personalizados de variaciones de WooCommerce y observa c\u00f3mo tus ventas se disparan!<\/p>\n","protected":false},"featured_media":169375,"comment_status":"open","ping_status":"open","template":"","meta":[],"product_brand":[2476],"product_cat":[1207,1248,1206],"product_tag":[1603],"class_list":{"0":"post-165071","1":"product","2":"type-product","3":"status-publish","4":"has-post-thumbnail","6":"product_brand-iconic","7":"product_cat-comercio-electronico-plugins","8":"product_cat-personalizacion-comercio-electronico-plugins","9":"product_cat-plugins","10":"product_tag-iconic","11":"member-discount","12":"discount-restricted","14":"first","15":"instock","16":"sale","17":"downloadable","18":"virtual","19":"sold-individually","20":"purchasable","21":"product-type-simple"},"_links":{"self":[{"href":"https:\/\/gpl-love.com\/es\/wp-json\/wp\/v2\/product\/165071","targetHints":{"allow":["GET"]}}],"collection":[{"href":"https:\/\/gpl-love.com\/es\/wp-json\/wp\/v2\/product"}],"about":[{"href":"https:\/\/gpl-love.com\/es\/wp-json\/wp\/v2\/types\/product"}],"replies":[{"embeddable":true,"href":"https:\/\/gpl-love.com\/es\/wp-json\/wp\/v2\/comments?post=165071"}],"wp:featuredmedia":[{"embeddable":true,"href":"https:\/\/gpl-love.com\/es\/wp-json\/wp\/v2\/media\/169375"}],"wp:attachment":[{"href":"https:\/\/gpl-love.com\/es\/wp-json\/wp\/v2\/media?parent=165071"}],"wp:term":[{"taxonomy":"product_brand","embeddable":true,"href":"https:\/\/gpl-love.com\/es\/wp-json\/wp\/v2\/product_brand?post=165071"},{"taxonomy":"product_cat","embeddable":true,"href":"https:\/\/gpl-love.com\/es\/wp-json\/wp\/v2\/product_cat?post=165071"},{"taxonomy":"product_tag","embeddable":true,"href":"https:\/\/gpl-love.com\/es\/wp-json\/wp\/v2\/product_tag?post=165071"}],"curies":[{"name":"wp","href":"https:\/\/api.w.org\/{rel}","templated":true}]}}