{"id":165070,"date":"2025-05-13T00:00:00","date_gmt":"2025-05-13T05:00:00","guid":{"rendered":"https:\/\/gpl-love.com\/es\/producto\/woocommerce-quickview\/"},"modified":"2026-03-09T08:49:54","modified_gmt":"2026-03-09T13:49:54","slug":"woocommerce-quickview","status":"publish","type":"product","link":"https:\/\/gpl-love.com\/es\/producto\/woocommerce-quickview\/","title":{"rendered":"WooCommerce Quickview 3.12.1"},"content":{"rendered":"<h3>WooCommerce Quickview Caracteristicas<\/h3>\n<p>Presentamos el plugin Iconic WooCommerce Quickview, la soluci\u00f3n definitiva para mejorar la experiencia de compra de tu tienda online. Esta potente herramienta permite a tus clientes explorar los detalles de los productos sin salir de la p\u00e1gina actual, creando una experiencia de navegaci\u00f3n fluida y eficiente. Con Iconic WooCommerce Quickview, reduces las tasas de abandono del carrito y aumentas tus tasas de conversi\u00f3n.<\/p>\n<p>Dise\u00f1ado para un rendimiento \u00f3ptimo, este plugin se integra f\u00e1cilmente con cualquier tema de WooCommerce, garantizando una configuraci\u00f3n sencilla. Su dise\u00f1o responsivo garantiza una experiencia impecable en todos los dispositivos, desde ordenadores hasta smartphones. Los clientes pueden ver im\u00e1genes de productos, leer descripciones e incluso a\u00f1adir art\u00edculos a su carrito directamente desde la ventana de vista r\u00e1pida.<\/p>\n<p>La personalizaci\u00f3n est\u00e1 al alcance de tu mano con el plugin Iconic WooCommerce Quickview. Adapta la apariencia a la est\u00e9tica de tu marca y dale a tu tienda un toque \u00fanico. Acelera el proceso de compra y mejora la satisfacci\u00f3n del usuario con esta herramienta esencial de comercio electr\u00f3nico.<\/p>\n<p>Potencia la funcionalidad de tu tienda WooCommerce y ofrece una experiencia de compra inigualable con el plugin Iconic WooCommerce Quickview hoy mismo.<\/p>\n<ul>\n<li>Integraci\u00f3n perfecta con WooCommerce<\/li>\n<li>Permite a los clientes previsualizar los productos sin salir de la p\u00e1gina actual<\/li>\n<li>Bot\u00f3n de vista r\u00e1pida y dise\u00f1o de ventana modal personalizables<\/li>\n<li>Dise\u00f1o responsivo para una visualizaci\u00f3n \u00f3ptima en todos los dispositivos<\/li>\n<li>Compatible con productos variables y variaciones de producto<\/li>\n<li>Con tecnolog\u00eda AJAX para una carga r\u00e1pida y una experiencia fluida<\/li>\n<li>Compatible con la mayor\u00eda de los temas y plugins de WooCommerce<\/li>\n<li>Panel de configuraci\u00f3n f\u00e1cil de usar para una configuraci\u00f3n r\u00e1pida<\/li>\n<li>Opci\u00f3n para mostrar detalles del producto, im\u00e1genes y el bot\u00f3n de a\u00f1adir al carrito<\/li>\n<li>Compatible con traducci\u00f3n para sitios multiling\u00fces<\/li>\n<\/ul>\n","protected":false},"excerpt":{"rendered":"<p>Experimenta una experiencia de compra fluida con Iconic WooCommerce Quickview, la soluci\u00f3n definitiva para mejorar la experiencia de usuario de tu tienda online. Esta potente herramienta permite a los clientes previsualizar los productos al instante, lo que aumenta la interacci\u00f3n y las tasas de conversi\u00f3n. Con Iconic WooCommerce Quickview, ofreces una experiencia de compra r\u00e1pida y eficiente, reduciendo el abandono del carrito y maximizando las ventas. Su interfaz intuitiva se integra f\u00e1cilmente con tu sitio WooCommerce, ofreciendo opciones personalizables que se adaptan a la est\u00e9tica de tu marca. Impulsa tu plataforma de comercio electr\u00f3nico con Iconic WooCommerce Quickview y observa c\u00f3mo tu negocio prospera.<\/p>\n","protected":false},"featured_media":169374,"comment_status":"open","ping_status":"open","template":"","meta":[],"product_brand":[2476],"product_cat":[1207,1248,1206],"product_tag":[1603],"class_list":{"0":"post-165070","1":"product","2":"type-product","3":"status-publish","4":"has-post-thumbnail","6":"product_brand-iconic","7":"product_cat-comercio-electronico-plugins","8":"product_cat-personalizacion-comercio-electronico-plugins","9":"product_cat-plugins","10":"product_tag-iconic","11":"member-discount","12":"discount-restricted","14":"first","15":"instock","16":"sale","17":"downloadable","18":"virtual","19":"sold-individually","20":"purchasable","21":"product-type-simple"},"_links":{"self":[{"href":"https:\/\/gpl-love.com\/es\/wp-json\/wp\/v2\/product\/165070","targetHints":{"allow":["GET"]}}],"collection":[{"href":"https:\/\/gpl-love.com\/es\/wp-json\/wp\/v2\/product"}],"about":[{"href":"https:\/\/gpl-love.com\/es\/wp-json\/wp\/v2\/types\/product"}],"replies":[{"embeddable":true,"href":"https:\/\/gpl-love.com\/es\/wp-json\/wp\/v2\/comments?post=165070"}],"wp:featuredmedia":[{"embeddable":true,"href":"https:\/\/gpl-love.com\/es\/wp-json\/wp\/v2\/media\/169374"}],"wp:attachment":[{"href":"https:\/\/gpl-love.com\/es\/wp-json\/wp\/v2\/media?parent=165070"}],"wp:term":[{"taxonomy":"product_brand","embeddable":true,"href":"https:\/\/gpl-love.com\/es\/wp-json\/wp\/v2\/product_brand?post=165070"},{"taxonomy":"product_cat","embeddable":true,"href":"https:\/\/gpl-love.com\/es\/wp-json\/wp\/v2\/product_cat?post=165070"},{"taxonomy":"product_tag","embeddable":true,"href":"https:\/\/gpl-love.com\/es\/wp-json\/wp\/v2\/product_tag?post=165070"}],"curies":[{"name":"wp","href":"https:\/\/api.w.org\/{rel}","templated":true}]}}