{"id":165068,"date":"2026-03-14T00:00:00","date_gmt":"2026-03-14T05:00:00","guid":{"rendered":"https:\/\/gpl-love.com\/es\/producto\/image-swap-for-woocommerce\/"},"modified":"2026-03-14T17:16:25","modified_gmt":"2026-03-14T22:16:25","slug":"image-swap-for-woocommerce","status":"publish","type":"product","link":"https:\/\/gpl-love.com\/es\/producto\/image-swap-for-woocommerce\/","title":{"rendered":"Image Swap para WooCommerce 2.13.0"},"content":{"rendered":"<h3>Image Swap para WooCommerce Caracteristicas<\/h3>\n<p>Presentamos Iconic Image Swap para WooCommerce: la soluci\u00f3n definitiva para negocios de comercio electr\u00f3nico que buscan realzar la presentaci\u00f3n de sus productos y optimizar la experiencia del usuario. Este potente plugin para WooCommerce te permite intercambiar im\u00e1genes de productos f\u00e1cilmente al pasar el cursor sobre ellas, ofreciendo a tus clientes una experiencia de compra din\u00e1mica e interactiva.<\/p>\n<p>Con Iconic Image Swap para WooCommerce, puedes mostrar m\u00faltiples \u00e1ngulos y variaciones de producto sin saturar tus p\u00e1ginas. Simplemente pasa el cursor sobre la imagen principal del producto para revelar al instante vistas alternativas, incitando a tus clientes a explorar m\u00e1s. Esta funci\u00f3n no solo mejora la interacci\u00f3n, sino que tambi\u00e9n impulsa las tasas de conversi\u00f3n al ofrecer una vista m\u00e1s completa de tus productos.<\/p>\n<p>Dise\u00f1ado con una integraci\u00f3n perfecta, Iconic Image Swap es compatible con los principales temas de WooCommerce y es f\u00e1cil de configurar, incluso para principiantes. Su dise\u00f1o responsivo garantiza que las im\u00e1genes de tus productos se vean espectaculares en cualquier dispositivo, desde computadoras de escritorio hasta tel\u00e9fonos inteligentes.<\/p>\n<p>Mejora el atractivo visual de tu tienda WooCommerce y aumenta las ventas con Iconic Image Swap para WooCommerce.<\/p>\n<ul>\n<li>Integraci\u00f3n perfecta con WooCommerce<\/li>\n<li>F\u00e1cil intercambio de im\u00e1genes para la visualizaci\u00f3n de productos<\/li>\n<li>Interfaz intuitiva para una configuraci\u00f3n r\u00e1pida<\/li>\n<li>Compatible con m\u00faltiples formatos de imagen<\/li>\n<li>Dise\u00f1o responsivo para dispositivos m\u00f3viles y de escritorio<\/li>\n<li>Compatible con temas y plugins populares<\/li>\n<li>Configuraci\u00f3n personalizable para una experiencia personalizada<\/li>\n<li>Optimizado para tiempos de carga r\u00e1pidos<\/li>\n<li>Actualizaciones y soporte t\u00e9cnico regulares<\/li>\n<li>Estructura de c\u00f3digo ligera y eficiente<\/li>\n<\/ul>\n","protected":false},"excerpt":{"rendered":"<p>Presentamos Iconic Image Swap para WooCommerce: la soluci\u00f3n definitiva para mejorar la experiencia de compra online. Este innovador plugin para WooCommerce permite transiciones de imagen fluidas, mostrando cada detalle del producto con un simple efecto de desplazamiento. Perfecto para minoristas que buscan aumentar la interacci\u00f3n y las tasas de conversi\u00f3n, Iconic Image Swap mejora el atractivo visual y ofrece una tienda online din\u00e1mica. F\u00e1cil de instalar y personalizar, se integra a la perfecci\u00f3n con tu configuraci\u00f3n actual de WooCommerce. Transforma la forma en que los clientes interact\u00faan con tus productos y mejora tu estrategia de comercio electr\u00f3nico con esta herramienta esencial.<\/p>\n","protected":false},"featured_media":169372,"comment_status":"open","ping_status":"open","template":"","meta":[],"product_brand":[2476],"product_cat":[1207,1248,1206],"product_tag":[1603],"class_list":{"0":"post-165068","1":"product","2":"type-product","3":"status-publish","4":"has-post-thumbnail","6":"product_brand-iconic","7":"product_cat-comercio-electronico-plugins","8":"product_cat-personalizacion-comercio-electronico-plugins","9":"product_cat-plugins","10":"product_tag-iconic","11":"member-discount","12":"discount-restricted","14":"first","15":"instock","16":"sale","17":"downloadable","18":"virtual","19":"sold-individually","20":"purchasable","21":"product-type-simple"},"_links":{"self":[{"href":"https:\/\/gpl-love.com\/es\/wp-json\/wp\/v2\/product\/165068","targetHints":{"allow":["GET"]}}],"collection":[{"href":"https:\/\/gpl-love.com\/es\/wp-json\/wp\/v2\/product"}],"about":[{"href":"https:\/\/gpl-love.com\/es\/wp-json\/wp\/v2\/types\/product"}],"replies":[{"embeddable":true,"href":"https:\/\/gpl-love.com\/es\/wp-json\/wp\/v2\/comments?post=165068"}],"wp:featuredmedia":[{"embeddable":true,"href":"https:\/\/gpl-love.com\/es\/wp-json\/wp\/v2\/media\/169372"}],"wp:attachment":[{"href":"https:\/\/gpl-love.com\/es\/wp-json\/wp\/v2\/media?parent=165068"}],"wp:term":[{"taxonomy":"product_brand","embeddable":true,"href":"https:\/\/gpl-love.com\/es\/wp-json\/wp\/v2\/product_brand?post=165068"},{"taxonomy":"product_cat","embeddable":true,"href":"https:\/\/gpl-love.com\/es\/wp-json\/wp\/v2\/product_cat?post=165068"},{"taxonomy":"product_tag","embeddable":true,"href":"https:\/\/gpl-love.com\/es\/wp-json\/wp\/v2\/product_tag?post=165068"}],"curies":[{"name":"wp","href":"https:\/\/api.w.org\/{rel}","templated":true}]}}