{"id":165066,"date":"2026-04-16T00:00:00","date_gmt":"2026-04-16T05:00:00","guid":{"rendered":"https:\/\/gpl-love.com\/es\/producto\/bit-integrations-pro\/"},"modified":"2026-05-09T17:16:46","modified_gmt":"2026-05-09T22:16:46","slug":"bit-integrations-pro","status":"publish","type":"product","link":"https:\/\/gpl-love.com\/es\/producto\/bit-integrations-pro\/","title":{"rendered":"Bit Integrations Pro 2.7.3"},"content":{"rendered":"<h3>Bit Integrations Pro Caracteristicas<\/h3>\n<p>Desbloquee el verdadero potencial de su ecosistema digital con Bit Integrations Pro, la herramienta l\u00edder para una automatizaci\u00f3n fluida y una mayor productividad. Dise\u00f1ado para empresas que buscan una gesti\u00f3n eficiente del flujo de trabajo, Bit Integrations Pro es su soluci\u00f3n ideal para integrar m\u00faltiples plataformas sin esfuerzo.<\/p>\n<p>Con Bit Integrations Pro, puede conectar sus aplicaciones favoritas y optimizar sus operaciones sin complicaciones t\u00e9cnicas. Nuestra interfaz intuitiva garantiza que tanto principiantes como expertos puedan configurar integraciones en minutos. Dile adi\u00f3s a la entrada manual de datos y da la bienvenida a la eficiencia automatizada.<\/p>\n<ul>\n<li>Integraci\u00f3n perfecta con m\u00faltiples plataformas<\/li>\n<li>Interfaz intuitiva para una configuraci\u00f3n sencilla<\/li>\n<li>Compatible con una amplia gama de aplicaciones y servicios<\/li>\n<li>Sincronizaci\u00f3n de datos en tiempo real<\/li>\n<li>Flujos de trabajo personalizables y automatizaci\u00f3n<\/li>\n<li>Funciones de seguridad avanzadas para proteger los datos<\/li>\n<li>Herramientas detalladas de an\u00e1lisis e informes<\/li>\n<li>Escalable para adaptarse a las crecientes necesidades del negocio<\/li>\n<li>Atenci\u00f3n al cliente y recursos fiables<\/li>\n<\/ul>\n","protected":false},"excerpt":{"rendered":"<p>Presentamos Bit Integrations Pro, la soluci\u00f3n definitiva para la automatizaci\u00f3n y eficiencia de flujos de trabajo. Dise\u00f1ada para empresas que buscan optimizar sus operaciones, esta potente herramienta conecta sus aplicaciones favoritas sin esfuerzo. Con Bit Integrations Pro, experimente una mayor productividad gracias a su interfaz intuitiva y sus robustas funciones que satisfacen diversas necesidades de integraci\u00f3n. Diga adi\u00f3s a los procesos manuales y d\u00e9 la bienvenida a un rendimiento empresarial optimizado. Ideal para emprendedores con conocimientos tecnol\u00f3gicos y empresas en crecimiento, Bit Integrations Pro es su puerta de entrada a un futuro m\u00e1s conectado y eficiente.<\/p>\n","protected":false},"featured_media":169370,"comment_status":"open","ping_status":"open","template":"","meta":[],"product_brand":[2376],"product_cat":[1214,1206,1211],"product_tag":[2242],"class_list":{"0":"post-165066","1":"product","2":"type-product","3":"status-publish","4":"has-post-thumbnail","6":"product_brand-bitapps","7":"product_cat-personalizacion","8":"product_cat-plugins","9":"product_cat-wordpress-plugins","10":"product_tag-bitapps","11":"member-discount","12":"discount-restricted","14":"first","15":"instock","16":"sale","17":"downloadable","18":"virtual","19":"sold-individually","20":"purchasable","21":"product-type-simple"},"_links":{"self":[{"href":"https:\/\/gpl-love.com\/es\/wp-json\/wp\/v2\/product\/165066","targetHints":{"allow":["GET"]}}],"collection":[{"href":"https:\/\/gpl-love.com\/es\/wp-json\/wp\/v2\/product"}],"about":[{"href":"https:\/\/gpl-love.com\/es\/wp-json\/wp\/v2\/types\/product"}],"replies":[{"embeddable":true,"href":"https:\/\/gpl-love.com\/es\/wp-json\/wp\/v2\/comments?post=165066"}],"wp:featuredmedia":[{"embeddable":true,"href":"https:\/\/gpl-love.com\/es\/wp-json\/wp\/v2\/media\/169370"}],"wp:attachment":[{"href":"https:\/\/gpl-love.com\/es\/wp-json\/wp\/v2\/media?parent=165066"}],"wp:term":[{"taxonomy":"product_brand","embeddable":true,"href":"https:\/\/gpl-love.com\/es\/wp-json\/wp\/v2\/product_brand?post=165066"},{"taxonomy":"product_cat","embeddable":true,"href":"https:\/\/gpl-love.com\/es\/wp-json\/wp\/v2\/product_cat?post=165066"},{"taxonomy":"product_tag","embeddable":true,"href":"https:\/\/gpl-love.com\/es\/wp-json\/wp\/v2\/product_tag?post=165066"}],"curies":[{"name":"wp","href":"https:\/\/api.w.org\/{rel}","templated":true}]}}