{"id":165064,"date":"2026-04-16T00:00:00","date_gmt":"2026-04-16T05:00:00","guid":{"rendered":"https:\/\/gpl-love.com\/es\/producto\/outgrid\/"},"modified":"2026-04-16T17:17:33","modified_gmt":"2026-04-16T22:17:33","slug":"outgrid","status":"publish","type":"product","link":"https:\/\/gpl-love.com\/es\/producto\/outgrid\/","title":{"rendered":"UiCore Pro 2.3.3"},"content":{"rendered":"<h3>UiCore Pro Caracteristicas<\/h3>\n<p>Transforma tu sitio web en una obra maestra visual con el tema Outgrid Elementor. Dise\u00f1ado para creadores y empresas, este tema ofrece flexibilidad y estilo inigualables. Atrae a m\u00e1s visitantes con tiempos de carga r\u00e1pidos y una navegaci\u00f3n fluida, mejorando la experiencia de usuario como nunca antes.<\/p>\n<p>El tema Outgrid Elementor es totalmente personalizable, lo que te permite crear una presencia online \u00fanica que refleje la identidad de tu marca. Con su intuitivo constructor de arrastrar y soltar, puedes dise\u00f1ar p\u00e1ginas impactantes f\u00e1cilmente sin necesidad de conocimientos de programaci\u00f3n.<\/p>\n<p>Maximiza el potencial de tu sitio con dise\u00f1os responsivos que se ven geniales en cualquier dispositivo. El tema tambi\u00e9n est\u00e1 optimizado para SEO, lo que te ayuda a ascender en el ranking de los motores de b\u00fasqueda sin esfuerzo. Dise\u00f1ado pensando en el rendimiento, garantiza que tu sitio web se mantenga r\u00e1pido y eficiente, ofreciendo una experiencia fluida a tu audiencia.<\/p>\n<p>Tanto si eres bloguero, freelancer o due\u00f1o de un negocio, el tema Outgrid Elementor es tu puerta de entrada a un sitio web atractivo y profesional. Impulsa tu presencia online hoy mismo y destaca en tu sector con este tema potente y elegante.<\/p>\n<ul>\n<li>Dise\u00f1o totalmente adaptable para una visualizaci\u00f3n fluida en todos los dispositivos<\/li>\n<li>Creador de p\u00e1ginas de arrastrar y soltar para una f\u00e1cil personalizaci\u00f3n<\/li>\n<li>Plantillas y dise\u00f1os predise\u00f1ados incluidos<\/li>\n<li>Compatible con WooCommerce para tiendas online<\/li>\n<li>Estructura optimizada para SEO para un mejor posicionamiento en buscadores<\/li>\n<li>Integraci\u00f3n con plugins y widgets populares<\/li>\n<li>Tiempos de carga r\u00e1pidos para una experiencia de usuario mejorada<\/li>\n<li>Compatible con pantallas Retina de alta resoluci\u00f3n<\/li>\n<li>Compatibilidad con varios idiomas y opciones de traducci\u00f3n<\/li>\n<\/ul>\n","protected":false},"excerpt":{"rendered":"<p>Presentamos el tema Outgrid Elementor: la soluci\u00f3n definitiva para crear sitios web impactantes y responsivos con facilidad. Este tema de WordPress est\u00e1 dise\u00f1ado para profesionales creativos que buscan una plataforma visualmente atractiva y altamente personalizable. Con su intuitiva interfaz de arrastrar y soltar, Outgrid permite a los usuarios crear dise\u00f1os \u00fanicos sin necesidad de conocimientos de programaci\u00f3n. Entre sus caracter\u00edsticas principales se incluyen una integraci\u00f3n perfecta con Elementor, una variedad de plantillas predise\u00f1adas y opciones de personalizaci\u00f3n avanzadas que se adaptan a la identidad de tu marca. Impulsa tu presencia online con el tema Outgrid Elementor y disfruta de tiempos de carga r\u00e1pidos, una arquitectura optimizada para SEO y una atenci\u00f3n al cliente excepcional.<\/p>\n","protected":false},"featured_media":0,"comment_status":"open","ping_status":"open","template":"","meta":[],"product_brand":[2707],"product_cat":[1239,1237,1238],"product_tag":[2708],"class_list":{"0":"post-165064","1":"product","2":"type-product","3":"status-publish","5":"product_brand-uicore","6":"product_cat-de-multiples-fines","7":"product_cat-temas","8":"product_cat-wordpress-temas","9":"product_tag-uicore","10":"member-discount","11":"discount-restricted","13":"first","14":"instock","15":"sale","16":"downloadable","17":"virtual","18":"sold-individually","19":"purchasable","20":"product-type-simple"},"_links":{"self":[{"href":"https:\/\/gpl-love.com\/es\/wp-json\/wp\/v2\/product\/165064","targetHints":{"allow":["GET"]}}],"collection":[{"href":"https:\/\/gpl-love.com\/es\/wp-json\/wp\/v2\/product"}],"about":[{"href":"https:\/\/gpl-love.com\/es\/wp-json\/wp\/v2\/types\/product"}],"replies":[{"embeddable":true,"href":"https:\/\/gpl-love.com\/es\/wp-json\/wp\/v2\/comments?post=165064"}],"wp:attachment":[{"href":"https:\/\/gpl-love.com\/es\/wp-json\/wp\/v2\/media?parent=165064"}],"wp:term":[{"taxonomy":"product_brand","embeddable":true,"href":"https:\/\/gpl-love.com\/es\/wp-json\/wp\/v2\/product_brand?post=165064"},{"taxonomy":"product_cat","embeddable":true,"href":"https:\/\/gpl-love.com\/es\/wp-json\/wp\/v2\/product_cat?post=165064"},{"taxonomy":"product_tag","embeddable":true,"href":"https:\/\/gpl-love.com\/es\/wp-json\/wp\/v2\/product_tag?post=165064"}],"curies":[{"name":"wp","href":"https:\/\/api.w.org\/{rel}","templated":true}]}}