{"id":165063,"date":"2026-04-10T00:00:00","date_gmt":"2026-04-10T05:00:00","guid":{"rendered":"https:\/\/gpl-love.com\/es\/producto\/ultimate-addons-for-contact-form-7-pro\/"},"modified":"2026-04-10T11:34:15","modified_gmt":"2026-04-10T16:34:15","slug":"ultimate-addons-for-contact-form-7-pro","status":"publish","type":"product","link":"https:\/\/gpl-love.com\/es\/producto\/ultimate-addons-for-contact-form-7-pro\/","title":{"rendered":"Ultimate Addons para Contact Form 7 Pro 1.8.20"},"content":{"rendered":"<h3>Ultimate Addons para Contact Form 7 Pro Caracteristicas<\/h3>\n<p>Mejora la interacci\u00f3n de tu sitio web con Ultimate Addons para Contact Form 7 Pro. Dise\u00f1ado para entusiastas de WordPress, este potente plugin mejora la funcionalidad de Contact Form 7, haciendo que tus formularios sean m\u00e1s din\u00e1micos e intuitivos. Con un conjunto de funciones avanzadas, ahora puedes crear formularios de calidad profesional que cautivan y convierten.<\/p>\n<p>Ultimate Addons para Contact Form 7 Pro ofrece una integraci\u00f3n perfecta, permiti\u00e9ndote personalizar f\u00e1cilmente cada aspecto de tus formularios. Desde l\u00f3gica condicional avanzada hasta formularios de varios pasos, las posibilidades son infinitas. Mejora la experiencia del usuario con constructores intuitivos de arrastrar y soltar, plantillas predise\u00f1adas y opciones de dise\u00f1o responsivo que garantizan que tus formularios se vean geniales en cualquier dispositivo.<\/p>\n<p>Mejora el rendimiento de tu sitio con formularios de alta conversi\u00f3n, optimizados para mayor velocidad y eficiencia. Las robustas funciones de seguridad del plugin garantizan la protecci\u00f3n de tus datos, mientras que su compatibilidad con los temas y plugins m\u00e1s populares de WordPress lo convierte en una opci\u00f3n vers\u00e1til para cualquier sitio.<\/p>\n<ul>\n<li>Mejora la funcionalidad de Contact Form 7<\/li>\n<li>Interfaz intuitiva para una f\u00e1cil configuraci\u00f3n<\/li>\n<li>Ofrece una variedad de plantillas de formulario predise\u00f1adas<\/li>\n<li>Opciones avanzadas de personalizaci\u00f3n de campos<\/li>\n<li>L\u00f3gica condicional para interacciones din\u00e1micas con formularios<\/li>\n<li>Se integra a la perfecci\u00f3n con aplicaciones de terceros<\/li>\n<li>Admite formularios de varios pasos para flujos de trabajo complejos<\/li>\n<li>Protecci\u00f3n antispam y funciones de seguridad integradas<\/li>\n<li>Seguimiento y an\u00e1lisis detallados del env\u00edo de formularios<\/li>\n<li>Dise\u00f1o adaptable para compatibilidad con dispositivos m\u00f3viles y de escritorio<\/li>\n<\/ul>\n","protected":false},"excerpt":{"rendered":"<p>Presentamos Ultimate Addons para Contact Form 7 Pro, tu soluci\u00f3n ideal para optimizar tus formularios de WordPress. Este potente plugin se integra a la perfecci\u00f3n con Contact Form 7 y ofrece funciones avanzadas para optimizar tu experiencia de usuario. Disfruta de plantillas personalizables, constructores intuitivos de arrastrar y soltar y protecci\u00f3n antispam mejorada. Con Ultimate Addons, optimiza la creaci\u00f3n de formularios y aumenta la interacci\u00f3n de tus usuarios sin esfuerzo. Ideal para empresas que buscan mejorar la interacci\u00f3n con sus clientes, este plugin garantiza que tus formularios sean funcionales y visualmente atractivos. Actualiza tu sitio WordPress hoy mismo con Ultimate Addons para Contact Form 7 Pro y transforma tu comunicaci\u00f3n online.<\/p>\n","protected":false},"featured_media":169367,"comment_status":"open","ping_status":"open","template":"","meta":[],"product_brand":[2705],"product_cat":[1214,1206,1211],"product_tag":[2706],"class_list":{"0":"post-165063","1":"product","2":"type-product","3":"status-publish","4":"has-post-thumbnail","6":"product_brand-themefic","7":"product_cat-personalizacion","8":"product_cat-plugins","9":"product_cat-wordpress-plugins","10":"product_tag-themefic","11":"member-discount","12":"discount-restricted","14":"first","15":"instock","16":"sale","17":"downloadable","18":"virtual","19":"sold-individually","20":"purchasable","21":"product-type-simple"},"_links":{"self":[{"href":"https:\/\/gpl-love.com\/es\/wp-json\/wp\/v2\/product\/165063","targetHints":{"allow":["GET"]}}],"collection":[{"href":"https:\/\/gpl-love.com\/es\/wp-json\/wp\/v2\/product"}],"about":[{"href":"https:\/\/gpl-love.com\/es\/wp-json\/wp\/v2\/types\/product"}],"replies":[{"embeddable":true,"href":"https:\/\/gpl-love.com\/es\/wp-json\/wp\/v2\/comments?post=165063"}],"wp:featuredmedia":[{"embeddable":true,"href":"https:\/\/gpl-love.com\/es\/wp-json\/wp\/v2\/media\/169367"}],"wp:attachment":[{"href":"https:\/\/gpl-love.com\/es\/wp-json\/wp\/v2\/media?parent=165063"}],"wp:term":[{"taxonomy":"product_brand","embeddable":true,"href":"https:\/\/gpl-love.com\/es\/wp-json\/wp\/v2\/product_brand?post=165063"},{"taxonomy":"product_cat","embeddable":true,"href":"https:\/\/gpl-love.com\/es\/wp-json\/wp\/v2\/product_cat?post=165063"},{"taxonomy":"product_tag","embeddable":true,"href":"https:\/\/gpl-love.com\/es\/wp-json\/wp\/v2\/product_tag?post=165063"}],"curies":[{"name":"wp","href":"https:\/\/api.w.org\/{rel}","templated":true}]}}