{"id":165062,"date":"2025-09-09T00:00:00","date_gmt":"2025-09-09T05:00:00","guid":{"rendered":"https:\/\/gpl-love.com\/es\/producto\/motopress-hotel-booking-payment-request\/"},"modified":"2026-03-09T08:49:43","modified_gmt":"2026-03-09T13:49:43","slug":"motopress-hotel-booking-payment-request","status":"publish","type":"product","link":"https:\/\/gpl-love.com\/es\/producto\/motopress-hotel-booking-payment-request\/","title":{"rendered":"MotoPress Hotel Booking Payment Request 2.0.3"},"content":{"rendered":"<h3>MotoPress Hotel Booking Payment Request Caracteristicas<\/h3>\n<p>Presentamos el plugin MotoPress Hotel Booking Payment Request, la soluci\u00f3n definitiva para agilizar el proceso de pago de su hotel. Dise\u00f1ado espec\u00edficamente para negocios hoteleros, esta potente herramienta optimiza su sistema de reservas permiti\u00e9ndole gestionar y solicitar pagos a sus hu\u00e9spedes sin esfuerzo.<\/p>\n<p>Con el plugin MotoPress Hotel Booking Payment Request, puede enviar f\u00e1cilmente solicitudes de pago personalizadas por correo electr\u00f3nico, garantizando una experiencia de transacci\u00f3n fluida tanto para usted como para sus hu\u00e9spedes. Este plugin intuitivo se integra a la perfecci\u00f3n con su software MotoPress Hotel Booking, ofreciendo una soluci\u00f3n integral para la gesti\u00f3n de reservas y pagos.<\/p>\n<p>Perfecto para hoteles, hostales y alquileres vacacionales, el plugin MotoPress Hotel Booking Payment Request admite m\u00faltiples pasarelas de pago, ofreciendo a sus hu\u00e9spedes la flexibilidad que necesitan. Olv\u00eddese de la facturaci\u00f3n manual y d\u00e9 la bienvenida a la eficiencia automatizada.<\/p>\n<p>Al optimizar su proceso de pago, no solo mejora la satisfacci\u00f3n de los hu\u00e9spedes, sino que tambi\u00e9n mejora el flujo de caja de su hotel. Impulse la eficiencia operativa de su negocio y disfrute de la tranquilidad de saber que sus pagos se gestionan de forma segura.<\/p>\n<ul>\n<li>Integraci\u00f3n perfecta con el plugin MotoPress Hotel Booking<\/li>\n<li>Permite solicitar el pago a los hu\u00e9spedes para las reservas de hotel<\/li>\n<li>Compatible con m\u00faltiples pasarelas de pago para mayor flexibilidad<\/li>\n<li>Correos electr\u00f3nicos de solicitud de pago personalizables<\/li>\n<li>Notificaciones autom\u00e1ticas a los hu\u00e9spedes para recordatorios de pago<\/li>\n<li>Procesamiento seguro de pagos para la confianza de los hu\u00e9spedes<\/li>\n<li>Opci\u00f3n para configurar pagos parciales o dep\u00f3sitos<\/li>\n<li>Seguimiento sencillo del estado de los pagos en el panel de reservas<\/li>\n<li>Compatible con varias divisas para reservas internacionales<\/li>\n<li>Interfaz intuitiva tanto para administradores como para hu\u00e9spedes<\/li>\n<\/ul>\n","protected":false},"excerpt":{"rendered":"<p>Presentamos la funci\u00f3n de Solicitud de Pago de Reservas de Hotel de MotoPress, la soluci\u00f3n definitiva para una gesti\u00f3n hotelera fluida. Optimice f\u00e1cilmente los procesos de pago con esta innovadora herramienta, dise\u00f1ada para mejorar la experiencia del hu\u00e9sped y optimizar la eficiencia de sus reservas. Con el plugin de Reservas de Hotel de MotoPress, solicite pagos directamente desde su panel de control, garantizando la seguridad y la comodidad tanto para usted como para sus hu\u00e9spedes. Simplifique las operaciones, reduzca los errores manuales y conc\u00e9ntrese en lo que realmente importa: ofrecer una hospitalidad excepcional. Perfecta para hoteleros que buscan optimizar su flujo de trabajo, esta funci\u00f3n se integra a la perfecci\u00f3n con su sistema actual, convirti\u00e9ndola en un complemento indispensable para la gesti\u00f3n de su hotel.<\/p>\n","protected":false},"featured_media":169366,"comment_status":"open","ping_status":"open","template":"","meta":[],"product_brand":[2681],"product_cat":[1278,1206,1211],"product_tag":[2319],"class_list":{"0":"post-165062","1":"product","2":"type-product","3":"status-publish","4":"has-post-thumbnail","6":"product_brand-motopress","7":"product_cat-pago","8":"product_cat-plugins","9":"product_cat-wordpress-plugins","10":"product_tag-motopress","11":"member-discount","12":"discount-restricted","14":"first","15":"instock","16":"sale","17":"downloadable","18":"virtual","19":"sold-individually","20":"purchasable","21":"product-type-simple"},"_links":{"self":[{"href":"https:\/\/gpl-love.com\/es\/wp-json\/wp\/v2\/product\/165062","targetHints":{"allow":["GET"]}}],"collection":[{"href":"https:\/\/gpl-love.com\/es\/wp-json\/wp\/v2\/product"}],"about":[{"href":"https:\/\/gpl-love.com\/es\/wp-json\/wp\/v2\/types\/product"}],"replies":[{"embeddable":true,"href":"https:\/\/gpl-love.com\/es\/wp-json\/wp\/v2\/comments?post=165062"}],"wp:featuredmedia":[{"embeddable":true,"href":"https:\/\/gpl-love.com\/es\/wp-json\/wp\/v2\/media\/169366"}],"wp:attachment":[{"href":"https:\/\/gpl-love.com\/es\/wp-json\/wp\/v2\/media?parent=165062"}],"wp:term":[{"taxonomy":"product_brand","embeddable":true,"href":"https:\/\/gpl-love.com\/es\/wp-json\/wp\/v2\/product_brand?post=165062"},{"taxonomy":"product_cat","embeddable":true,"href":"https:\/\/gpl-love.com\/es\/wp-json\/wp\/v2\/product_cat?post=165062"},{"taxonomy":"product_tag","embeddable":true,"href":"https:\/\/gpl-love.com\/es\/wp-json\/wp\/v2\/product_tag?post=165062"}],"curies":[{"name":"wp","href":"https:\/\/api.w.org\/{rel}","templated":true}]}}