{"id":165059,"date":"2025-12-23T00:00:00","date_gmt":"2025-12-23T05:00:00","guid":{"rendered":"https:\/\/gpl-love.com\/es\/producto\/publishpress-future-pro\/"},"modified":"2026-03-30T11:16:38","modified_gmt":"2026-03-30T16:16:38","slug":"publishpress-future-pro","status":"publish","type":"product","link":"https:\/\/gpl-love.com\/es\/producto\/publishpress-future-pro\/","title":{"rendered":"PublishPress Future Pro 4.10.0"},"content":{"rendered":"<h3>PublishPress Future Pro Caracteristicas<\/h3>\n<p>Presentamos PublishPress Future Pro, la herramienta definitiva para los entusiastas de WordPress que buscan controlar la programaci\u00f3n de su contenido. Ya sea que gestiones un blog personal o una publicaci\u00f3n a gran escala, PublishPress Future Pro ofrece una flexibilidad y precisi\u00f3n inigualables.<\/p>\n<p>Con PublishPress Future Pro, programar contenido nunca ha sido tan f\u00e1cil. Establece f\u00e1cilmente futuras fechas de publicaci\u00f3n o fechas de vencimiento para tus entradas, asegurando que tu sitio web se mantenga actualizado y atractivo. Este potente plugin est\u00e1 dise\u00f1ado para integrarse a la perfecci\u00f3n con WordPress, ofreciendo una interfaz intuitiva que incluso los principiantes encontrar\u00e1n intuitiva.<\/p>\n<ul>\n<li>Programa contenido para que se cancele su publicaci\u00f3n o cambie su estado autom\u00e1ticamente<\/li>\n<li>Mensajes de vencimiento personalizables<\/li>\n<li>Posibilidad de modificar las categor\u00edas de las entradas al vencimiento<\/li>\n<li>Compatibilidad con tipos de entradas personalizados<\/li>\n<li>Integraci\u00f3n con el editor de bloques de WordPress<\/li>\n<li>Edici\u00f3n masiva para establecer fechas de vencimiento<\/li>\n<li>Correos electr\u00f3nicos de notificaci\u00f3n para pr\u00f3ximos vencimientos<\/li>\n<li>Registros detallados para el seguimiento de los cambios en las entradas<\/li>\n<li>Compatibilidad con plugins SEO populares<\/li>\n<\/ul>\n","protected":false},"excerpt":{"rendered":"<p>Presentamos PublishPress Future Pro: el plugin definitivo para la programaci\u00f3n de WordPress. Ideal para creadores de contenido y administradores de sitios, esta herramienta automatiza f\u00e1cilmente la expiraci\u00f3n de publicaciones. Programa actualizaciones, gestiona el contenido y mant\u00e9n tu sitio actualizado sin complicaciones. PublishPress Future Pro ofrece opciones de programaci\u00f3n flexibles, garantizando que tu sitio WordPress se mantenga actualizado y atractivo. Con funciones intuitivas e integraci\u00f3n perfecta, es imprescindible para una gesti\u00f3n de contenido eficiente. Transforma tu flujo de trabajo con este potente plugin de programaci\u00f3n para WordPress y disfruta de las ventajas de las actualizaciones de contenido automatizadas. Mant\u00e9n a tu audiencia interesada y a tu sitio relevante con PublishPress Future Pro.<\/p>\n","protected":false},"featured_media":169363,"comment_status":"open","ping_status":"open","template":"","meta":[],"product_brand":[2541],"product_cat":[1214,1206,1211],"product_tag":[2135],"class_list":{"0":"post-165059","1":"product","2":"type-product","3":"status-publish","4":"has-post-thumbnail","6":"product_brand-publishpress","7":"product_cat-personalizacion","8":"product_cat-plugins","9":"product_cat-wordpress-plugins","10":"product_tag-publishpress","11":"member-discount","12":"discount-restricted","14":"first","15":"instock","16":"sale","17":"downloadable","18":"virtual","19":"sold-individually","20":"purchasable","21":"product-type-simple"},"_links":{"self":[{"href":"https:\/\/gpl-love.com\/es\/wp-json\/wp\/v2\/product\/165059","targetHints":{"allow":["GET"]}}],"collection":[{"href":"https:\/\/gpl-love.com\/es\/wp-json\/wp\/v2\/product"}],"about":[{"href":"https:\/\/gpl-love.com\/es\/wp-json\/wp\/v2\/types\/product"}],"replies":[{"embeddable":true,"href":"https:\/\/gpl-love.com\/es\/wp-json\/wp\/v2\/comments?post=165059"}],"wp:featuredmedia":[{"embeddable":true,"href":"https:\/\/gpl-love.com\/es\/wp-json\/wp\/v2\/media\/169363"}],"wp:attachment":[{"href":"https:\/\/gpl-love.com\/es\/wp-json\/wp\/v2\/media?parent=165059"}],"wp:term":[{"taxonomy":"product_brand","embeddable":true,"href":"https:\/\/gpl-love.com\/es\/wp-json\/wp\/v2\/product_brand?post=165059"},{"taxonomy":"product_cat","embeddable":true,"href":"https:\/\/gpl-love.com\/es\/wp-json\/wp\/v2\/product_cat?post=165059"},{"taxonomy":"product_tag","embeddable":true,"href":"https:\/\/gpl-love.com\/es\/wp-json\/wp\/v2\/product_tag?post=165059"}],"curies":[{"name":"wp","href":"https:\/\/api.w.org\/{rel}","templated":true}]}}