{"id":165058,"date":"2025-11-20T00:00:00","date_gmt":"2025-11-20T05:00:00","guid":{"rendered":"https:\/\/gpl-love.com\/es\/producto\/gravity-perks-auto-list-field\/"},"modified":"2026-03-09T08:49:38","modified_gmt":"2026-03-09T13:49:38","slug":"gravity-perks-auto-list-field","status":"publish","type":"product","link":"https:\/\/gpl-love.com\/es\/producto\/gravity-perks-auto-list-field\/","title":{"rendered":"Gravity Perks Auto List Field 1.0.7"},"content":{"rendered":"<h3>Gravity Perks Auto List Field Caracteristicas<\/h3>\n<p>Revolucione su experiencia de creaci\u00f3n de formularios con el Campo de Lista Autom\u00e1tica de Gravity Perks. Dise\u00f1ado espec\u00edficamente para Gravity Forms, este complemento din\u00e1mico agiliza la entrada de datos y mejora la interacci\u00f3n del usuario. Con la funci\u00f3n Campo de Lista Autom\u00e1tica, los usuarios pueden a\u00f1adir o eliminar elementos de la lista f\u00e1cilmente, creando una experiencia fluida tanto para creadores como para remitentes de formularios.<\/p>\n<p>Maximice la eficiencia permitiendo a los usuarios introducir un n\u00famero ilimitado de entradas, ideal para aplicaciones como listas de inventario, registros de eventos o cualquier escenario que requiera una recopilaci\u00f3n de datos flexible. La interfaz intuitiva garantiza que sus formularios no solo sean funcionales, sino tambi\u00e9n f\u00e1ciles de usar, reduciendo la probabilidad de errores.<\/p>\n<p>Integrar el Campo de Lista Autom\u00e1tica de Gravity Perks en su configuraci\u00f3n actual es facil\u00edsimo. Simplemente instale el complemento, active la funci\u00f3n y observe c\u00f3mo su productividad se dispara. Tanto si gestiona una peque\u00f1a empresa como si coordina proyectos a gran escala, esta herramienta se adapta a sus necesidades, garantizando una experiencia personalizada en todo momento.<\/p>\n<ul>\n<li>Genera autom\u00e1ticamente elementos de lista seg\u00fan la entrada del usuario.<\/li>\n<li>Integraci\u00f3n perfecta con Gravity Forms.<\/li>\n<li>Plantillas de elementos de lista personalizables.<\/li>\n<li>Admite el llenado din\u00e1mico de datos de lista.<\/li>\n<li>Permite l\u00f3gica condicional dentro de los elementos de lista.<\/li>\n<li>Compatible con formularios multip\u00e1gina.<\/li>\n<li>Dise\u00f1o adaptable para dispositivos m\u00f3viles y de escritorio.<\/li>\n<li>F\u00e1cil de configurar con una interfaz intuitiva.<\/li>\n<li>Admite listas anidadas para estructuras de datos complejas.<\/li>\n<\/ul>\n","protected":false},"excerpt":{"rendered":"<p>Presentamos Gravity Perks Auto List Field, la soluci\u00f3n definitiva para una gesti\u00f3n fluida de formularios. Este potente plugin mejora tu experiencia con Gravity Forms generando y gestionando autom\u00e1ticamente campos de lista con facilidad. Perfecto para la recopilaci\u00f3n din\u00e1mica de datos, te ahorra tiempo y aumenta la productividad. Con su interfaz intuitiva, puedes configurar y personalizar f\u00e1cilmente los campos de lista seg\u00fan tus necesidades. Mejora tus formularios hoy mismo con Gravity Perks Auto List Field y disfruta de flujos de trabajo optimizados y una mayor precisi\u00f3n de datos. Aprovecha al m\u00e1ximo el potencial de tus Gravity Forms con esta herramienta esencial para una gesti\u00f3n de formularios eficiente y automatizada.<\/p>\n","protected":false},"featured_media":169362,"comment_status":"open","ping_status":"open","template":"","meta":[],"product_brand":[2470],"product_cat":[1214,1206,1211],"product_tag":[2325],"class_list":{"0":"post-165058","1":"product","2":"type-product","3":"status-publish","4":"has-post-thumbnail","6":"product_brand-gravity-perks","7":"product_cat-personalizacion","8":"product_cat-plugins","9":"product_cat-wordpress-plugins","10":"product_tag-gravity-perks","11":"member-discount","12":"discount-restricted","14":"first","15":"instock","16":"sale","17":"downloadable","18":"virtual","19":"sold-individually","20":"purchasable","21":"product-type-simple"},"_links":{"self":[{"href":"https:\/\/gpl-love.com\/es\/wp-json\/wp\/v2\/product\/165058","targetHints":{"allow":["GET"]}}],"collection":[{"href":"https:\/\/gpl-love.com\/es\/wp-json\/wp\/v2\/product"}],"about":[{"href":"https:\/\/gpl-love.com\/es\/wp-json\/wp\/v2\/types\/product"}],"replies":[{"embeddable":true,"href":"https:\/\/gpl-love.com\/es\/wp-json\/wp\/v2\/comments?post=165058"}],"wp:featuredmedia":[{"embeddable":true,"href":"https:\/\/gpl-love.com\/es\/wp-json\/wp\/v2\/media\/169362"}],"wp:attachment":[{"href":"https:\/\/gpl-love.com\/es\/wp-json\/wp\/v2\/media?parent=165058"}],"wp:term":[{"taxonomy":"product_brand","embeddable":true,"href":"https:\/\/gpl-love.com\/es\/wp-json\/wp\/v2\/product_brand?post=165058"},{"taxonomy":"product_cat","embeddable":true,"href":"https:\/\/gpl-love.com\/es\/wp-json\/wp\/v2\/product_cat?post=165058"},{"taxonomy":"product_tag","embeddable":true,"href":"https:\/\/gpl-love.com\/es\/wp-json\/wp\/v2\/product_tag?post=165058"}],"curies":[{"name":"wp","href":"https:\/\/api.w.org\/{rel}","templated":true}]}}