{"id":165057,"date":"2025-09-12T00:00:00","date_gmt":"2025-09-12T05:00:00","guid":{"rendered":"https:\/\/gpl-love.com\/es\/producto\/woocommerce-multiple-email-recipients\/"},"modified":"2026-03-09T08:49:37","modified_gmt":"2026-03-09T13:49:37","slug":"woocommerce-multiple-email-recipients","status":"publish","type":"product","link":"https:\/\/gpl-love.com\/es\/producto\/woocommerce-multiple-email-recipients\/","title":{"rendered":"WooCommerce Multiple Email Recipients 1.2.14"},"content":{"rendered":"<h3>WooCommerce Multiple Email Recipients Caracteristicas<\/h3>\n<p>Mejora la comunicaci\u00f3n de tu tienda WooCommerce con nuestro plugin WooCommerce Multiple Email Recipients. Dise\u00f1ado para una integraci\u00f3n perfecta, este plugin te permite enviar notificaciones de pedidos a m\u00faltiples direcciones de correo electr\u00f3nico sin esfuerzo. Tanto si gestionas una peque\u00f1a empresa como una gran, mantener a tu equipo informado es crucial. Con este plugin, puedes configurar f\u00e1cilmente m\u00faltiples destinatarios para confirmaciones de pedidos, actualizaciones de env\u00edo y m\u00e1s, garantizando que todos est\u00e9n al tanto.<\/p>\n<p>Nuestro plugin WooCommerce Multiple Email Recipients es f\u00e1cil de usar y altamente personalizable. Puedes configurar diferentes destinatarios para diferentes estados de pedido, lo que permite una comunicaci\u00f3n personalizada con todo tu equipo. Esta funci\u00f3n es perfecta para empresas con varios departamentos que necesitan notificaciones espec\u00edficas. La instalaci\u00f3n es sencilla y no requiere programaci\u00f3n, lo que la hace accesible para todos los usuarios de WooCommerce.<\/p>\n<p>Aumenta la eficiencia de tu tienda y garantiza una comunicaci\u00f3n oportuna con nuestro fiable plugin. No te pierdas ninguna actualizaci\u00f3n importante y mejora tu servicio al cliente manteniendo a todos informados.<\/p>\n<ul>\n<li>Compatible con la plataforma WooCommerce<\/li>\n<li>Permite m\u00faltiples destinatarios de correo electr\u00f3nico para notificaciones de pedidos<\/li>\n<li>Admite a\u00f1adir destinatarios CC y CCO<\/li>\n<li>Interfaz intuitiva para gestionar la configuraci\u00f3n de correo electr\u00f3nico<\/li>\n<li>Plantillas de correo electr\u00f3nico personalizables<\/li>\n<li>Integraci\u00f3n perfecta con la configuraci\u00f3n de WooCommerce<\/li>\n<li>Opci\u00f3n para configurar diferentes destinatarios para distintos estados de pedido<\/li>\n<li>Mejora la comunicaci\u00f3n con clientes y miembros del equipo<\/li>\n<li>Ofrece flexibilidad para las operaciones comerciales<\/li>\n<li>Actualizaciones peri\u00f3dicas y soporte para la compatibilidad con las nuevas versiones de WooCommerce<\/li>\n<\/ul>\n","protected":false},"excerpt":{"rendered":"<p>Presentamos nuestro revolucionario plugin WooCommerce para M\u00faltiples Destinatarios de Correo Electr\u00f3nico, dise\u00f1ado para optimizar la comunicaci\u00f3n de tu tienda online. Configura f\u00e1cilmente tu tienda WooCommerce para enviar notificaciones de pedidos a m\u00faltiples direcciones de correo electr\u00f3nico, garantizando una coordinaci\u00f3n fluida entre tu equipo. Este plugin intuitivo admite un n\u00famero ilimitado de destinatarios de correo electr\u00f3nico, lo que te permite optimizar las operaciones y mejorar la atenci\u00f3n al cliente. Perfecto para empresas de todos los tama\u00f1os, se integra f\u00e1cilmente con tu configuraci\u00f3n actual de WooCommerce.<\/p>\n","protected":false},"featured_media":169361,"comment_status":"open","ping_status":"open","template":"","meta":[],"product_brand":[2422],"product_cat":[1207,1225,1206],"product_tag":[1660],"class_list":{"0":"post-165057","1":"product","2":"type-product","3":"status-publish","4":"has-post-thumbnail","6":"product_brand-barn2","7":"product_cat-comercio-electronico-plugins","8":"product_cat-marketing","9":"product_cat-plugins","10":"product_tag-barn2","11":"member-discount","12":"discount-restricted","14":"first","15":"instock","16":"sale","17":"downloadable","18":"virtual","19":"sold-individually","20":"purchasable","21":"product-type-simple"},"_links":{"self":[{"href":"https:\/\/gpl-love.com\/es\/wp-json\/wp\/v2\/product\/165057","targetHints":{"allow":["GET"]}}],"collection":[{"href":"https:\/\/gpl-love.com\/es\/wp-json\/wp\/v2\/product"}],"about":[{"href":"https:\/\/gpl-love.com\/es\/wp-json\/wp\/v2\/types\/product"}],"replies":[{"embeddable":true,"href":"https:\/\/gpl-love.com\/es\/wp-json\/wp\/v2\/comments?post=165057"}],"wp:featuredmedia":[{"embeddable":true,"href":"https:\/\/gpl-love.com\/es\/wp-json\/wp\/v2\/media\/169361"}],"wp:attachment":[{"href":"https:\/\/gpl-love.com\/es\/wp-json\/wp\/v2\/media?parent=165057"}],"wp:term":[{"taxonomy":"product_brand","embeddable":true,"href":"https:\/\/gpl-love.com\/es\/wp-json\/wp\/v2\/product_brand?post=165057"},{"taxonomy":"product_cat","embeddable":true,"href":"https:\/\/gpl-love.com\/es\/wp-json\/wp\/v2\/product_cat?post=165057"},{"taxonomy":"product_tag","embeddable":true,"href":"https:\/\/gpl-love.com\/es\/wp-json\/wp\/v2\/product_tag?post=165057"}],"curies":[{"name":"wp","href":"https:\/\/api.w.org\/{rel}","templated":true}]}}