{"id":165056,"date":"2025-11-10T00:00:00","date_gmt":"2025-11-10T05:00:00","guid":{"rendered":"https:\/\/gpl-love.com\/es\/producto\/gravity-perks-pay-per-word\/"},"modified":"2026-03-09T08:49:36","modified_gmt":"2026-03-09T13:49:36","slug":"gravity-perks-pay-per-word","status":"publish","type":"product","link":"https:\/\/gpl-love.com\/es\/producto\/gravity-perks-pay-per-word\/","title":{"rendered":"Gravity Perks Pay Per Word 1.2.6"},"content":{"rendered":"<h3>Gravity Perks Pay Per Word Caracteristicas<\/h3>\n<p>Presentamos Gravity Perks Pago Por Palabra, la soluci\u00f3n definitiva para la fijaci\u00f3n din\u00e1mica de precios de contenido en tu sitio web de WordPress. Aprovecha el poder de la facturaci\u00f3n flexible con esta integraci\u00f3n perfecta para Gravity Forms. Tanto si eres escritor freelance, creador de contenido como si ofreces servicios personalizados, nuestro plugin te garantiza un pago justo por cada palabra.<\/p>\n<p>Con Gravity Perks Pago Por Palabra, puedes establecer modelos de precios precisos y adaptados a tus necesidades. Simplemente define el coste por palabra y deja que nuestro plugin se encargue de los c\u00e1lculos, garantizando una facturaci\u00f3n transparente y precisa para tus clientes.<\/p>\n<p>Nuestra interfaz intuitiva facilita la configuraci\u00f3n y la gesti\u00f3n de tus estrategias de precios directamente en Gravity Forms. Adem\u00e1s, con vistas previas en tiempo real, t\u00fa y tus clientes pueden ver la actualizaci\u00f3n de costes a medida que se introduce el contenido, lo que garantiza claridad y confianza.<\/p>\n<p>Perfecto para escritores freelance, editores y agencias creativas, Gravity Perks Pago Por Palabra revoluciona la forma de monetizar tu trabajo. Empieza a maximizar tus ingresos hoy mismo con una herramienta dise\u00f1ada para mejorar la productividad y la rentabilidad.<\/p>\n<ul>\n<li>Integraci\u00f3n con WordPress y Gravity Forms<\/li>\n<li>Cobros por palabra<\/li>\n<li>Precios por palabra personalizables<\/li>\n<li>Visualizaci\u00f3n del recuento de palabras en tiempo real<\/li>\n<li>Compatibilidad con m\u00faltiples divisas<\/li>\n<li>Compatibilidad con l\u00f3gica condicional<\/li>\n<li>Informes detallados de transacciones<\/li>\n<li>F\u00e1cil configuraci\u00f3n<\/li>\n<li>Compatible con otras funciones de Gravity Perks<\/li>\n<li>F\u00e1cil de usar para desarrolladores, con ganchos y filtros<\/li>\n<\/ul>\n","protected":false},"excerpt":{"rendered":"<p>Presentamos Gravity Perks Pay Per Word, la soluci\u00f3n definitiva para la monetizaci\u00f3n din\u00e1mica de contenido. Dise\u00f1ado para creadores y empresas, este innovador plugin de WordPress se integra a la perfecci\u00f3n con Gravity Forms, lo que te permite establecer precios flexibles seg\u00fan el n\u00famero de palabras. Aumenta tus ingresos cobrando por palabra por contenido premium, garantizando una compensaci\u00f3n justa por tu esfuerzo. Con una configuraci\u00f3n intuitiva y una interfaz intuitiva, Gravity Perks Pay Per Word te permite maximizar tus ganancias y mejorar la experiencia del usuario. Transforma tu sitio web en una potente herramienta de monetizaci\u00f3n hoy mismo y atrae a m\u00e1s clientes con esta soluci\u00f3n eficiente y personalizable.<\/p>\n","protected":false},"featured_media":169360,"comment_status":"open","ping_status":"open","template":"","meta":[],"product_brand":[2470],"product_cat":[1214,1206,1211],"product_tag":[2325],"class_list":{"0":"post-165056","1":"product","2":"type-product","3":"status-publish","4":"has-post-thumbnail","6":"product_brand-gravity-perks","7":"product_cat-personalizacion","8":"product_cat-plugins","9":"product_cat-wordpress-plugins","10":"product_tag-gravity-perks","11":"member-discount","12":"discount-restricted","14":"first","15":"instock","16":"sale","17":"downloadable","18":"virtual","19":"sold-individually","20":"purchasable","21":"product-type-simple"},"_links":{"self":[{"href":"https:\/\/gpl-love.com\/es\/wp-json\/wp\/v2\/product\/165056","targetHints":{"allow":["GET"]}}],"collection":[{"href":"https:\/\/gpl-love.com\/es\/wp-json\/wp\/v2\/product"}],"about":[{"href":"https:\/\/gpl-love.com\/es\/wp-json\/wp\/v2\/types\/product"}],"replies":[{"embeddable":true,"href":"https:\/\/gpl-love.com\/es\/wp-json\/wp\/v2\/comments?post=165056"}],"wp:featuredmedia":[{"embeddable":true,"href":"https:\/\/gpl-love.com\/es\/wp-json\/wp\/v2\/media\/169360"}],"wp:attachment":[{"href":"https:\/\/gpl-love.com\/es\/wp-json\/wp\/v2\/media?parent=165056"}],"wp:term":[{"taxonomy":"product_brand","embeddable":true,"href":"https:\/\/gpl-love.com\/es\/wp-json\/wp\/v2\/product_brand?post=165056"},{"taxonomy":"product_cat","embeddable":true,"href":"https:\/\/gpl-love.com\/es\/wp-json\/wp\/v2\/product_cat?post=165056"},{"taxonomy":"product_tag","embeddable":true,"href":"https:\/\/gpl-love.com\/es\/wp-json\/wp\/v2\/product_tag?post=165056"}],"curies":[{"name":"wp","href":"https:\/\/api.w.org\/{rel}","templated":true}]}}