{"id":165054,"date":"2025-10-23T00:00:00","date_gmt":"2025-10-23T05:00:00","guid":{"rendered":"https:\/\/gpl-love.com\/es\/producto\/wpforms-user-journey\/"},"modified":"2026-03-09T08:49:33","modified_gmt":"2026-03-09T13:49:33","slug":"wpforms-user-journey","status":"publish","type":"product","link":"https:\/\/gpl-love.com\/es\/producto\/wpforms-user-journey\/","title":{"rendered":"WPForms User Journey 1.5.0"},"content":{"rendered":"<h3>WPForms User Journey Caracteristicas<\/h3>\n<p>Presentamos el complemento WPForms User Journey, una potente herramienta dise\u00f1ada para revolucionar la forma de comprender y mejorar la experiencia de usuario de su sitio web. Esta intuitiva soluci\u00f3n se integra a la perfecci\u00f3n con WPForms para ofrecer datos valiosos sobre las interacciones de los usuarios, lo que le ayuda a optimizar el rendimiento de su sitio con precisi\u00f3n.<\/p>\n<p>Con WPForms User Journey, puede rastrear f\u00e1cilmente el comportamiento del usuario desde su primera interacci\u00f3n hasta la conversi\u00f3n final. Obtenga una comprensi\u00f3n completa de c\u00f3mo los visitantes navegan por sus formularios, identificando posibles puntos de abandono y oportunidades de mejora. Esta funci\u00f3n es esencial para las empresas que buscan aumentar las tasas de conversi\u00f3n y mejorar la satisfacci\u00f3n del cliente.<\/p>\n<p>Dise\u00f1ado para una integraci\u00f3n perfecta, WPForms User Journey es f\u00e1cil de usar y no requiere conocimientos t\u00e9cnicos para su configuraci\u00f3n. Simplemente instale el complemento y comience a obtener informaci\u00f3n valiosa que le permitir\u00e1 tomar decisiones basadas en datos. Ya sea que tenga una tienda de comercio electr\u00f3nico, un proveedor de servicios o un creador de contenido, esta herramienta le permite adaptar sus estrategias para satisfacer las necesidades de los usuarios de manera eficaz.<\/p>\n<ul>\n<li>Representaci\u00f3n visual de las interacciones del usuario<\/li>\n<li>Seguimiento detallado de la actividad del usuario<\/li>\n<li>Integraci\u00f3n con WPForms para una captura de datos fluida<\/li>\n<li>Mapeo de recorrido personalizable<\/li>\n<li>An\u00e1lisis e informaci\u00f3n en tiempo real<\/li>\n<li>Segmentaci\u00f3n de usuarios<\/li>\n<li>Interfaz intuitiva<\/li>\n<li>Compatibilidad con WordPress<\/li>\n<li>Opciones de exportaci\u00f3n de datos<\/li>\n<li>An\u00e1lisis mejorado del rendimiento de los formularios<\/li>\n<\/ul>\n","protected":false},"excerpt":{"rendered":"<p>Presentamos WPForms, la herramienta definitiva para optimizar la experiencia del usuario. Dise\u00f1ado para agilizar el proceso, WPForms ofrece una interfaz intuitiva de arrastrar y soltar, que facilita la creaci\u00f3n de formularios. Descubre c\u00f3mo WPForms puede transformar la experiencia de tu sitio web, guiando a los visitantes de principio a fin. Con funciones como notificaciones en tiempo real y l\u00f3gica condicional inteligente, puedes optimizar la interacci\u00f3n y las tasas de conversi\u00f3n. Tanto si eres una peque\u00f1a empresa como una gran corporaci\u00f3n, WPForms se adapta a tus necesidades, garantizando una experiencia de usuario fluida que aumenta la satisfacci\u00f3n y los resultados.<\/p>\n","protected":false},"featured_media":169358,"comment_status":"open","ping_status":"open","template":"","meta":[],"product_brand":[2628],"product_cat":[1216,1206,1211],"product_tag":[1440],"class_list":{"0":"post-165054","1":"product","2":"type-product","3":"status-publish","4":"has-post-thumbnail","6":"product_brand-wp-forms","7":"product_cat-formas","8":"product_cat-plugins","9":"product_cat-wordpress-plugins","10":"product_tag-wp-forms","11":"member-discount","12":"discount-restricted","14":"first","15":"instock","16":"sale","17":"downloadable","18":"virtual","19":"sold-individually","20":"purchasable","21":"product-type-simple"},"_links":{"self":[{"href":"https:\/\/gpl-love.com\/es\/wp-json\/wp\/v2\/product\/165054","targetHints":{"allow":["GET"]}}],"collection":[{"href":"https:\/\/gpl-love.com\/es\/wp-json\/wp\/v2\/product"}],"about":[{"href":"https:\/\/gpl-love.com\/es\/wp-json\/wp\/v2\/types\/product"}],"replies":[{"embeddable":true,"href":"https:\/\/gpl-love.com\/es\/wp-json\/wp\/v2\/comments?post=165054"}],"wp:featuredmedia":[{"embeddable":true,"href":"https:\/\/gpl-love.com\/es\/wp-json\/wp\/v2\/media\/169358"}],"wp:attachment":[{"href":"https:\/\/gpl-love.com\/es\/wp-json\/wp\/v2\/media?parent=165054"}],"wp:term":[{"taxonomy":"product_brand","embeddable":true,"href":"https:\/\/gpl-love.com\/es\/wp-json\/wp\/v2\/product_brand?post=165054"},{"taxonomy":"product_cat","embeddable":true,"href":"https:\/\/gpl-love.com\/es\/wp-json\/wp\/v2\/product_cat?post=165054"},{"taxonomy":"product_tag","embeddable":true,"href":"https:\/\/gpl-love.com\/es\/wp-json\/wp\/v2\/product_tag?post=165054"}],"curies":[{"name":"wp","href":"https:\/\/api.w.org\/{rel}","templated":true}]}}