{"id":164965,"date":"2026-05-05T00:00:00","date_gmt":"2026-05-05T05:00:00","guid":{"rendered":"https:\/\/gpl-love.com\/es\/producto\/acpt\/"},"modified":"2026-05-05T11:17:08","modified_gmt":"2026-05-05T16:17:08","slug":"acpt","status":"publish","type":"product","link":"https:\/\/gpl-love.com\/es\/producto\/acpt\/","title":{"rendered":"ACPT Advanced Custom Post Types 2.0.61"},"content":{"rendered":"<h3>ACPT Advanced Custom Post Types Caracteristicas<\/h3>\n<p>Aprovecha al m\u00e1ximo el potencial de tu sitio web de WordPress con tipos de entradas personalizados avanzados. Optimiza tu estrategia de contenido explorando las amplias funciones de tipos de entradas personalizados, dise\u00f1adas para optimizar la funcionalidad de tu sitio web. Tanto si eres nuevo en la creaci\u00f3n de tipos de entradas personalizados en WordPress como si ya eres un experto, nuestras completas gu\u00edas y tutoriales te ofrecen instrucciones paso a paso para simplificar el proceso.<\/p>\n<p>Ad\u00e9ntrate en el mundo de los tipos de entradas avanzados de WordPress para crear contenido \u00fanico y atractivo que destaque. Nuestros consejos de expertos sobre la optimizaci\u00f3n de tipos de entradas de WordPress garantizan que tu sitio est\u00e9 preparado para los motores de b\u00fasqueda, aumentando la visibilidad y el tr\u00e1fico. Descubre los secretos para optimizar los tipos de entradas personalizados para SEO y observa c\u00f3mo tu sitio web escala posiciones.<\/p>\n<ul>\n<li>Gesti\u00f3n flexible de contenido<\/li>\n<li>Creaci\u00f3n de campos personalizados<\/li>\n<li>Interfaz intuitiva<\/li>\n<li>Opciones de filtrado avanzadas<\/li>\n<li>Integraci\u00f3n fluida con temas<\/li>\n<li>Compatibilidad con varios formatos de publicaci\u00f3n<\/li>\n<li>L\u00f3gica condicional para campos<\/li>\n<li>Funcionalidad de importaci\u00f3n\/exportaci\u00f3n<\/li>\n<li>F\u00e1cil de usar para desarrolladores con amplios ganchos<\/li>\n<li>Dise\u00f1o responsivo para compatibilidad con dispositivos m\u00f3viles<\/li>\n<\/ul>\n","protected":false},"excerpt":{"rendered":"<p>Presentamos nuestra gu\u00eda completa para dominar los tipos de entradas personalizados avanzados en WordPress. Aprovecha al m\u00e1ximo el potencial de tu sitio web con la ayuda de expertos sobre c\u00f3mo crear tipos de entradas personalizados en WordPress y optimizarlos para SEO. Nuestros tutoriales abarcan las funciones avanzadas de los tipos de entradas en WordPress y ofrecen consejos esenciales para su implementaci\u00f3n. Descubre las ventajas de la gesti\u00f3n avanzada de contenido en WordPress y aprende a mejorar la funcionalidad y la visibilidad de tu sitio web en los buscadores. Perfecta para desarrolladores y creadores de contenido, esta gu\u00eda te garantiza maximizar el potencial de los tipos de entradas personalizados de WordPress para una presencia online m\u00e1s din\u00e1mica.<\/p>\n","protected":false},"featured_media":169357,"comment_status":"open","ping_status":"open","template":"","meta":[],"product_brand":[2699],"product_cat":[1214,1206,1211],"product_tag":[2700],"class_list":{"0":"post-164965","1":"product","2":"type-product","3":"status-publish","4":"has-post-thumbnail","6":"product_brand-acpt","7":"product_cat-personalizacion","8":"product_cat-plugins","9":"product_cat-wordpress-plugins","10":"product_tag-acpt","11":"member-discount","12":"discount-restricted","14":"first","15":"instock","16":"sale","17":"downloadable","18":"virtual","19":"sold-individually","20":"purchasable","21":"product-type-simple"},"_links":{"self":[{"href":"https:\/\/gpl-love.com\/es\/wp-json\/wp\/v2\/product\/164965","targetHints":{"allow":["GET"]}}],"collection":[{"href":"https:\/\/gpl-love.com\/es\/wp-json\/wp\/v2\/product"}],"about":[{"href":"https:\/\/gpl-love.com\/es\/wp-json\/wp\/v2\/types\/product"}],"replies":[{"embeddable":true,"href":"https:\/\/gpl-love.com\/es\/wp-json\/wp\/v2\/comments?post=164965"}],"wp:featuredmedia":[{"embeddable":true,"href":"https:\/\/gpl-love.com\/es\/wp-json\/wp\/v2\/media\/169357"}],"wp:attachment":[{"href":"https:\/\/gpl-love.com\/es\/wp-json\/wp\/v2\/media?parent=164965"}],"wp:term":[{"taxonomy":"product_brand","embeddable":true,"href":"https:\/\/gpl-love.com\/es\/wp-json\/wp\/v2\/product_brand?post=164965"},{"taxonomy":"product_cat","embeddable":true,"href":"https:\/\/gpl-love.com\/es\/wp-json\/wp\/v2\/product_cat?post=164965"},{"taxonomy":"product_tag","embeddable":true,"href":"https:\/\/gpl-love.com\/es\/wp-json\/wp\/v2\/product_tag?post=164965"}],"curies":[{"name":"wp","href":"https:\/\/api.w.org\/{rel}","templated":true}]}}